{"id":21620,"date":"2025-08-28T14:16:54","date_gmt":"2025-08-28T14:16:54","guid":{"rendered":"https:\/\/bmp.al\/?page_id=21620"},"modified":"2025-09-16T10:11:30","modified_gmt":"2025-09-16T10:11:30","slug":"struktura-mbeshtetese","status":"publish","type":"page","link":"https:\/\/bmp.al\/en\/struktura-mbeshtetese\/","title":{"rendered":"Supporting Structure"},"content":{"rendered":"<div data-elementor-type=\"wp-page\" data-elementor-id=\"21620\" class=\"elementor elementor-21620\">\n\t\t\t\t<div class=\"elementor-element elementor-element-ab93d0b e-flex e-con-boxed e-con e-parent\" data-id=\"ab93d0b\" data-element_type=\"container\" data-e-type=\"container\">\n\t\t\t\t\t<div class=\"e-con-inner\">\n\t\t\t\t<div class=\"elementor-element elementor-element-b3b263c elementor-widget elementor-widget-heading\" data-id=\"b3b263c\" data-element_type=\"widget\" data-e-type=\"widget\" data-widget_type=\"heading.default\">\n\t\t\t\t\t<h2 class=\"elementor-heading-title elementor-size-default\">Supporting Structure<\/h2>\t\t\t\t<\/div>\n\t\t\t\t<div class=\"elementor-element elementor-element-edc0a88 elementor-widget elementor-widget-text-editor\" data-id=\"edc0a88\" data-element_type=\"widget\" data-e-type=\"widget\" data-widget_type=\"text-editor.default\">\n\t\t\t\t\t\t\t\t\t<p>In fulfilling its functions, the <strong>Public Oversight Board<\/strong> is assisted by the <strong>Supporting Structure<\/strong> which is led by the Executive Director <strong><span style=\"color: #8c1035;\">Ms. Erjola Vejzati<\/span><\/strong>.<br \/>The Supporting Structure is composed of senior inspectors for quality assurance control and administrative staff, who possess considerable experience in the field of statutory audit, financial reporting, expertise in quality control of statutory audit, the legal framework, as well as areas related to anti\u2013money laundering, international education standards, and other relevant fields.<\/p>\t\t\t\t\t\t\t\t<\/div>\n\t\t\t\t<div class=\"elementor-element elementor-element-cd8d365 elementor-widget elementor-widget-heading\" data-id=\"cd8d365\" data-element_type=\"widget\" data-e-type=\"widget\" data-widget_type=\"heading.default\">\n\t\t\t\t\t<h2 class=\"elementor-heading-title elementor-size-default\">Organizational Structure<\/h2>\t\t\t\t<\/div>\n\t\t\t\t\t<\/div>\n\t\t\t\t<\/div>\n\t\t<div class=\"elementor-element elementor-element-cae1b38 e-flex e-con-boxed e-con e-parent\" data-id=\"cae1b38\" data-element_type=\"container\" data-e-type=\"container\">\n\t\t\t\t\t<div class=\"e-con-inner\">\n\t\t<div class=\"elementor-element elementor-element-31b4c26 e-con-full e-flex e-con e-child\" data-id=\"31b4c26\" data-element_type=\"container\" data-e-type=\"container\">\n\t\t\t\t<div class=\"elementor-element elementor-element-f9b90bd elementor-widget elementor-widget-image\" data-id=\"f9b90bd\" data-element_type=\"widget\" data-e-type=\"widget\" data-widget_type=\"image.default\">\n\t\t\t\t\t\t\t\t\t\t\t\t\t\t\t<img fetchpriority=\"high\" decoding=\"async\" width=\"800\" height=\"600\" src=\"https:\/\/bmp.al\/wp-content\/uploads\/2025\/09\/OK.jpg\" class=\"attachment-large size-large wp-image-21928\" alt=\"\" srcset=\"https:\/\/bmp.al\/wp-content\/uploads\/2025\/09\/OK.jpg 1024w, https:\/\/bmp.al\/wp-content\/uploads\/2025\/09\/OK-300x225.jpg 300w, https:\/\/bmp.al\/wp-content\/uploads\/2025\/09\/OK-768x576.jpg 768w\" sizes=\"(max-width: 800px) 100vw, 800px\" \/>\t\t\t\t\t\t\t\t\t\t\t\t\t\t\t<\/div>\n\t\t\t\t<\/div>\n\t\t<div class=\"elementor-element elementor-element-a66a3cb e-con-full e-flex e-con e-child\" data-id=\"a66a3cb\" data-element_type=\"container\" data-e-type=\"container\">\n\t\t\t\t<\/div>\n\t\t\t\t\t<\/div>\n\t\t\t\t<\/div>\n\t\t\t\t<\/div>","protected":false},"excerpt":{"rendered":"<p>Struktura Mb\u00ebshtet\u00ebse N\u00eb p\u00ebrmbushjen e funksioneve t\u00eb veta, Bordi i Mbik\u00ebqyrjes Publike asistohet nga Struktura Mb\u00ebshtet\u00ebse dhe drejtohet nga Drejtori Ekzekutiv znj.Erjola Vejzati.Struktura Mb\u00ebshtet\u00ebse p\u00ebrb\u00ebhet nga inspektor\u00ebt e lart\u00eb t\u00eb kontrollit t\u00eb sigurimit t\u00eb cil\u00ebsis\u00eb dhe stafi administrativ, q\u00eb kan\u00eb eksperienc\u00eb t\u00eb konsiderueshme n\u00eb fush\u00ebn e auditimit ligjor, raportimit financiar dhe ekspertiz\u00ebs n\u00eb kontrollin e [&hellip;]<\/p>\n","protected":false},"author":1,"featured_media":0,"parent":0,"menu_order":0,"comment_status":"closed","ping_status":"closed","template":"elementor_header_footer","meta":{"footnotes":""},"class_list":["post-21620","page","type-page","status-publish","hentry"],"_links":{"self":[{"href":"https:\/\/bmp.al\/en\/wp-json\/wp\/v2\/pages\/21620","targetHints":{"allow":["GET"]}}],"collection":[{"href":"https:\/\/bmp.al\/en\/wp-json\/wp\/v2\/pages"}],"about":[{"href":"https:\/\/bmp.al\/en\/wp-json\/wp\/v2\/types\/page"}],"author":[{"embeddable":true,"href":"https:\/\/bmp.al\/en\/wp-json\/wp\/v2\/users\/1"}],"replies":[{"embeddable":true,"href":"https:\/\/bmp.al\/en\/wp-json\/wp\/v2\/comments?post=21620"}],"version-history":[{"count":22,"href":"https:\/\/bmp.al\/en\/wp-json\/wp\/v2\/pages\/21620\/revisions"}],"predecessor-version":[{"id":21951,"href":"https:\/\/bmp.al\/en\/wp-json\/wp\/v2\/pages\/21620\/revisions\/21951"}],"wp:attachment":[{"href":"https:\/\/bmp.al\/en\/wp-json\/wp\/v2\/media?parent=21620"}],"curies":[{"name":"wp","href":"https:\/\/api.w.org\/{rel}","templated":true}]}}