{"id":21613,"date":"2025-08-28T14:07:03","date_gmt":"2025-08-28T14:07:03","guid":{"rendered":"https:\/\/bmp.al\/?page_id=21613"},"modified":"2026-03-09T09:33:18","modified_gmt":"2026-03-09T09:33:18","slug":"organet-drejtuese","status":"publish","type":"page","link":"https:\/\/bmp.al\/en\/organet-drejtuese\/","title":{"rendered":"Governing Bodies"},"content":{"rendered":"<div data-elementor-type=\"wp-page\" data-elementor-id=\"21613\" class=\"elementor elementor-21613\">\n\t\t\t\t<div class=\"elementor-element elementor-element-978ad0c e-flex e-con-boxed e-con e-parent\" data-id=\"978ad0c\" data-element_type=\"container\" data-e-type=\"container\">\n\t\t\t\t\t<div class=\"e-con-inner\">\n\t\t\t\t<div class=\"elementor-element elementor-element-31a5cd4 elementor-widget elementor-widget-text-editor\" data-id=\"31a5cd4\" data-element_type=\"widget\" data-e-type=\"widget\" data-widget_type=\"text-editor.default\">\n\t\t\t\t\t\t\t\t\t<h3><span style=\"color: #8c1035;\">Governing Bodies of the Public Oversight Board<\/span><\/h3><p>The governing bodies of the Public Oversight Board consist of the Chairperson, the Board Members, the Executive Director, and the supporting structure.<br \/>The Board Members are appointed by the Minister of Finance for a 4-year mandate, with the right of reappointment not exceeding two consecutive terms.<\/p><h3><span style=\"color: #8c1035;\">Board Members<\/span><\/h3><p>P\u00ebrb\u00ebrja e Bordit t\u00eb Mbik\u00ebqyrjes Publike, miratuar me Urdh\u00ebr t\u00eb Ministrit t\u00eb Financave nr. 153\/3, dat\u00eb 27.02.2026 \u201cP\u00cbR EM\u00cbRIMIN E AN\u00cbTAR\u00cbVE T\u00cb BORDIT T\u00cb MBIK\u00cbQYRJES PUBLIKE\u201d, \u00ebsht\u00eb si m\u00eb posht\u00eb:<\/p><p><strong>Elira HOXHA \u2013 <span style=\"color: #8c1035;\">Kryetare<\/span><\/strong><br \/><strong>Dorida MARKU \u2013 <span style=\"color: #8c1035;\">Member<\/span><\/strong><br \/><strong>Sanije TAFA \u2013 <span style=\"color: #8c1035;\">Member<\/span><\/strong><br \/><strong>Enslemvera ZAKE \u2013 <span style=\"color: #8c1035;\">Member<\/span><\/strong><br \/><strong>Lirim SULAJ \u2013 <span style=\"color: #8c1035;\">Member<\/span><\/strong><\/p>\t\t\t\t\t\t\t\t<\/div>\n\t\t\t\t\t<\/div>\n\t\t\t\t<\/div>\n\t\t\t\t<\/div>","protected":false},"excerpt":{"rendered":"<p>Organet drejtuese t\u00eb Bordit t\u00eb Mbik\u00ebqyrjes Publike Organet e Bordit t\u00eb Mbik\u00ebqyrjes Publike p\u00ebrb\u00ebhen nga kryetari, an\u00ebtar\u00ebt e bordit, drejtori ekzekutiv dhe struktura mb\u00ebshtet\u00ebse.An\u00ebtar\u00ebt e Bordit em\u00ebrohen nga Ministri i Financave, me nj\u00eb mandat 4-vje\u00e7ar, me t\u00eb drejt\u00eb rizgjedhjeje jo m\u00eb shum\u00eb se dy her\u00eb. An\u00ebtar\u00ebt e Bordit P\u00ebrb\u00ebrja e Bordit t\u00eb Mbik\u00ebqyrjes Publike, miratuar [&hellip;]<\/p>\n","protected":false},"author":1,"featured_media":0,"parent":0,"menu_order":0,"comment_status":"closed","ping_status":"closed","template":"elementor_header_footer","meta":{"footnotes":""},"class_list":["post-21613","page","type-page","status-publish","hentry"],"_links":{"self":[{"href":"https:\/\/bmp.al\/en\/wp-json\/wp\/v2\/pages\/21613","targetHints":{"allow":["GET"]}}],"collection":[{"href":"https:\/\/bmp.al\/en\/wp-json\/wp\/v2\/pages"}],"about":[{"href":"https:\/\/bmp.al\/en\/wp-json\/wp\/v2\/types\/page"}],"author":[{"embeddable":true,"href":"https:\/\/bmp.al\/en\/wp-json\/wp\/v2\/users\/1"}],"replies":[{"embeddable":true,"href":"https:\/\/bmp.al\/en\/wp-json\/wp\/v2\/comments?post=21613"}],"version-history":[{"count":10,"href":"https:\/\/bmp.al\/en\/wp-json\/wp\/v2\/pages\/21613\/revisions"}],"predecessor-version":[{"id":22983,"href":"https:\/\/bmp.al\/en\/wp-json\/wp\/v2\/pages\/21613\/revisions\/22983"}],"wp:attachment":[{"href":"https:\/\/bmp.al\/en\/wp-json\/wp\/v2\/media?parent=21613"}],"curies":[{"name":"wp","href":"https:\/\/api.w.org\/{rel}","templated":true}]}}