{"id":20425,"date":"2025-07-16T12:33:51","date_gmt":"2025-07-16T12:33:51","guid":{"rendered":"https:\/\/bmp.al\/?page_id=20425"},"modified":"2025-10-02T08:56:48","modified_gmt":"2025-10-02T08:56:48","slug":"sezoni-2018","status":"publish","type":"page","link":"https:\/\/bmp.al\/en\/sezoni-2018\/","title":{"rendered":"Season 2018"},"content":{"rendered":"<div data-elementor-type=\"wp-page\" data-elementor-id=\"20425\" class=\"elementor elementor-20425\">\n\t\t\t\t<div class=\"elementor-element elementor-element-0ef3fb3 e-flex e-con-boxed e-con e-parent\" data-id=\"0ef3fb3\" data-element_type=\"container\" data-e-type=\"container\">\n\t\t\t\t\t<div class=\"e-con-inner\">\n\t\t\t\t<div class=\"elementor-element elementor-element-ed942a2 elementor-widget elementor-widget-heading\" data-id=\"ed942a2\" data-element_type=\"widget\" data-e-type=\"widget\" data-widget_type=\"heading.default\">\n\t\t\t\t\t<h1 class=\"elementor-heading-title elementor-size-default\">Season 2018<\/h1>\t\t\t\t<\/div>\n\t\t\t\t<div class=\"elementor-element elementor-element-76813ba elementor-widget elementor-widget-text-editor\" data-id=\"76813ba\" data-element_type=\"widget\" data-e-type=\"widget\" data-widget_type=\"text-editor.default\">\n\t\t\t\t\t\t\t\t\t<div><ul><li>Winners of the Examination dated 22.09.2018<\/li><\/ul><\/div><div>List of Winners of the Examination for AA (Approved Accountant) and SA (Statutory Auditor), dated 22.09.2018, \u201cPractical application of legislation on civil law, criminal law, commercial law, and labor law in the Republic of Albania, insofar as they relate to the profession of statutory audit of financial statements.\u201d<\/div><div>\u00a0<\/div><div>Note: Based on Regulation No. 6 dated 31.05.2018, Article 12, point 2: The list of winners is published according to the initials of the first and last name and the personal ID card number, without letters, and arranged randomly. (For example, if the successful candidate\u2019s name is John Smith and the personal ID card number is X20304050Y, the publication in the winners\u2019 list will appear as: JS20304050).<\/div><div>\u00a0<\/div><div><a href=\"https:\/\/bmp.al\/wp-content\/uploads\/2025\/07\/Lista-e-pikeve-provimi-22_09_2018.pdf\">See the winners\u2019 list<\/a><\/div><div><ul><li>Exam Reminder 22.09.2018 \u00a0<a href=\"https:\/\/bmp.al\/wp-content\/uploads\/2025\/07\/Kujtesa-provimi-22_09_2018.pdf\">Click here<\/a><\/li><\/ul><\/div><div><ul><li>Examination Program for 2018<\/li><li><a href=\"https:\/\/bmp.al\/wp-content\/uploads\/2025\/07\/Programi-i-provimeve-per-AL-dhe-KM-sezoni-2018.pdf\">Professional<\/a>\u00a0Skills Examination Program for 2018<\/li><li>For appeals related to the examination process \u201cReporting and preparation of financial statements, according to national and international financial reporting standards\u201d:<\/li><\/ul><\/div><div>\u00a0<\/div><div>Based on Regulation No. 6 dated 31.05.2018 \u201cOn testing procedures and the evaluation system in the professional skills examination for SA and AA candidates,\u201d candidates have the right to appeal the examination result within two working days from the publication of the results.<\/div><div>The appeal must be submitted in writing to the technical secretariat of the PSEC, with a copy to the POB, or directly to the supporting structure of the POB.<\/div><div>Review fees for the professional skills examinations for Statutory Auditors and Approved Accountants, by discipline for 2018, approved by decision of the POB are\u2026(<a href=\"https:\/\/bmp.al\/wp-content\/uploads\/2025\/07\/Tarifat-e-rishikimit-2018.pdf\">click here<\/a>)<\/div><div>\u00a0<\/div><div>The payment of the review fee is made into the bank account of the POB.<\/div><div><ul><li>Examination Schedule for 2018<\/li><\/ul><\/div><div>The Professional Skills Examination Commission has approved the examination calendar for 2018.<\/div><div>\u00a0<\/div><div><a href=\"https:\/\/bmp.al\/wp-content\/uploads\/2025\/07\/Grafiku-i-provimeve-2018.pdf\">Examination Schedule<\/a><\/div><div><ul><li>Winners of the Examination dated 11.07.2018<\/li><\/ul><\/div><div><a href=\"https:\/\/bmp.a\/wp-content\/uploads\/2025\/07\/Lista-me-fituesit-e-provimit-te-dates-25-Qershor-2018.pdf\">List<\/a>\u00a0of Winners of the Examination for AA and SA, dated 11.07.2018, \u201cReporting and preparation of financial statements, according to national and international financial reporting standards.\u201d<\/div><div><ul><li>Winners of the Examination dated 25.06.2018<\/li><\/ul><\/div><div><a href=\"https:\/\/bmp.a\/wp-content\/uploads\/2025\/07\/Lista-me-fituesit-e-provimit-te-dates-25-Qershor-2018.pdf\">List<\/a>\u00a0of Winners of the Examination for SA, dated 25.06.2018, \u201cPractical application of tax and duty legislation requirements in the Republic of Albania.\u201d<\/div><div><ul><li>Winners of the Examination dated 08.06.2018<\/li><\/ul><\/div><div>\u00a0<a href=\"https:\/\/bmp.al\/wp-content\/uploads\/2025\/07\/Lista-e-kandidateve-fitues-te-provimit-te-dates-08_06_2018.pdf\">List<\/a>\u00a0of Winners of the Examination for SA, dated 08.06.2018, \u201cApplication of appropriate models of organization, management, governance, and internal control of business entities (legal persons), including the use of information systems and IT.\u201d<\/div>\t\t\t\t\t\t\t\t<\/div>\n\t\t\t\t\t<\/div>\n\t\t\t\t<\/div>\n\t\t\t\t<\/div>","protected":false},"excerpt":{"rendered":"<p>Sezoni 2018 Fituesit e provimit t\u00eb dat\u00ebs 22.09.2018 Lista e Fituesve t\u00eb provimit p\u00ebr KM dhe AL, dat\u00eb 22.09.2018, \u201cZbatimi n\u00eb praktik\u00eb i legjislacionit mbi t\u00eb drejt\u00ebn civile, t\u00eb drejt\u00ebn penale, legjislacionit tregtar dhe t\u00eb drejt\u00ebn e pun\u00ebs n\u00eb Republik\u00ebn e Shqip\u00ebris\u00eb, n\u00eb mas\u00ebn q\u00eb k\u00ebto i interesojn\u00eb profesionit t\u00eb auditimit ligjor t\u00eb pasqyrave financiare\u201d [&hellip;]<\/p>\n","protected":false},"author":1,"featured_media":0,"parent":0,"menu_order":0,"comment_status":"closed","ping_status":"closed","template":"elementor_header_footer","meta":{"footnotes":""},"class_list":["post-20425","page","type-page","status-publish","hentry"],"_links":{"self":[{"href":"https:\/\/bmp.al\/en\/wp-json\/wp\/v2\/pages\/20425","targetHints":{"allow":["GET"]}}],"collection":[{"href":"https:\/\/bmp.al\/en\/wp-json\/wp\/v2\/pages"}],"about":[{"href":"https:\/\/bmp.al\/en\/wp-json\/wp\/v2\/types\/page"}],"author":[{"embeddable":true,"href":"https:\/\/bmp.al\/en\/wp-json\/wp\/v2\/users\/1"}],"replies":[{"embeddable":true,"href":"https:\/\/bmp.al\/en\/wp-json\/wp\/v2\/comments?post=20425"}],"version-history":[{"count":13,"href":"https:\/\/bmp.al\/en\/wp-json\/wp\/v2\/pages\/20425\/revisions"}],"predecessor-version":[{"id":22433,"href":"https:\/\/bmp.al\/en\/wp-json\/wp\/v2\/pages\/20425\/revisions\/22433"}],"wp:attachment":[{"href":"https:\/\/bmp.al\/en\/wp-json\/wp\/v2\/media?parent=20425"}],"curies":[{"name":"wp","href":"https:\/\/api.w.org\/{rel}","templated":true}]}}