{"id":20391,"date":"2025-07-16T12:13:38","date_gmt":"2025-07-16T12:13:38","guid":{"rendered":"https:\/\/bmp.al\/?page_id=20391"},"modified":"2025-09-19T11:06:00","modified_gmt":"2025-09-19T11:06:00","slug":"teza-te-zgjidhura-2","status":"publish","type":"page","link":"https:\/\/bmp.al\/en\/teza-te-zgjidhura-2\/","title":{"rendered":"Solved Exams"},"content":{"rendered":"<div data-elementor-type=\"wp-page\" data-elementor-id=\"20391\" class=\"elementor elementor-20391\">\n\t\t\t\t<div class=\"elementor-element elementor-element-2f5db6b e-flex e-con-boxed e-con e-parent\" data-id=\"2f5db6b\" data-element_type=\"container\" data-e-type=\"container\">\n\t\t\t\t\t<div class=\"e-con-inner\">\n\t\t\t\t<div class=\"elementor-element elementor-element-de1c0ee elementor-widget elementor-widget-heading\" data-id=\"de1c0ee\" data-element_type=\"widget\" data-e-type=\"widget\" data-widget_type=\"heading.default\">\n\t\t\t\t\t<h1 class=\"elementor-heading-title elementor-size-default\">Solved Exams<\/h1>\t\t\t\t<\/div>\n\t\t\t\t<div class=\"elementor-element elementor-element-038cd5f elementor-widget elementor-widget-ova_doc_items\" data-id=\"038cd5f\" data-element_type=\"widget\" data-e-type=\"widget\" data-settings=\"{&quot;posts_per_page&quot;:10,&quot;cate&quot;:&quot;teza-te-zgjidhura&quot;}\" data-widget_type=\"ova_doc_items.default\">\n\t\t\t\t<div class=\"elementor-widget-container\">\n\t\t\t\t\t\n<div class=\"ova-doc-items\">\n\t\t\t<ul class=\"document-list\">\n\t\t\t\t\t\t\t<li class=\"item\">\n\t\t\t\t\t<div class=\"item-wrap\">\n\t\t\t\t\t\t<div class=\"info\">\n\t\t\t\t\t\t\t\n\t\t\t\t\t\t\t\n\t\t\t\t\t\t\t\t\t\t\t\t\t\t\t\t\t\t\t\t\t\t\t\t<a href=\"https:\/\/bmp.al\/en\/ova_doc\/teza-me-pergjigje-mars-2021\/\"\n\t\t\t\t\t\t\t\t\t\ttitle=\"Teza me p\u00ebrgjigje Mars 2021\"\n\t\t\t\t\t\t\t\t\t>\n\t\t\t\t\t\t\t\t\t\t\t\t\t\t\t\t\t<h3 class=\"title\">\n\t\t\t\t\t\t\t\t\t\tTeza me p\u00ebrgjigje Mars 2021\t\t\t\t\t\t\t\t\t<\/h3>\n\t\t\t\t\t\t\t\t\t\t\t\t\t\t\t\t\t<\/a>\n\t\t\t\t\t\t\t\t\t\t\t\t\t\t\t\t\t\t\t\t\t<\/div>\n\n\t\t\t\t\t\t\t\t\t\t\t\t\t<a href=\"#\" title=\"Download files\" class=\"icon\" data-id=\"20419\">\n\t\t\t\t\t\t\t\t<i class=\"gimonticon-download\" aria-hidden=\"true\"><\/i>\n\t\t\t\t\t\t\t<\/a>\n\t\t\t\t\t\t\t\t\t\t\t<\/div>\n\t\t\t\t<\/li>\n\t\t\t\t\t\t\t<li class=\"item\">\n\t\t\t\t\t<div class=\"item-wrap\">\n\t\t\t\t\t\t<div class=\"info\">\n\t\t\t\t\t\t\t\n\t\t\t\t\t\t\t\n\t\t\t\t\t\t\t\t\t\t\t\t\t\t\t\t\t\t\t\t\t\t\t\t<a href=\"https:\/\/bmp.al\/en\/ova_doc\/teza-me-pergjigje-shkurt-2021\/\"\n\t\t\t\t\t\t\t\t\t\ttitle=\"Teza me p\u00ebrgjigje Shkurt 2021\"\n\t\t\t\t\t\t\t\t\t>\n\t\t\t\t\t\t\t\t\t\t\t\t\t\t\t\t\t<h3 class=\"title\">\n\t\t\t\t\t\t\t\t\t\tTeza me p\u00ebrgjigje Shkurt 2021\t\t\t\t\t\t\t\t\t<\/h3>\n\t\t\t\t\t\t\t\t\t\t\t\t\t\t\t\t\t<\/a>\n\t\t\t\t\t\t\t\t\t\t\t\t\t\t\t\t\t\t\t\t\t<\/div>\n\n\t\t\t\t\t\t\t\t\t\t\t\t\t<a href=\"#\" title=\"Download files\" class=\"icon\" data-id=\"20411\">\n\t\t\t\t\t\t\t\t<i class=\"gimonticon-download\" aria-hidden=\"true\"><\/i>\n\t\t\t\t\t\t\t<\/a>\n\t\t\t\t\t\t\t\t\t\t\t<\/div>\n\t\t\t\t<\/li>\n\t\t\t\t\t\t\t<li class=\"item\">\n\t\t\t\t\t<div class=\"item-wrap\">\n\t\t\t\t\t\t<div class=\"info\">\n\t\t\t\t\t\t\t\n\t\t\t\t\t\t\t\n\t\t\t\t\t\t\t\t\t\t\t\t\t\t\t\t\t\t\t\t\t\t\t\t<a href=\"https:\/\/bmp.al\/en\/ova_doc\/teza-me-pergjigje-janar-2021\/\"\n\t\t\t\t\t\t\t\t\t\ttitle=\"Teza me p\u00ebrgjigje Janar 2021\"\n\t\t\t\t\t\t\t\t\t>\n\t\t\t\t\t\t\t\t\t\t\t\t\t\t\t\t\t<h3 class=\"title\">\n\t\t\t\t\t\t\t\t\t\tTeza me p\u00ebrgjigje Janar 2021\t\t\t\t\t\t\t\t\t<\/h3>\n\t\t\t\t\t\t\t\t\t\t\t\t\t\t\t\t\t<\/a>\n\t\t\t\t\t\t\t\t\t\t\t\t\t\t\t\t\t\t\t\t\t<\/div>\n\n\t\t\t\t\t\t\t\t\t\t\t\t\t<a href=\"#\" title=\"Download files\" class=\"icon\" data-id=\"20408\">\n\t\t\t\t\t\t\t\t<i class=\"gimonticon-download\" aria-hidden=\"true\"><\/i>\n\t\t\t\t\t\t\t<\/a>\n\t\t\t\t\t\t\t\t\t\t\t<\/div>\n\t\t\t\t<\/li>\n\t\t\t\t\t\t\t<li class=\"item\">\n\t\t\t\t\t<div class=\"item-wrap\">\n\t\t\t\t\t\t<div class=\"info\">\n\t\t\t\t\t\t\t\n\t\t\t\t\t\t\t\n\t\t\t\t\t\t\t\t\t\t\t\t\t\t\t\t\t\t\t\t\t\t\t\t<a href=\"https:\/\/bmp.al\/en\/ova_doc\/teza-me-pergjigje-dhjetor-2020\/\"\n\t\t\t\t\t\t\t\t\t\ttitle=\"Teza me p\u00ebrgjigje Dhjetor 2020\"\n\t\t\t\t\t\t\t\t\t>\n\t\t\t\t\t\t\t\t\t\t\t\t\t\t\t\t\t<h3 class=\"title\">\n\t\t\t\t\t\t\t\t\t\tTeza me p\u00ebrgjigje Dhjetor 2020\t\t\t\t\t\t\t\t\t<\/h3>\n\t\t\t\t\t\t\t\t\t\t\t\t\t\t\t\t\t<\/a>\n\t\t\t\t\t\t\t\t\t\t\t\t\t\t\t\t\t\t\t\t\t<\/div>\n\n\t\t\t\t\t\t\t\t\t\t\t\t\t<a href=\"#\" title=\"Download files\" class=\"icon\" data-id=\"20394\">\n\t\t\t\t\t\t\t\t<i class=\"gimonticon-download\" aria-hidden=\"true\"><\/i>\n\t\t\t\t\t\t\t<\/a>\n\t\t\t\t\t\t\t\t\t\t\t<\/div>\n\t\t\t\t<\/li>\n\t\t\t\t\t<\/ul>\n\t\t<div class=\"ova-doc-modal\" aria-label=\"Popup Window\"><\/div>\n<\/div>\t\t\t\t<\/div>\n\t\t\t\t<\/div>\n\t\t\t\t\t<\/div>\n\t\t\t\t<\/div>\n\t\t\t\t<\/div>","protected":false},"excerpt":{"rendered":"<p>Teza t\u00eb zgjidhura Teza me p\u00ebrgjigje Mars 2021 Teza me p\u00ebrgjigje Shkurt 2021 Teza me p\u00ebrgjigje Janar 2021 Teza me p\u00ebrgjigje Dhjetor 2020<\/p>","protected":false},"author":1,"featured_media":0,"parent":0,"menu_order":0,"comment_status":"closed","ping_status":"closed","template":"elementor_header_footer","meta":{"footnotes":""},"class_list":["post-20391","page","type-page","status-publish","hentry"],"_links":{"self":[{"href":"https:\/\/bmp.al\/en\/wp-json\/wp\/v2\/pages\/20391","targetHints":{"allow":["GET"]}}],"collection":[{"href":"https:\/\/bmp.al\/en\/wp-json\/wp\/v2\/pages"}],"about":[{"href":"https:\/\/bmp.al\/en\/wp-json\/wp\/v2\/types\/page"}],"author":[{"embeddable":true,"href":"https:\/\/bmp.al\/en\/wp-json\/wp\/v2\/users\/1"}],"replies":[{"embeddable":true,"href":"https:\/\/bmp.al\/en\/wp-json\/wp\/v2\/comments?post=20391"}],"version-history":[{"count":14,"href":"https:\/\/bmp.al\/en\/wp-json\/wp\/v2\/pages\/20391\/revisions"}],"predecessor-version":[{"id":22240,"href":"https:\/\/bmp.al\/en\/wp-json\/wp\/v2\/pages\/20391\/revisions\/22240"}],"wp:attachment":[{"href":"https:\/\/bmp.al\/en\/wp-json\/wp\/v2\/media?parent=20391"}],"curies":[{"name":"wp","href":"https:\/\/api.w.org\/{rel}","templated":true}]}}