{"id":20348,"date":"2025-07-16T11:46:43","date_gmt":"2025-07-16T11:46:43","guid":{"rendered":"https:\/\/bmp.al\/?page_id=20348"},"modified":"2025-09-19T11:03:07","modified_gmt":"2025-09-19T11:03:07","slug":"sezoni-2020-2021","status":"publish","type":"page","link":"https:\/\/bmp.al\/en\/sezoni-2020-2021\/","title":{"rendered":"Season 2020\/2021"},"content":{"rendered":"<div data-elementor-type=\"wp-page\" data-elementor-id=\"20348\" class=\"elementor elementor-20348\">\n\t\t\t\t<div class=\"elementor-element elementor-element-8f4d711 e-flex e-con-boxed e-con e-parent\" data-id=\"8f4d711\" data-element_type=\"container\" data-e-type=\"container\">\n\t\t\t\t\t<div class=\"e-con-inner\">\n\t\t\t\t<div class=\"elementor-element elementor-element-1adc914 elementor-widget elementor-widget-heading\" data-id=\"1adc914\" data-element_type=\"widget\" data-e-type=\"widget\" data-widget_type=\"heading.default\">\n\t\t\t\t\t<h1 class=\"elementor-heading-title elementor-size-default\">Season 2020\/2021<\/h1>\t\t\t\t<\/div>\n\t\t\t\t<div class=\"elementor-element elementor-element-579296d elementor-widget elementor-widget-ova_doc_items\" data-id=\"579296d\" data-element_type=\"widget\" data-e-type=\"widget\" data-settings=\"{&quot;cate&quot;:&quot;sezoni-2020-2021&quot;,&quot;posts_per_page&quot;:10}\" data-widget_type=\"ova_doc_items.default\">\n\t\t\t\t<div class=\"elementor-widget-container\">\n\t\t\t\t\t\n<div class=\"ova-doc-items\">\n\t\t\t<ul class=\"document-list\">\n\t\t\t\t\t\t\t<li class=\"item\">\n\t\t\t\t\t<div class=\"item-wrap\">\n\t\t\t\t\t\t<div class=\"info\">\n\t\t\t\t\t\t\t\n\t\t\t\t\t\t\t\n\t\t\t\t\t\t\t\t\t\t\t\t\t\t\t\t\t\t\t\t\t\t\t\t<a href=\"https:\/\/bmp.al\/en\/ova_doc\/kalendari-i-provimeve-te-aftesive-profesionale-per-auditues-ligjore-per-vitin-2021-i-rishikuar\/\"\n\t\t\t\t\t\t\t\t\t\ttitle=\"Kalendari i provimeve t\u00eb aft\u00ebsive profesionale p\u00ebr Auditues Ligjor\u00eb p\u00ebr vitin 2021 , i rishikuar\u00a0\"\n\t\t\t\t\t\t\t\t\t>\n\t\t\t\t\t\t\t\t\t\t\t\t\t\t\t\t\t<h3 class=\"title\">\n\t\t\t\t\t\t\t\t\t\tKalendari i provimeve t\u00eb aft\u00ebsive profesionale p\u00ebr Auditues Ligjor\u00eb p\u00ebr vitin 2021 , i rishikuar\u00a0\t\t\t\t\t\t\t\t\t<\/h3>\n\t\t\t\t\t\t\t\t\t\t\t\t\t\t\t\t\t<\/a>\n\t\t\t\t\t\t\t\t\t\t\t\t\t\t\t\t\t\t\t\t\t<\/div>\n\n\t\t\t\t\t\t\t\t\t\t\t\t\t<a href=\"#\" title=\"Download files\" class=\"icon\" data-id=\"20385\">\n\t\t\t\t\t\t\t\t<i class=\"gimonticon-download\" aria-hidden=\"true\"><\/i>\n\t\t\t\t\t\t\t<\/a>\n\t\t\t\t\t\t\t\t\t\t\t<\/div>\n\t\t\t\t<\/li>\n\t\t\t\t\t\t\t<li class=\"item\">\n\t\t\t\t\t<div class=\"item-wrap\">\n\t\t\t\t\t\t<div class=\"info\">\n\t\t\t\t\t\t\t\n\t\t\t\t\t\t\t\n\t\t\t\t\t\t\t\t\t\t\t\t\t\t\t\t\t\t\t\t\t\t\t\t<a href=\"https:\/\/bmp.al\/en\/ova_doc\/kalendari-i-provimeve-per-auditues-ligjore-i-rishikuar\/\"\n\t\t\t\t\t\t\t\t\t\ttitle=\"Kalendari i provimeve p\u00ebr Auditues Ligjor\u00eb (i rishikuar)\"\n\t\t\t\t\t\t\t\t\t>\n\t\t\t\t\t\t\t\t\t\t\t\t\t\t\t\t\t<h3 class=\"title\">\n\t\t\t\t\t\t\t\t\t\tKalendari i provimeve p\u00ebr Auditues Ligjor\u00eb (i rishikuar)\t\t\t\t\t\t\t\t\t<\/h3>\n\t\t\t\t\t\t\t\t\t\t\t\t\t\t\t\t\t<\/a>\n\t\t\t\t\t\t\t\t\t\t\t\t\t\t\t\t\t\t\t\t\t<\/div>\n\n\t\t\t\t\t\t\t\t\t\t\t\t\t<a href=\"#\" title=\"Download files\" class=\"icon\" data-id=\"20382\">\n\t\t\t\t\t\t\t\t<i class=\"gimonticon-download\" aria-hidden=\"true\"><\/i>\n\t\t\t\t\t\t\t<\/a>\n\t\t\t\t\t\t\t\t\t\t\t<\/div>\n\t\t\t\t<\/li>\n\t\t\t\t\t\t\t<li class=\"item\">\n\t\t\t\t\t<div class=\"item-wrap\">\n\t\t\t\t\t\t<div class=\"info\">\n\t\t\t\t\t\t\t\n\t\t\t\t\t\t\t\n\t\t\t\t\t\t\t\t\t\t\t\t\t\t\t\t\t\t\t\t\t\t\t\t<a href=\"https:\/\/bmp.al\/en\/ova_doc\/njoftim-hartues-kpap\/\"\n\t\t\t\t\t\t\t\t\t\ttitle=\"Njoftim hartues KPAP\"\n\t\t\t\t\t\t\t\t\t>\n\t\t\t\t\t\t\t\t\t\t\t\t\t\t\t\t\t<h3 class=\"title\">\n\t\t\t\t\t\t\t\t\t\tNjoftim hartues KPAP\t\t\t\t\t\t\t\t\t<\/h3>\n\t\t\t\t\t\t\t\t\t\t\t\t\t\t\t\t\t<\/a>\n\t\t\t\t\t\t\t\t\t\t\t\t\t\t\t\t\t\t\t\t\t<\/div>\n\n\t\t\t\t\t\t\t\t\t\t\t\t\t<a href=\"#\" title=\"Download files\" class=\"icon\" data-id=\"20377\">\n\t\t\t\t\t\t\t\t<i class=\"gimonticon-download\" aria-hidden=\"true\"><\/i>\n\t\t\t\t\t\t\t<\/a>\n\t\t\t\t\t\t\t\t\t\t\t<\/div>\n\t\t\t\t<\/li>\n\t\t\t\t\t\t\t<li class=\"item\">\n\t\t\t\t\t<div class=\"item-wrap\">\n\t\t\t\t\t\t<div class=\"info\">\n\t\t\t\t\t\t\t\n\t\t\t\t\t\t\t\n\t\t\t\t\t\t\t\t\t\t\t\t\t\t\t\t\t\t\t\t\t\t\t\t<a href=\"https:\/\/bmp.al\/en\/ova_doc\/lista-e-aplikanteve-te-regjistruar\/\"\n\t\t\t\t\t\t\t\t\t\ttitle=\"Lista e aplikant\u00ebve t\u00eb regjistruar\"\n\t\t\t\t\t\t\t\t\t>\n\t\t\t\t\t\t\t\t\t\t\t\t\t\t\t\t\t<h3 class=\"title\">\n\t\t\t\t\t\t\t\t\t\tLista e aplikant\u00ebve t\u00eb regjistruar\t\t\t\t\t\t\t\t\t<\/h3>\n\t\t\t\t\t\t\t\t\t\t\t\t\t\t\t\t\t<\/a>\n\t\t\t\t\t\t\t\t\t\t\t\t\t\t\t\t\t\t\t\t\t<\/div>\n\n\t\t\t\t\t\t\t\t\t\t\t\t\t<a href=\"#\" title=\"Download files\" class=\"icon\" data-id=\"20374\">\n\t\t\t\t\t\t\t\t<i class=\"gimonticon-download\" aria-hidden=\"true\"><\/i>\n\t\t\t\t\t\t\t<\/a>\n\t\t\t\t\t\t\t\t\t\t\t<\/div>\n\t\t\t\t<\/li>\n\t\t\t\t\t\t\t<li class=\"item\">\n\t\t\t\t\t<div class=\"item-wrap\">\n\t\t\t\t\t\t<div class=\"info\">\n\t\t\t\t\t\t\t\n\t\t\t\t\t\t\t\n\t\t\t\t\t\t\t\t\t\t\t\t\t\t\t\t\t\t\t\t\t\t\t\t<a href=\"https:\/\/bmp.al\/en\/ova_doc\/kalendari-i-provimeve-te-aftesive-profesionale-per-auditues-ligjore-dhe-kontabilist-te-miratuar-sipas-disiplinave-per-vitin-2020\/\"\n\t\t\t\t\t\t\t\t\t\ttitle=\"Kalendari i provimeve t\u00eb aft\u00ebsive profesionale p\u00ebr Auditues Ligjor\u00eb dhe Kontabilist t\u00eb Miratuar sipas disiplinave p\u00ebr vitin 2020\"\n\t\t\t\t\t\t\t\t\t>\n\t\t\t\t\t\t\t\t\t\t\t\t\t\t\t\t\t<h3 class=\"title\">\n\t\t\t\t\t\t\t\t\t\tKalendari i provimeve t\u00eb aft\u00ebsive profesionale p\u00ebr Auditues Ligjor\u00eb dhe Kontabilist t\u00eb Miratuar sipas disiplinave p\u00ebr vitin 2020\t\t\t\t\t\t\t\t\t<\/h3>\n\t\t\t\t\t\t\t\t\t\t\t\t\t\t\t\t\t<\/a>\n\t\t\t\t\t\t\t\t\t\t\t\t\t\t\t\t\t\t\t\t\t<\/div>\n\n\t\t\t\t\t\t\t\t\t\t\t\t\t<a href=\"#\" title=\"Download files\" class=\"icon\" data-id=\"20364\">\n\t\t\t\t\t\t\t\t<i class=\"gimonticon-download\" aria-hidden=\"true\"><\/i>\n\t\t\t\t\t\t\t<\/a>\n\t\t\t\t\t\t\t\t\t\t\t<\/div>\n\t\t\t\t<\/li>\n\t\t\t\t\t\t\t<li class=\"item\">\n\t\t\t\t\t<div class=\"item-wrap\">\n\t\t\t\t\t\t<div class=\"info\">\n\t\t\t\t\t\t\t\n\t\t\t\t\t\t\t\n\t\t\t\t\t\t\t\t\t\t\t\t\t\t\t\t\t\t\t\t\t\t\t\t<a href=\"https:\/\/bmp.al\/en\/ova_doc\/kriteret-qe-duhet-te-plotesohen-per-kandidatet-te-cilet-do-te-regjistrohen-per-provimet-per-al-dhe-km\/\"\n\t\t\t\t\t\t\t\t\t\ttitle=\"Kriteret q\u00eb duhet t\u00eb plot\u00ebsohen p\u00ebr kandidat\u00ebt t\u00eb cil\u00ebt do t\u00eb regjistrohen p\u00ebr provimet p\u00ebr AL dhe KM\"\n\t\t\t\t\t\t\t\t\t>\n\t\t\t\t\t\t\t\t\t\t\t\t\t\t\t\t\t<h3 class=\"title\">\n\t\t\t\t\t\t\t\t\t\tKriteret q\u00eb duhet t\u00eb plot\u00ebsohen p\u00ebr kandidat\u00ebt t\u00eb cil\u00ebt do t\u00eb regjistrohen p\u00ebr provimet p\u00ebr AL dhe KM\t\t\t\t\t\t\t\t\t<\/h3>\n\t\t\t\t\t\t\t\t\t\t\t\t\t\t\t\t\t<\/a>\n\t\t\t\t\t\t\t\t\t\t\t\t\t\t\t\t\t\t\t\t\t<\/div>\n\n\t\t\t\t\t\t\t\t\t\t\t\t\t<a href=\"#\" title=\"Download files\" class=\"icon\" data-id=\"20352\">\n\t\t\t\t\t\t\t\t<i class=\"gimonticon-download\" aria-hidden=\"true\"><\/i>\n\t\t\t\t\t\t\t<\/a>\n\t\t\t\t\t\t\t\t\t\t\t<\/div>\n\t\t\t\t<\/li>\n\t\t\t\t\t<\/ul>\n\t\t<div class=\"ova-doc-modal\" aria-label=\"Popup Window\"><\/div>\n<\/div>\t\t\t\t<\/div>\n\t\t\t\t<\/div>\n\t\t\t\t<div class=\"elementor-element elementor-element-3663af3 elementor-widget elementor-widget-text-editor\" data-id=\"3663af3\" data-element_type=\"widget\" data-e-type=\"widget\" data-widget_type=\"text-editor.default\">\n\t\t\t\t\t\t\t\t\t<h3>NEW EXAM SEASON<\/h3><p>All candidates interested in obtaining the titles Statutory Auditor (SA) and Approved Accountant (AA) in the 2020 examination season are informed that the registration fee shall be paid into the following bank account:<\/p><h5><i>Bank: National Commercial Bank (BKT)<br \/><\/i><i>Account name: Public Oversight Board<br \/><\/i><i>Account number: 434003100<br \/><\/i><i>IBAN: AL4520511344003100CLOTCLALLI<br \/><\/i><i>Description: Registration fee for SA\/AA exams<br \/><\/i><i>Amount: 5,000 ALL<\/i><\/h5><p>Please send a copy of the payment order to the following email address: info@bmp.al\n.<\/p><p>For any questions, you may contact the technical secretariat of the PSEC at info@ieka.al\n or by phone at +355 4 23 46 077, as well as the POB at info@bmp.al\n or by phone at +355 4 562 8441.<\/p>\t\t\t\t\t\t\t\t<\/div>\n\t\t\t\t\t<\/div>\n\t\t\t\t<\/div>\n\t\t\t\t<\/div>","protected":false},"excerpt":{"rendered":"<p>Sezoni 2020\/2021 Teza me p\u00ebrgjigje Mars 2021 Teza me p\u00ebrgjigje Shkurt 2021 Teza me p\u00ebrgjigje Janar 2021 Teza me p\u00ebrgjigje Dhjetor 2020 Kalendari i provimeve t\u00eb aft\u00ebsive profesionale p\u00ebr Auditues Ligjor\u00eb p\u00ebr vitin 2021 , i rishikuar\u00a0 Kalendari i provimeve p\u00ebr Auditues Ligjor\u00eb (i rishikuar) Njoftim hartues KPAP Lista e aplikant\u00ebve t\u00eb regjistruar Kalendari i [&hellip;]<\/p>\n","protected":false},"author":1,"featured_media":0,"parent":0,"menu_order":0,"comment_status":"closed","ping_status":"closed","template":"elementor_header_footer","meta":{"footnotes":""},"class_list":["post-20348","page","type-page","status-publish","hentry"],"_links":{"self":[{"href":"https:\/\/bmp.al\/en\/wp-json\/wp\/v2\/pages\/20348","targetHints":{"allow":["GET"]}}],"collection":[{"href":"https:\/\/bmp.al\/en\/wp-json\/wp\/v2\/pages"}],"about":[{"href":"https:\/\/bmp.al\/en\/wp-json\/wp\/v2\/types\/page"}],"author":[{"embeddable":true,"href":"https:\/\/bmp.al\/en\/wp-json\/wp\/v2\/users\/1"}],"replies":[{"embeddable":true,"href":"https:\/\/bmp.al\/en\/wp-json\/wp\/v2\/comments?post=20348"}],"version-history":[{"count":19,"href":"https:\/\/bmp.al\/en\/wp-json\/wp\/v2\/pages\/20348\/revisions"}],"predecessor-version":[{"id":22236,"href":"https:\/\/bmp.al\/en\/wp-json\/wp\/v2\/pages\/20348\/revisions\/22236"}],"wp:attachment":[{"href":"https:\/\/bmp.al\/en\/wp-json\/wp\/v2\/media?parent=20348"}],"curies":[{"name":"wp","href":"https:\/\/api.w.org\/{rel}","templated":true}]}}