{"id":19469,"date":"2025-07-11T14:58:43","date_gmt":"2025-07-11T14:58:43","guid":{"rendered":"https:\/\/bmp.al\/?page_id=19469"},"modified":"2025-09-19T11:01:24","modified_gmt":"2025-09-19T11:01:24","slug":"sezoni-2024","status":"publish","type":"page","link":"https:\/\/bmp.al\/en\/sezoni-2024\/","title":{"rendered":"Season 2024"},"content":{"rendered":"<div data-elementor-type=\"wp-page\" data-elementor-id=\"19469\" class=\"elementor elementor-19469\">\n\t\t\t\t<div class=\"elementor-element elementor-element-1ef0b4a e-flex e-con-boxed e-con e-parent\" data-id=\"1ef0b4a\" data-element_type=\"container\" data-e-type=\"container\">\n\t\t\t\t\t<div class=\"e-con-inner\">\n\t\t\t\t<div class=\"elementor-element elementor-element-a3a4fdf elementor-widget elementor-widget-heading\" data-id=\"a3a4fdf\" data-element_type=\"widget\" data-e-type=\"widget\" data-widget_type=\"heading.default\">\n\t\t\t\t\t<h1 class=\"elementor-heading-title elementor-size-default\">Season 2024<\/h1>\t\t\t\t<\/div>\n\t\t<div class=\"elementor-element elementor-element-81745d8 e-con-full e-flex e-con e-child\" data-id=\"81745d8\" data-element_type=\"container\" data-e-type=\"container\">\n\t\t\t\t<div class=\"elementor-element elementor-element-fbc6d87 elementor-widget elementor-widget-ova_doc_items\" data-id=\"fbc6d87\" data-element_type=\"widget\" data-e-type=\"widget\" data-settings=\"{&quot;cate&quot;:&quot;sezoni-2024&quot;,&quot;posts_per_page&quot;:10}\" data-widget_type=\"ova_doc_items.default\">\n\t\t\t\t<div class=\"elementor-widget-container\">\n\t\t\t\t\t\n<div class=\"ova-doc-items\">\n\t\t\t<ul class=\"document-list\">\n\t\t\t\t\t\t\t<li class=\"item\">\n\t\t\t\t\t<div class=\"item-wrap\">\n\t\t\t\t\t\t<div class=\"info\">\n\t\t\t\t\t\t\t\n\t\t\t\t\t\t\t\n\t\t\t\t\t\t\t\t\t\t\t\t\t\t\t\t\t\t\t\t\t\t\t\t<a href=\"https:\/\/bmp.al\/en\/ova_doc\/informacione-lidhur-me-provimin-e-dates-05-10-2024\/\"\n\t\t\t\t\t\t\t\t\t\ttitle=\"Informacione lidhur me provimin e dat\u00ebs 05.10.2024\"\n\t\t\t\t\t\t\t\t\t>\n\t\t\t\t\t\t\t\t\t\t\t\t\t\t\t\t\t<h3 class=\"title\">\n\t\t\t\t\t\t\t\t\t\tInformacione lidhur me provimin e dat\u00ebs 05.10.2024\t\t\t\t\t\t\t\t\t<\/h3>\n\t\t\t\t\t\t\t\t\t\t\t\t\t\t\t\t\t<\/a>\n\t\t\t\t\t\t\t\t\t\t\t\t\t\t\t\t\t\t\t\t\t<\/div>\n\n\t\t\t\t\t\t\t\t\t\t\t\t\t<a href=\"#\" title=\"Download files\" class=\"icon\" data-id=\"20270\">\n\t\t\t\t\t\t\t\t<i class=\"gimonticon-download\" aria-hidden=\"true\"><\/i>\n\t\t\t\t\t\t\t<\/a>\n\t\t\t\t\t\t\t\t\t\t\t<\/div>\n\t\t\t\t<\/li>\n\t\t\t\t\t\t\t<li class=\"item\">\n\t\t\t\t\t<div class=\"item-wrap\">\n\t\t\t\t\t\t<div class=\"info\">\n\t\t\t\t\t\t\t\n\t\t\t\t\t\t\t\n\t\t\t\t\t\t\t\t\t\t\t\t\t\t\t\t\t\t\t\t\t\t\t\t<a href=\"https:\/\/bmp.al\/en\/ova_doc\/informacione-lidhur-me-provimin-iv-te-dates-21-09-2024\/\"\n\t\t\t\t\t\t\t\t\t\ttitle=\"Informacione lidhur me provimin IV t\u00eb dat\u00ebs 21.09.2024\"\n\t\t\t\t\t\t\t\t\t>\n\t\t\t\t\t\t\t\t\t\t\t\t\t\t\t\t\t<h3 class=\"title\">\n\t\t\t\t\t\t\t\t\t\tInformacione lidhur me provimin IV t\u00eb dat\u00ebs 21.09.2024\t\t\t\t\t\t\t\t\t<\/h3>\n\t\t\t\t\t\t\t\t\t\t\t\t\t\t\t\t\t<\/a>\n\t\t\t\t\t\t\t\t\t\t\t\t\t\t\t\t\t\t\t\t\t<\/div>\n\n\t\t\t\t\t\t\t\t\t\t\t\t\t<a href=\"#\" title=\"Download files\" class=\"icon\" data-id=\"20257\">\n\t\t\t\t\t\t\t\t<i class=\"gimonticon-download\" aria-hidden=\"true\"><\/i>\n\t\t\t\t\t\t\t<\/a>\n\t\t\t\t\t\t\t\t\t\t\t<\/div>\n\t\t\t\t<\/li>\n\t\t\t\t\t\t\t<li class=\"item\">\n\t\t\t\t\t<div class=\"item-wrap\">\n\t\t\t\t\t\t<div class=\"info\">\n\t\t\t\t\t\t\t\n\t\t\t\t\t\t\t\n\t\t\t\t\t\t\t\t\t\t\t\t\t\t\t\t\t\t\t\t\t\t\t\t<a href=\"https:\/\/bmp.al\/en\/ova_doc\/informacione-lidhur-me-provimin-iii-date-29-06-2024\/\"\n\t\t\t\t\t\t\t\t\t\ttitle=\"Informacione lidhur me provimin III t\u00eb dat\u00ebs 29.06.2024\"\n\t\t\t\t\t\t\t\t\t>\n\t\t\t\t\t\t\t\t\t\t\t\t\t\t\t\t\t<h3 class=\"title\">\n\t\t\t\t\t\t\t\t\t\tInformacione lidhur me provimin III t\u00eb dat\u00ebs 29.06.2024\t\t\t\t\t\t\t\t\t<\/h3>\n\t\t\t\t\t\t\t\t\t\t\t\t\t\t\t\t\t<\/a>\n\t\t\t\t\t\t\t\t\t\t\t\t\t\t\t\t\t\t\t\t\t<\/div>\n\n\t\t\t\t\t\t\t\t\t\t\t\t\t<a href=\"#\" title=\"Download files\" class=\"icon\" data-id=\"20251\">\n\t\t\t\t\t\t\t\t<i class=\"gimonticon-download\" aria-hidden=\"true\"><\/i>\n\t\t\t\t\t\t\t<\/a>\n\t\t\t\t\t\t\t\t\t\t\t<\/div>\n\t\t\t\t<\/li>\n\t\t\t\t\t\t\t<li class=\"item\">\n\t\t\t\t\t<div class=\"item-wrap\">\n\t\t\t\t\t\t<div class=\"info\">\n\t\t\t\t\t\t\t\n\t\t\t\t\t\t\t\n\t\t\t\t\t\t\t\t\t\t\t\t\t\t\t\t\t\t\t\t\t\t\t\t<a href=\"https:\/\/bmp.al\/en\/ova_doc\/informacione-per-provimin-e-dates-22-06-2024\/\"\n\t\t\t\t\t\t\t\t\t\ttitle=\"Informacione lidhur me provimin II t\u00eb dat\u00ebs 22.06.2024\"\n\t\t\t\t\t\t\t\t\t>\n\t\t\t\t\t\t\t\t\t\t\t\t\t\t\t\t\t<h3 class=\"title\">\n\t\t\t\t\t\t\t\t\t\tInformacione lidhur me provimin II t\u00eb dat\u00ebs 22.06.2024\t\t\t\t\t\t\t\t\t<\/h3>\n\t\t\t\t\t\t\t\t\t\t\t\t\t\t\t\t\t<\/a>\n\t\t\t\t\t\t\t\t\t\t\t\t\t\t\t\t\t\t\t\t\t<\/div>\n\n\t\t\t\t\t\t\t\t\t\t\t\t\t<a href=\"#\" title=\"Download files\" class=\"icon\" data-id=\"20244\">\n\t\t\t\t\t\t\t\t<i class=\"gimonticon-download\" aria-hidden=\"true\"><\/i>\n\t\t\t\t\t\t\t<\/a>\n\t\t\t\t\t\t\t\t\t\t\t<\/div>\n\t\t\t\t<\/li>\n\t\t\t\t\t\t\t<li class=\"item\">\n\t\t\t\t\t<div class=\"item-wrap\">\n\t\t\t\t\t\t<div class=\"info\">\n\t\t\t\t\t\t\t\n\t\t\t\t\t\t\t\n\t\t\t\t\t\t\t\t\t\t\t\t\t\t\t\t\t\t\t\t\t\t\t\t<a href=\"https:\/\/bmp.al\/en\/ova_doc\/lista-e-kandidateve-te-regjistruar-2024\/\"\n\t\t\t\t\t\t\t\t\t\ttitle=\"Lista e kandidat\u00ebve t\u00eb regjistruar 2024\"\n\t\t\t\t\t\t\t\t\t>\n\t\t\t\t\t\t\t\t\t\t\t\t\t\t\t\t\t<h3 class=\"title\">\n\t\t\t\t\t\t\t\t\t\tLista e kandidat\u00ebve t\u00eb regjistruar 2024\t\t\t\t\t\t\t\t\t<\/h3>\n\t\t\t\t\t\t\t\t\t\t\t\t\t\t\t\t\t<\/a>\n\t\t\t\t\t\t\t\t\t\t\t\t\t\t\t\t\t\t\t\t\t<\/div>\n\n\t\t\t\t\t\t\t\t\t\t\t\t\t<a href=\"#\" title=\"Download files\" class=\"icon\" data-id=\"19493\">\n\t\t\t\t\t\t\t\t<i class=\"gimonticon-download\" aria-hidden=\"true\"><\/i>\n\t\t\t\t\t\t\t<\/a>\n\t\t\t\t\t\t\t\t\t\t\t<\/div>\n\t\t\t\t<\/li>\n\t\t\t\t\t\t\t<li class=\"item\">\n\t\t\t\t\t<div class=\"item-wrap\">\n\t\t\t\t\t\t<div class=\"info\">\n\t\t\t\t\t\t\t\n\t\t\t\t\t\t\t\n\t\t\t\t\t\t\t\t\t\t\t\t\t\t\t\t\t\t\t\t\t\t\t\t<a href=\"https:\/\/bmp.al\/en\/ova_doc\/njoftim-per-oren-dhe-vendin-e-provimit-08-06-2024\/\"\n\t\t\t\t\t\t\t\t\t\ttitle=\"T\u00eb dh\u00ebna p\u00ebr provimin e dat\u00ebs 08.06.2024\"\n\t\t\t\t\t\t\t\t\t>\n\t\t\t\t\t\t\t\t\t\t\t\t\t\t\t\t\t<h3 class=\"title\">\n\t\t\t\t\t\t\t\t\t\tT\u00eb dh\u00ebna p\u00ebr provimin e dat\u00ebs 08.06.2024\t\t\t\t\t\t\t\t\t<\/h3>\n\t\t\t\t\t\t\t\t\t\t\t\t\t\t\t\t\t<\/a>\n\t\t\t\t\t\t\t\t\t\t\t\t\t\t\t\t\t\t\t\t\t<\/div>\n\n\t\t\t\t\t\t\t\t\t\t\t\t\t<a href=\"#\" title=\"Download files\" class=\"icon\" data-id=\"19497\">\n\t\t\t\t\t\t\t\t<i class=\"gimonticon-download\" aria-hidden=\"true\"><\/i>\n\t\t\t\t\t\t\t<\/a>\n\t\t\t\t\t\t\t\t\t\t\t<\/div>\n\t\t\t\t<\/li>\n\t\t\t\t\t\t\t<li class=\"item\">\n\t\t\t\t\t<div class=\"item-wrap\">\n\t\t\t\t\t\t<div class=\"info\">\n\t\t\t\t\t\t\t\n\t\t\t\t\t\t\t\n\t\t\t\t\t\t\t\t\t\t\t\t\t\t\t\t\t\t\t\t\t\t\t\t<a href=\"https:\/\/bmp.al\/en\/ova_doc\/kalendari-i-provimeve-te-aftesive-profesionale-per-auditues-ligjore-dhe-kontabilist-te-miratuar-sipas-disiplinave-per-sezonin-2024\/\"\n\t\t\t\t\t\t\t\t\t\ttitle=\"Kalendari i provimeve t\u00eb aft\u00ebsive profesionale p\u00ebr Auditues Ligjor\u00eb dhe Kontabilist t\u00eb Miratuar sipas disiplinave p\u00ebr sezonin 2024\"\n\t\t\t\t\t\t\t\t\t>\n\t\t\t\t\t\t\t\t\t\t\t\t\t\t\t\t\t<h3 class=\"title\">\n\t\t\t\t\t\t\t\t\t\tKalendari i provimeve t\u00eb aft\u00ebsive profesionale p\u00ebr Auditues Ligjor\u00eb dhe Kontabilist t\u00eb Miratuar sipas disiplinave p\u00ebr sezonin 2024\t\t\t\t\t\t\t\t\t<\/h3>\n\t\t\t\t\t\t\t\t\t\t\t\t\t\t\t\t\t<\/a>\n\t\t\t\t\t\t\t\t\t\t\t\t\t\t\t\t\t\t\t\t\t<\/div>\n\n\t\t\t\t\t\t\t\t\t\t\t\t\t<a href=\"#\" title=\"Download files\" class=\"icon\" data-id=\"19490\">\n\t\t\t\t\t\t\t\t<i class=\"gimonticon-download\" aria-hidden=\"true\"><\/i>\n\t\t\t\t\t\t\t<\/a>\n\t\t\t\t\t\t\t\t\t\t\t<\/div>\n\t\t\t\t<\/li>\n\t\t\t\t\t\t\t<li class=\"item\">\n\t\t\t\t\t<div class=\"item-wrap\">\n\t\t\t\t\t\t<div class=\"info\">\n\t\t\t\t\t\t\t\n\t\t\t\t\t\t\t\n\t\t\t\t\t\t\t\t\t\t\t\t\t\t\t\t\t\t\t\t\t\t\t\t<a href=\"https:\/\/bmp.al\/en\/ova_doc\/kriteret-dhe-dokumentet-per-hartues-rishikues-teze-korrigjues-dhe-ri-korrigjues-te-provimeve-te-aftesive-profesionale-2024\/\"\n\t\t\t\t\t\t\t\t\t\ttitle=\"Kriteret dhe dokumentet p\u00ebr hartues, rishikues teze, korrigjues dhe ri korrigjues t\u00eb provimeve t\u00eb aft\u00ebsive profesionale 2024\"\n\t\t\t\t\t\t\t\t\t>\n\t\t\t\t\t\t\t\t\t\t\t\t\t\t\t\t\t<h3 class=\"title\">\n\t\t\t\t\t\t\t\t\t\tKriteret dhe dokumentet p\u00ebr hartues, rishikues teze, korrigjues dhe ri korrigjues t\u00eb provimeve t\u00eb aft\u00ebsive profesionale 2024\t\t\t\t\t\t\t\t\t<\/h3>\n\t\t\t\t\t\t\t\t\t\t\t\t\t\t\t\t\t<\/a>\n\t\t\t\t\t\t\t\t\t\t\t\t\t\t\t\t\t\t\t\t\t<\/div>\n\n\t\t\t\t\t\t\t\t\t\t\t\t\t<a href=\"#\" title=\"Download files\" class=\"icon\" data-id=\"19483\">\n\t\t\t\t\t\t\t\t<i class=\"gimonticon-download\" aria-hidden=\"true\"><\/i>\n\t\t\t\t\t\t\t<\/a>\n\t\t\t\t\t\t\t\t\t\t\t<\/div>\n\t\t\t\t<\/li>\n\t\t\t\t\t\t\t<li class=\"item\">\n\t\t\t\t\t<div class=\"item-wrap\">\n\t\t\t\t\t\t<div class=\"info\">\n\t\t\t\t\t\t\t\n\t\t\t\t\t\t\t\n\t\t\t\t\t\t\t\t\t\t\t\t\t\t\t\t\t\t\t\t\t\t\t\t<a href=\"https:\/\/bmp.al\/en\/ova_doc\/programi-i-provimeve-te-aftesive-profesionale-per-marrjen-e-titullit-km-dhe-al-sezoni-2024\/\"\n\t\t\t\t\t\t\t\t\t\ttitle=\"Programi i Provimeve t\u00eb Aft\u00ebsive Profesionale p\u00ebr marrjen e titullit KM dhe AL sezoni 2024\"\n\t\t\t\t\t\t\t\t\t>\n\t\t\t\t\t\t\t\t\t\t\t\t\t\t\t\t\t<h3 class=\"title\">\n\t\t\t\t\t\t\t\t\t\tProgrami i Provimeve t\u00eb Aft\u00ebsive Profesionale p\u00ebr marrjen e titullit KM dhe AL sezoni 2024\t\t\t\t\t\t\t\t\t<\/h3>\n\t\t\t\t\t\t\t\t\t\t\t\t\t\t\t\t\t<\/a>\n\t\t\t\t\t\t\t\t\t\t\t\t\t\t\t\t\t\t\t\t\t<\/div>\n\n\t\t\t\t\t\t\t\t\t\t\t\t\t<a href=\"#\" title=\"Download files\" class=\"icon\" data-id=\"19477\">\n\t\t\t\t\t\t\t\t<i class=\"gimonticon-download\" aria-hidden=\"true\"><\/i>\n\t\t\t\t\t\t\t<\/a>\n\t\t\t\t\t\t\t\t\t\t\t<\/div>\n\t\t\t\t<\/li>\n\t\t\t\t\t<\/ul>\n\t\t<div class=\"ova-doc-modal\" aria-label=\"Popup Window\"><\/div>\n<\/div>\t\t\t\t<\/div>\n\t\t\t\t<\/div>\n\t\t\t\t<\/div>\n\t\t\t\t\t<\/div>\n\t\t\t\t<\/div>\n\t\t\t\t<\/div>","protected":false},"excerpt":{"rendered":"<p>Sezoni 2024 Informacione lidhur me provimin e dat\u00ebs 05.10.2024 Informacione lidhur me provimin IV t\u00eb dat\u00ebs 21.09.2024 Informacione lidhur me provimin III t\u00eb dat\u00ebs 29.06.2024 Informacione lidhur me provimin II t\u00eb dat\u00ebs 22.06.2024 Lista e kandidat\u00ebve t\u00eb regjistruar 2024 T\u00eb dh\u00ebna p\u00ebr provimin e dat\u00ebs 08.06.2024 Kalendari i provimeve t\u00eb aft\u00ebsive profesionale p\u00ebr Auditues Ligjor\u00eb [&hellip;]<\/p>\n","protected":false},"author":1,"featured_media":0,"parent":0,"menu_order":0,"comment_status":"closed","ping_status":"closed","template":"elementor_header_footer","meta":{"footnotes":""},"class_list":["post-19469","page","type-page","status-publish","hentry"],"_links":{"self":[{"href":"https:\/\/bmp.al\/en\/wp-json\/wp\/v2\/pages\/19469","targetHints":{"allow":["GET"]}}],"collection":[{"href":"https:\/\/bmp.al\/en\/wp-json\/wp\/v2\/pages"}],"about":[{"href":"https:\/\/bmp.al\/en\/wp-json\/wp\/v2\/types\/page"}],"author":[{"embeddable":true,"href":"https:\/\/bmp.al\/en\/wp-json\/wp\/v2\/users\/1"}],"replies":[{"embeddable":true,"href":"https:\/\/bmp.al\/en\/wp-json\/wp\/v2\/comments?post=19469"}],"version-history":[{"count":40,"href":"https:\/\/bmp.al\/en\/wp-json\/wp\/v2\/pages\/19469\/revisions"}],"predecessor-version":[{"id":22230,"href":"https:\/\/bmp.al\/en\/wp-json\/wp\/v2\/pages\/19469\/revisions\/22230"}],"wp:attachment":[{"href":"https:\/\/bmp.al\/en\/wp-json\/wp\/v2\/media?parent=19469"}],"curies":[{"name":"wp","href":"https:\/\/api.w.org\/{rel}","templated":true}]}}