{"id":19300,"date":"2025-07-10T16:18:41","date_gmt":"2025-07-10T16:18:41","guid":{"rendered":"https:\/\/bmp.al\/?page_id=19300"},"modified":"2025-08-14T12:02:49","modified_gmt":"2025-08-14T12:02:49","slug":"rreth-bmp","status":"publish","type":"page","link":"https:\/\/bmp.al\/en\/rreth-bmp\/","title":{"rendered":"About POB"},"content":{"rendered":"<div data-elementor-type=\"wp-page\" data-elementor-id=\"19300\" class=\"elementor elementor-19300\">\n\t\t\t\t<div class=\"elementor-element elementor-element-d8b586d e-flex e-con-boxed e-con e-parent\" data-id=\"d8b586d\" data-element_type=\"container\" data-e-type=\"container\">\n\t\t\t\t\t<div class=\"e-con-inner\">\n\t\t<div class=\"elementor-element elementor-element-f5c8cff e-con-full e-flex e-con e-child\" data-id=\"f5c8cff\" data-element_type=\"container\" data-e-type=\"container\">\n\t\t\t\t<div class=\"elementor-element elementor-element-a2e1f27 elementor-widget elementor-widget-text-editor\" data-id=\"a2e1f27\" data-element_type=\"widget\" data-e-type=\"widget\" data-widget_type=\"text-editor.default\">\n\t\t\t\t\t\t\t\t\t<p><strong>Public Oversight Board<\/strong>, with the status of an independent regulatory authority, was established to carry out public oversight and to ensure that statutory auditors and audit firms are subject to a system that provides assurance of quality. Oversight of the profession of statutory auditors and audit firms is exercised by the Public Oversight Board, both directly\u2014by supervising all statutory auditors and audit firms\u2014and indirectly, through the oversight of the activities of the professional organization of statutory auditors.<br \/>The purpose of the public oversight system of statutory auditors and audit firms is to increase assurance that statutory audits are conducted in a transparent, controlled, and diligent environment, serving the public interest.<\/p>\t\t\t\t\t\t\t\t<\/div>\n\t\t\t\t<\/div>\n\t\t<div class=\"elementor-element elementor-element-4b5770c e-con-full e-flex e-con e-child\" data-id=\"4b5770c\" data-element_type=\"container\" data-e-type=\"container\">\n\t\t\t\t<div class=\"elementor-element elementor-element-645dde0 elementor-widget elementor-widget-image\" data-id=\"645dde0\" data-element_type=\"widget\" data-e-type=\"widget\" data-widget_type=\"image.default\">\n\t\t\t\t\t\t\t\t\t\t\t\t\t\t\t<img fetchpriority=\"high\" decoding=\"async\" width=\"1536\" height=\"1024\" src=\"https:\/\/bmp.al\/wp-content\/uploads\/2025\/08\/bmp-rreth-nesh.jpg\" class=\"attachment-full size-full wp-image-21375\" alt=\"\" srcset=\"https:\/\/bmp.al\/wp-content\/uploads\/2025\/08\/bmp-rreth-nesh.jpg 1536w, https:\/\/bmp.al\/wp-content\/uploads\/2025\/08\/bmp-rreth-nesh-300x200.jpg 300w, https:\/\/bmp.al\/wp-content\/uploads\/2025\/08\/bmp-rreth-nesh-1024x683.jpg 1024w, https:\/\/bmp.al\/wp-content\/uploads\/2025\/08\/bmp-rreth-nesh-768x512.jpg 768w, https:\/\/bmp.al\/wp-content\/uploads\/2025\/08\/bmp-rreth-nesh-600x400.jpg 600w, https:\/\/bmp.al\/wp-content\/uploads\/2025\/08\/bmp-rreth-nesh-450x300.jpg 450w\" sizes=\"(max-width: 1536px) 100vw, 1536px\" \/>\t\t\t\t\t\t\t\t\t\t\t\t\t\t\t<\/div>\n\t\t\t\t<\/div>\n\t\t\t\t\t<\/div>\n\t\t\t\t<\/div>\n\t\t<div class=\"elementor-element elementor-element-4f6f839 e-flex e-con-boxed e-con e-parent\" data-id=\"4f6f839\" data-element_type=\"container\" data-e-type=\"container\">\n\t\t\t\t\t<div class=\"e-con-inner\">\n\t\t<div class=\"elementor-element elementor-element-0437590 e-con-full e-flex e-con e-child\" data-id=\"0437590\" data-element_type=\"container\" data-e-type=\"container\">\n\t\t\t\t<div class=\"elementor-element elementor-element-f37d682 elementor-widget elementor-widget-text-editor\" data-id=\"f37d682\" data-element_type=\"widget\" data-e-type=\"widget\" data-widget_type=\"text-editor.default\">\n\t\t\t\t\t\t\t\t\t<p><strong>Responsibilities<\/strong><\/p><ul><li>Drafts the rules of operation for the Professional Competence Examination Commission and the Registration Committee of statutory auditors and audit firms, which are submitted for approval to the authorities provided for in this law.<\/li><li>Oversees, monitors, and evaluates the implementation of procedures for testing and registering statutory auditors and audit firms.<\/li><li>Approves the format of the public register of statutory auditors and audit firms, registered by the Registration Committee, and supervises compliance with the rules regarding the identification number of statutory auditors in the register.<\/li><li>Approves the Code of Ethics for statutory auditors and audit firms, prepared and proposed by the professional organization of statutory auditors, and supervises the implementation of the standards of this code.<\/li><li>Supervises the quality control carried out by the professional organization of statutory auditors.<\/li><li>Oversees the programs and continuous professional education of statutory auditors.<\/li><li>Approves the regulations on investigations and procedures for disciplinary measures.<\/li><li>When deemed necessary, conducts additional investigations of statutory auditors and audit firms.<\/li><li>Reviews and decides on complaints submitted by candidates regarding their registration.<\/li><li>Approves and publishes its annual work programs and activity reports.<\/li><li>Reviews and decides on cases of disciplinary violations within its competence.<\/li><li>Reviews and decides on other aspects or issues provided for in this law, which fall within the scope of its activities.<\/li><li>Approves the statutes of professional organizations in the field of accounting and supervises their organization and functioning.<\/li><\/ul>\t\t\t\t\t\t\t\t<\/div>\n\t\t\t\t<\/div>\n\t\t\t\t<div class=\"elementor-element elementor-element-ca3072c elementor-widget elementor-widget-n-accordion\" data-id=\"ca3072c\" data-element_type=\"widget\" data-e-type=\"widget\" data-settings=\"{&quot;default_state&quot;:&quot;expanded&quot;,&quot;max_items_expended&quot;:&quot;one&quot;,&quot;n_accordion_animation_duration&quot;:{&quot;unit&quot;:&quot;ms&quot;,&quot;size&quot;:400,&quot;sizes&quot;:[]}}\" data-widget_type=\"nested-accordion.default\">\n\t\t\t\t\t\t\t<div class=\"e-n-accordion\" aria-label=\"Accordion. Open links with Enter or Space, close with Escape, and navigate with Arrow Keys\">\n\t\t\t\t\t\t<details id=\"e-n-accordion-item-2120\" class=\"e-n-accordion-item\" open>\n\t\t\t\t<summary class=\"e-n-accordion-item-title\" data-accordion-index=\"1\" tabindex=\"0\" aria-expanded=\"true\" aria-controls=\"e-n-accordion-item-2120\" >\n\t\t\t\t\t<span class='e-n-accordion-item-title-header'><div class=\"e-n-accordion-item-title-text\">  Misioni dhe vizioni <\/div><\/span>\n\t\t\t\t\t\t\t<span class='e-n-accordion-item-title-icon'>\n\t\t\t<span class='e-opened' ><svg aria-hidden=\"true\" class=\"e-font-icon-svg e-fas-minus\" viewbox=\"0 0 448 512\" xmlns=\"http:\/\/www.w3.org\/2000\/svg\"><path d=\"M416 208H32c-17.67 0-32 14.33-32 32v32c0 17.67 14.33 32 32 32h384c17.67 0 32-14.33 32-32v-32c0-17.67-14.33-32-32-32z\"><\/path><\/svg><\/span>\n\t\t\t<span class='e-closed'><svg aria-hidden=\"true\" class=\"e-font-icon-svg e-fas-plus\" viewbox=\"0 0 448 512\" xmlns=\"http:\/\/www.w3.org\/2000\/svg\"><path d=\"M416 208H272V64c0-17.67-14.33-32-32-32h-32c-17.67 0-32 14.33-32 32v144H32c-17.67 0-32 14.33-32 32v32c0 17.67 14.33 32 32 32h144v144c0 17.67 14.33 32 32 32h32c17.67 0 32-14.33 32-32V304h144c17.67 0 32-14.33 32-32v-32c0-17.67-14.33-32-32-32z\"><\/path><\/svg><\/span>\n\t\t<\/span>\n\n\t\t\t\t\t\t<\/summary>\n\t\t\t\t<div role=\"region\" aria-labelledby=\"e-n-accordion-item-2120\" class=\"elementor-element elementor-element-95a8562 e-con-full e-flex e-con e-child\" data-id=\"95a8562\" data-element_type=\"container\" data-e-type=\"container\">\n\t\t<div role=\"region\" aria-labelledby=\"e-n-accordion-item-2120\" class=\"elementor-element elementor-element-f1621a1 e-flex e-con-boxed e-con e-child\" data-id=\"f1621a1\" data-element_type=\"container\" data-e-type=\"container\">\n\t\t\t\t\t<div class=\"e-con-inner\">\n\t\t\t\t<div class=\"elementor-element elementor-element-f538928 elementor-widget elementor-widget-text-editor\" data-id=\"f538928\" data-element_type=\"widget\" data-e-type=\"widget\" data-widget_type=\"text-editor.default\">\n\t\t\t\t\t\t\t\t\t<h3>Mission<\/h3><p>Increasing assurance in statutory audits carried out in a transparent, controlled, and diligent environment, serving the public interest, and improving the quality of financial reporting.<\/p><hr \/><h3>Strategic Objectives of the POB<\/h3><ul><li>Enhancing public confidence in the quality of financial reporting and creating a transparent and well-supervised environment regarding the services provided by accounting professionals and the role of professional organizations subject to oversight.<\/li><li>Coordinating activities with all institutions, regulators, and other authorities in order to protect the public interest.<\/li><li>Coordinating activities with regional and international peer institutions, focusing on improving practices and the oversight system.<\/li><\/ul>\t\t\t\t\t\t\t\t<\/div>\n\t\t\t\t\t<\/div>\n\t\t\t\t<\/div>\n\t\t\t\t<\/div>\n\t\t\t\t\t<\/details>\n\t\t\t\t\t\t<details id=\"e-n-accordion-item-2121\" class=\"e-n-accordion-item\" >\n\t\t\t\t<summary class=\"e-n-accordion-item-title\" data-accordion-index=\"2\" tabindex=\"-1\" aria-expanded=\"false\" aria-controls=\"e-n-accordion-item-2121\" >\n\t\t\t\t\t<span class='e-n-accordion-item-title-header'><div class=\"e-n-accordion-item-title-text\"> Organet drejtuese <\/div><\/span>\n\t\t\t\t\t\t\t<span class='e-n-accordion-item-title-icon'>\n\t\t\t<span class='e-opened' ><svg aria-hidden=\"true\" class=\"e-font-icon-svg e-fas-minus\" viewbox=\"0 0 448 512\" xmlns=\"http:\/\/www.w3.org\/2000\/svg\"><path d=\"M416 208H32c-17.67 0-32 14.33-32 32v32c0 17.67 14.33 32 32 32h384c17.67 0 32-14.33 32-32v-32c0-17.67-14.33-32-32-32z\"><\/path><\/svg><\/span>\n\t\t\t<span class='e-closed'><svg aria-hidden=\"true\" class=\"e-font-icon-svg e-fas-plus\" viewbox=\"0 0 448 512\" xmlns=\"http:\/\/www.w3.org\/2000\/svg\"><path d=\"M416 208H272V64c0-17.67-14.33-32-32-32h-32c-17.67 0-32 14.33-32 32v144H32c-17.67 0-32 14.33-32 32v32c0 17.67 14.33 32 32 32h144v144c0 17.67 14.33 32 32 32h32c17.67 0 32-14.33 32-32V304h144c17.67 0 32-14.33 32-32v-32c0-17.67-14.33-32-32-32z\"><\/path><\/svg><\/span>\n\t\t<\/span>\n\n\t\t\t\t\t\t<\/summary>\n\t\t\t\t<div role=\"region\" aria-labelledby=\"e-n-accordion-item-2121\" class=\"elementor-element elementor-element-bdd70fc e-con-full e-flex e-con e-child\" data-id=\"bdd70fc\" data-element_type=\"container\" data-e-type=\"container\">\n\t\t<div role=\"region\" aria-labelledby=\"e-n-accordion-item-2121\" class=\"elementor-element elementor-element-5f111a8 e-flex e-con-boxed e-con e-child\" data-id=\"5f111a8\" data-element_type=\"container\" data-e-type=\"container\">\n\t\t\t\t\t<div class=\"e-con-inner\">\n\t\t\t\t<div class=\"elementor-element elementor-element-ab0ca14 elementor-widget elementor-widget-text-editor\" data-id=\"ab0ca14\" data-element_type=\"widget\" data-e-type=\"widget\" data-widget_type=\"text-editor.default\">\n\t\t\t\t\t\t\t\t\t<h3>Organet drejtuese t\u00eb\u00a0Bordit t\u00eb Mbik\u00ebqyrjes Publike<\/h3><p>The governing bodies of the Public Oversight Board consist of the Chairperson, the Board Members, the Executive Director, and the supporting structure.<\/p><p>The Board Members are appointed by the Minister of Finance for a 4-year mandate, with the right of reappointment not exceeding two consecutive terms.<\/p><p>\u00a0<\/p><h6><strong>P\u00ebrb\u00ebrja e Bordit t\u00eb Mbikqyrjes Publike, miratuar me urdh\u00ebr t\u00eb Ministrit t\u00eb Financave nr. 29\/1 , dat\u00eb 01.12.2021 \u201cP\u00cbR EM\u00cbRIMIN DHE MANDATIMIN E KRYETARIT DHE AN\u00cbTAR\u00cbVE T\u00cb BORDIT T\u00cb MBIK\u00cbQYRJES PUBLIKE\u201d, \u00ebsht\u00eb si m\u00eb posht\u00eb:<\/strong><\/h6><ul><li>Dritan FINO (Kryetar)<\/li><li>Adriana BERBERI (An\u00ebtar)<\/li><li>Luan ABAZI (An\u00ebtar)<\/li><li>Martin MICI (An\u00ebtar)<\/li><li>Gjergji DURO (An\u00ebtar)<\/li><\/ul>\t\t\t\t\t\t\t\t<\/div>\n\t\t\t\t\t<\/div>\n\t\t\t\t<\/div>\n\t\t\t\t<\/div>\n\t\t\t\t\t<\/details>\n\t\t\t\t\t\t<details id=\"e-n-accordion-item-2122\" class=\"e-n-accordion-item\" >\n\t\t\t\t<summary class=\"e-n-accordion-item-title\" data-accordion-index=\"3\" tabindex=\"-1\" aria-expanded=\"false\" aria-controls=\"e-n-accordion-item-2122\" >\n\t\t\t\t\t<span class='e-n-accordion-item-title-header'><div class=\"e-n-accordion-item-title-text\"> Struktura organizative dhe mb\u00ebshtet\u00ebse <\/div><\/span>\n\t\t\t\t\t\t\t<span class='e-n-accordion-item-title-icon'>\n\t\t\t<span class='e-opened' ><svg aria-hidden=\"true\" class=\"e-font-icon-svg e-fas-minus\" viewbox=\"0 0 448 512\" xmlns=\"http:\/\/www.w3.org\/2000\/svg\"><path d=\"M416 208H32c-17.67 0-32 14.33-32 32v32c0 17.67 14.33 32 32 32h384c17.67 0 32-14.33 32-32v-32c0-17.67-14.33-32-32-32z\"><\/path><\/svg><\/span>\n\t\t\t<span class='e-closed'><svg aria-hidden=\"true\" class=\"e-font-icon-svg e-fas-plus\" viewbox=\"0 0 448 512\" xmlns=\"http:\/\/www.w3.org\/2000\/svg\"><path d=\"M416 208H272V64c0-17.67-14.33-32-32-32h-32c-17.67 0-32 14.33-32 32v144H32c-17.67 0-32 14.33-32 32v32c0 17.67 14.33 32 32 32h144v144c0 17.67 14.33 32 32 32h32c17.67 0 32-14.33 32-32V304h144c17.67 0 32-14.33 32-32v-32c0-17.67-14.33-32-32-32z\"><\/path><\/svg><\/span>\n\t\t<\/span>\n\n\t\t\t\t\t\t<\/summary>\n\t\t\t\t<div role=\"region\" aria-labelledby=\"e-n-accordion-item-2122\" class=\"elementor-element elementor-element-0bca704 e-con-full e-flex e-con e-child\" data-id=\"0bca704\" data-element_type=\"container\" data-e-type=\"container\">\n\t\t<div role=\"region\" aria-labelledby=\"e-n-accordion-item-2122\" class=\"elementor-element elementor-element-638fcf8 e-flex e-con-boxed e-con e-child\" data-id=\"638fcf8\" data-element_type=\"container\" data-e-type=\"container\">\n\t\t\t\t\t<div class=\"e-con-inner\">\n\t\t\t\t<div class=\"elementor-element elementor-element-0d0d047 elementor-widget elementor-widget-text-editor\" data-id=\"0d0d047\" data-element_type=\"widget\" data-e-type=\"widget\" data-widget_type=\"text-editor.default\">\n\t\t\t\t\t\t\t\t\t<h4><a href=\"http:\/\/www.bmp.al\/wp-content\/uploads\/2018\/08\/Kodi-Etikes.pdf\" target=\"_self\">1.\u00a0<\/a><a href=\"https:\/\/bmp.al\/wp-content\/uploads\/2023\/04\/Kodi-Etikes.pdf\">Kodi i Etik\u00ebs<\/a><\/h4><hr \/><h3>\u00a0<\/h3><h4><a href=\"https:\/\/bmp.alcodeit.com\/wp-content\/uploads\/2025\/08\/Struktura.pdf\">2.\u00a0Struktura Organizative<\/a><\/h4><h3>\u00a0<\/h3><h4>3. Struktura mb\u00ebshtet\u00ebse<\/h4><h5>Struktura Mb\u00ebshtet\u00ebse funksionon n\u00eb p\u00ebrputhje me\u00a0<a href=\"https:\/\/bmp.al\/wp-content\/uploads\/2023\/02\/Ligji-i-auditimit-10091-date-5_03_2009-me-ndryshimet-e-perfshira-te-ligjit-47-2016.pdf\">ligjin\u00a0nr. 10091, dat\u00eb 5.3.2009<\/a>\u00a0,\u00a0\u00a0<a href=\"https:\/\/bmp.al\/wp-content\/uploads\/2023\/02\/VKM-e-konsoliduar.pdf\">VKM\u00a0nr. 786, dat\u00eb 9.11.2016<\/a>\u00a0dhe kuadri rregullator n\u00eb fuqi.<\/h5><h5>Pjes\u00eb e struktur\u00ebs mb\u00ebshtet\u00ebse jan\u00eb komisionet, komitetet dhe personeli i brendsh\u00ebm q\u00eb p\u00ebrfshin inspektoret dhe stafin administrativ.<\/h5>\t\t\t\t\t\t\t\t<\/div>\n\t\t\t\t\t<\/div>\n\t\t\t\t<\/div>\n\t\t\t\t<\/div>\n\t\t\t\t\t<\/details>\n\t\t\t\t\t\t<details id=\"e-n-accordion-item-2123\" class=\"e-n-accordion-item\" >\n\t\t\t\t<summary class=\"e-n-accordion-item-title\" data-accordion-index=\"4\" tabindex=\"-1\" aria-expanded=\"false\" aria-controls=\"e-n-accordion-item-2123\" >\n\t\t\t\t\t<span class='e-n-accordion-item-title-header'><div class=\"e-n-accordion-item-title-text\">  BMP Bank Accounts <\/div><\/span>\n\t\t\t\t\t\t\t<span class='e-n-accordion-item-title-icon'>\n\t\t\t<span class='e-opened' ><svg aria-hidden=\"true\" class=\"e-font-icon-svg e-fas-minus\" viewbox=\"0 0 448 512\" xmlns=\"http:\/\/www.w3.org\/2000\/svg\"><path d=\"M416 208H32c-17.67 0-32 14.33-32 32v32c0 17.67 14.33 32 32 32h384c17.67 0 32-14.33 32-32v-32c0-17.67-14.33-32-32-32z\"><\/path><\/svg><\/span>\n\t\t\t<span class='e-closed'><svg aria-hidden=\"true\" class=\"e-font-icon-svg e-fas-plus\" viewbox=\"0 0 448 512\" xmlns=\"http:\/\/www.w3.org\/2000\/svg\"><path d=\"M416 208H272V64c0-17.67-14.33-32-32-32h-32c-17.67 0-32 14.33-32 32v144H32c-17.67 0-32 14.33-32 32v32c0 17.67 14.33 32 32 32h144v144c0 17.67 14.33 32 32 32h32c17.67 0 32-14.33 32-32V304h144c17.67 0 32-14.33 32-32v-32c0-17.67-14.33-32-32-32z\"><\/path><\/svg><\/span>\n\t\t<\/span>\n\n\t\t\t\t\t\t<\/summary>\n\t\t\t\t<div role=\"region\" aria-labelledby=\"e-n-accordion-item-2123\" class=\"elementor-element elementor-element-a8e74df e-con-full e-flex e-con e-child\" data-id=\"a8e74df\" data-element_type=\"container\" data-e-type=\"container\">\n\t\t<div role=\"region\" aria-labelledby=\"e-n-accordion-item-2123\" class=\"elementor-element elementor-element-7263a5d e-flex e-con-boxed e-con e-child\" data-id=\"7263a5d\" data-element_type=\"container\" data-e-type=\"container\">\n\t\t\t\t\t<div class=\"e-con-inner\">\n\t\t\t\t<div class=\"elementor-element elementor-element-9d00428 elementor-widget elementor-widget-text-editor\" data-id=\"9d00428\" data-element_type=\"widget\" data-e-type=\"widget\" data-widget_type=\"text-editor.default\">\n\t\t\t\t\t\t\t\t\t<h4><strong>BANKA KOMB\u00cbTARE TREGTARE (BKT)\u00a0\u00a0\u00a0\u00a0<\/strong><\/h4><p><strong>Title:<\/strong>\u00a0Public Oversight Board\u00a0 \u00a0 \u00a0 \u00a0 \u00a0<br \/><strong>Account number:<\/strong>\u00a0434003100<br \/><strong>IBAN:<\/strong>\u00a0AL4520511344003100CLOTCLALLI<\/p><hr \/><h4><strong>CREDINS BANK (ALL)\u00a0 \u00a0\u00a0<\/strong><strong>\u00a0 \u00a0 \u00a0 \u00a0 \u00a0 \u00a0 \u00a0 \u00a0 \u00a0 \u00a0\u00a0<\/strong><\/h4><p><strong>Title:<\/strong>\u00a0Public Oversight Board<br \/><strong>Account number:<\/strong>\u00a0C0100001025398<br \/><strong>IBAN:<\/strong>\u00a0AL11212115730000000001025398<\/p><hr \/><h4><strong>CREDINS BANK (EUR)<\/strong><\/h4><p><strong>Title:<\/strong>\u00a0Public Oversight Board<br \/><strong>Account number:<\/strong>\u00a0C0100001025401<br \/><strong>IBAN:<\/strong>\u00a0AL27212115730000000001025401<\/p>\t\t\t\t\t\t\t\t<\/div>\n\t\t\t\t\t<\/div>\n\t\t\t\t<\/div>\n\t\t\t\t<\/div>\n\t\t\t\t\t<\/details>\n\t\t\t\t\t<\/div>\n\t\t\t\t\t\t<\/div>\n\t\t\t\t\t<\/div>\n\t\t\t\t<\/div>\n\t\t\t\t<\/div>","protected":false},"excerpt":{"rendered":"<p>Bordi i Mbik\u00ebqyrjes Publike, me statusin e nj\u00eb autoriteti rregullator t\u00eb pavarur, u krijua p\u00ebr t\u00eb realizuar mbik\u00ebqyrjen publike dhe p\u00ebr t\u00eb siguruar q\u00eb audituesit ligjor\u00eb dhe shoq\u00ebrit\u00eb e auditimit jan\u00eb subjekt i nj\u00eb sistemi q\u00eb jep siguri p\u00ebr cil\u00ebsin\u00eb. Mbik\u00ebqyrja e profesionit t\u00eb audituesve ligjor\u00eb dhe shoq\u00ebrive audituese realizohet nga bordi i mbik\u00ebqyrjes publike, [&hellip;]<\/p>\n","protected":false},"author":1,"featured_media":0,"parent":0,"menu_order":0,"comment_status":"closed","ping_status":"closed","template":"","meta":{"footnotes":""},"class_list":["post-19300","page","type-page","status-publish","hentry"],"_links":{"self":[{"href":"https:\/\/bmp.al\/en\/wp-json\/wp\/v2\/pages\/19300","targetHints":{"allow":["GET"]}}],"collection":[{"href":"https:\/\/bmp.al\/en\/wp-json\/wp\/v2\/pages"}],"about":[{"href":"https:\/\/bmp.al\/en\/wp-json\/wp\/v2\/types\/page"}],"author":[{"embeddable":true,"href":"https:\/\/bmp.al\/en\/wp-json\/wp\/v2\/users\/1"}],"replies":[{"embeddable":true,"href":"https:\/\/bmp.al\/en\/wp-json\/wp\/v2\/comments?post=19300"}],"version-history":[{"count":31,"href":"https:\/\/bmp.al\/en\/wp-json\/wp\/v2\/pages\/19300\/revisions"}],"predecessor-version":[{"id":21386,"href":"https:\/\/bmp.al\/en\/wp-json\/wp\/v2\/pages\/19300\/revisions\/21386"}],"wp:attachment":[{"href":"https:\/\/bmp.al\/en\/wp-json\/wp\/v2\/media?parent=19300"}],"curies":[{"name":"wp","href":"https:\/\/api.w.org\/{rel}","templated":true}]}}