{"id":19283,"date":"2025-07-10T16:02:55","date_gmt":"2025-07-10T16:02:55","guid":{"rendered":"https:\/\/bmp.al\/?page_id=19283"},"modified":"2025-10-02T09:26:27","modified_gmt":"2025-10-02T09:26:27","slug":"raporte","status":"publish","type":"page","link":"https:\/\/bmp.al\/en\/raporte\/","title":{"rendered":"Reports"},"content":{"rendered":"<div data-elementor-type=\"wp-page\" data-elementor-id=\"19283\" class=\"elementor elementor-19283\">\n\t\t\t\t<div class=\"elementor-element elementor-element-1d257af e-flex e-con-boxed e-con e-parent\" data-id=\"1d257af\" data-element_type=\"container\" data-e-type=\"container\">\n\t\t\t\t\t<div class=\"e-con-inner\">\n\t\t\t\t<div class=\"elementor-element elementor-element-4cfa5a3 elementor-widget elementor-widget-heading\" data-id=\"4cfa5a3\" data-element_type=\"widget\" data-e-type=\"widget\" data-widget_type=\"heading.default\">\n\t\t\t\t\t<h1 class=\"elementor-heading-title elementor-size-default\">Reports<\/h1>\t\t\t\t<\/div>\n\t\t\t\t<div class=\"elementor-element elementor-element-a989c5d elementor-widget elementor-widget-text-editor\" data-id=\"a989c5d\" data-element_type=\"widget\" data-e-type=\"widget\" data-widget_type=\"text-editor.default\">\n\t\t\t\t\t\t\t\t\t<div class=\"elementor-element elementor-element-23c09b5 elementor-widget elementor-widget-heading\" data-id=\"23c09b5\" data-element_type=\"widget\" data-widget_type=\"heading.default\"><div class=\"elementor-widget-container\"><p class=\"elementor-heading-title elementor-size-default\"><span style=\"font-size: 16px;\">According to Article 6 of the Law on Statutory Audit, the Public Oversight Board, for the activity it carries out in accordance with this law, reports to the Parliament within the first four months of the following year. The annual report is published on the official website of the Public Oversight Board within this deadline.<\/span><\/p><\/div><\/div>\t\t\t\t\t\t\t\t<\/div>\n\t\t\t\t<div class=\"elementor-element elementor-element-820aadc elementor-widget elementor-widget-ova_doc_download\" data-id=\"820aadc\" data-element_type=\"widget\" data-e-type=\"widget\" data-settings=\"{&quot;posts_per_page&quot;:10,&quot;cate&quot;:&quot;raporte&quot;}\" data-widget_type=\"ova_doc_download.default\">\n\t\t\t\t<div class=\"elementor-widget-container\">\n\t\t\t\t\t\n<div class=\"ova-doc-download\">\n\t<div class=\"triangle-topright\"><\/div>\n\n\t\t\t<div class=\"head\">\n\t\t\t\t\t\t\t<h3 class=\"title\">\n\t\t\t\t\tAnnual Reports\t\n\t\t\t\t<\/h3>\n\t\t\t\n\t\t\t\t\t\t\t<div class=\"icon\">\n\t\t\t\t\t<i aria-hidden=\"true\" class=\"gimonticon gimonticon-pdf-file\"><\/i>\t\t\t\t<\/div>\n\t\t\t\t\t<\/div>\n\t\n\t\t\t<ul class=\"document-list\">\n\t\t\t\t\t\t\t<li class=\"item\">\n\t\t\t\t\t<div class=\"item-wrap\">\n\t\t\t\t\t\t<div class=\"info\">\n\t\t\t\t\t\t\t\n\t\t\t\t\t\t\t\t\t\t\t\t\t\t\t\t\t\t\t\t\t\t\t\t<a href=\"https:\/\/bmp.al\/en\/ova_doc\/raporti-vjetor-i-veprimtarise-se-bordit-te-mbikeqyrjes-publike-per-vitin-2024\/\"\n\t\t\t\t\t\t\t\t\t\ttitle=\"Annual Activity Report of the Public Oversight Board for 2024\"\n\t\t\t\t\t\t\t\t\t>\n\t\t\t\t\t\t\t\t\t\t\t\t\t\t\t\t\t<h3 class=\"title\">\n\t\t\t\t\t\t\t\t\t\tAnnual Activity Report of the Public Oversight Board for 2024\t\t\t\t\t\t\t\t\t<\/h3>\n\t\t\t\t\t\t\t\t\t\t\t\t\t\t\t\t\t<\/a>\n\t\t\t\t\t\t\t\t\t\t\t\t\t\t\t\t\t\t\t\t\t<\/div>\n\n\t\t\t\t\t\t\t\t\t\t\t<\/div>\n\t\t\t\t<\/li>\n\t\t\t\t\t\t\t<li class=\"item\">\n\t\t\t\t\t<div class=\"item-wrap\">\n\t\t\t\t\t\t<div class=\"info\">\n\t\t\t\t\t\t\t\n\t\t\t\t\t\t\t\t\t\t\t\t\t\t\t\t\t\t\t\t\t\t\t\t<a href=\"https:\/\/bmp.al\/en\/ova_doc\/raporti-vjetor-i-veprimtarise-se-bordit-te-mbikeqyrjes-publike-per-vitin-2023\/\"\n\t\t\t\t\t\t\t\t\t\ttitle=\"Annual Activity Report of the Public Oversight Board for 2023\"\n\t\t\t\t\t\t\t\t\t>\n\t\t\t\t\t\t\t\t\t\t\t\t\t\t\t\t\t<h3 class=\"title\">\n\t\t\t\t\t\t\t\t\t\tAnnual Activity Report of the Public Oversight Board for 2023\t\t\t\t\t\t\t\t\t<\/h3>\n\t\t\t\t\t\t\t\t\t\t\t\t\t\t\t\t\t<\/a>\n\t\t\t\t\t\t\t\t\t\t\t\t\t\t\t\t\t\t\t\t\t<\/div>\n\n\t\t\t\t\t\t\t\t\t\t\t<\/div>\n\t\t\t\t<\/li>\n\t\t\t\t\t\t\t<li class=\"item\">\n\t\t\t\t\t<div class=\"item-wrap\">\n\t\t\t\t\t\t<div class=\"info\">\n\t\t\t\t\t\t\t\n\t\t\t\t\t\t\t\t\t\t\t\t\t\t\t\t\t\t\t\t\t\t\t\t<a href=\"https:\/\/bmp.al\/en\/ova_doc\/raporti-vjetor-i-veprimtarise-se-bordit-te-mbikeqyrjes-publike-per-vitin-2022\/\"\n\t\t\t\t\t\t\t\t\t\ttitle=\"Annual Activity Report of the Public Oversight Board for 2022\"\n\t\t\t\t\t\t\t\t\t>\n\t\t\t\t\t\t\t\t\t\t\t\t\t\t\t\t\t<h3 class=\"title\">\n\t\t\t\t\t\t\t\t\t\tAnnual Activity Report of the Public Oversight Board for 2022\t\t\t\t\t\t\t\t\t<\/h3>\n\t\t\t\t\t\t\t\t\t\t\t\t\t\t\t\t\t<\/a>\n\t\t\t\t\t\t\t\t\t\t\t\t\t\t\t\t\t\t\t\t\t<\/div>\n\n\t\t\t\t\t\t\t\t\t\t\t<\/div>\n\t\t\t\t<\/li>\n\t\t\t\t\t\t\t<li class=\"item\">\n\t\t\t\t\t<div class=\"item-wrap\">\n\t\t\t\t\t\t<div class=\"info\">\n\t\t\t\t\t\t\t\n\t\t\t\t\t\t\t\t\t\t\t\t\t\t\t\t\t\t\t\t\t\t\t\t<a href=\"https:\/\/bmp.al\/en\/ova_doc\/raporti-vjetor-i-veprimtarise-se-bordit-te-mbikeqyrjes-publike-per-vitin-2021\/\"\n\t\t\t\t\t\t\t\t\t\ttitle=\"Annual Activity Report of the Public Oversight Board for 2021\"\n\t\t\t\t\t\t\t\t\t>\n\t\t\t\t\t\t\t\t\t\t\t\t\t\t\t\t\t<h3 class=\"title\">\n\t\t\t\t\t\t\t\t\t\tAnnual Activity Report of the Public Oversight Board for 2021\t\t\t\t\t\t\t\t\t<\/h3>\n\t\t\t\t\t\t\t\t\t\t\t\t\t\t\t\t\t<\/a>\n\t\t\t\t\t\t\t\t\t\t\t\t\t\t\t\t\t\t\t\t\t<\/div>\n\n\t\t\t\t\t\t\t\t\t\t\t<\/div>\n\t\t\t\t<\/li>\n\t\t\t\t\t\t\t<li class=\"item\">\n\t\t\t\t\t<div class=\"item-wrap\">\n\t\t\t\t\t\t<div class=\"info\">\n\t\t\t\t\t\t\t\n\t\t\t\t\t\t\t\t\t\t\t\t\t\t\t\t\t\t\t\t\t\t\t\t<a href=\"https:\/\/bmp.al\/en\/ova_doc\/raporti-vjetor-i-veprimtarise-se-bordit-te-mbikeqyrjes-publike-per-vitin-2020\/\"\n\t\t\t\t\t\t\t\t\t\ttitle=\"Annual Activity Report of the Public Oversight Board for 2020\"\n\t\t\t\t\t\t\t\t\t>\n\t\t\t\t\t\t\t\t\t\t\t\t\t\t\t\t\t<h3 class=\"title\">\n\t\t\t\t\t\t\t\t\t\tAnnual Activity Report of the Public Oversight Board for 2020\t\t\t\t\t\t\t\t\t<\/h3>\n\t\t\t\t\t\t\t\t\t\t\t\t\t\t\t\t\t<\/a>\n\t\t\t\t\t\t\t\t\t\t\t\t\t\t\t\t\t\t\t\t\t<\/div>\n\n\t\t\t\t\t\t\t\t\t\t\t<\/div>\n\t\t\t\t<\/li>\n\t\t\t\t\t\t\t<li class=\"item\">\n\t\t\t\t\t<div class=\"item-wrap\">\n\t\t\t\t\t\t<div class=\"info\">\n\t\t\t\t\t\t\t\n\t\t\t\t\t\t\t\t\t\t\t\t\t\t\t\t\t\t\t\t\t\t\t\t<a href=\"https:\/\/bmp.al\/en\/ova_doc\/raporti-vjetor-i-veprimtarise-se-bordit-te-mbikeqyrjes-publike-per-vitin-2019\/\"\n\t\t\t\t\t\t\t\t\t\ttitle=\"Annual Activity Report of the Public Oversight Board for 2019\"\n\t\t\t\t\t\t\t\t\t>\n\t\t\t\t\t\t\t\t\t\t\t\t\t\t\t\t\t<h3 class=\"title\">\n\t\t\t\t\t\t\t\t\t\tAnnual Activity Report of the Public Oversight Board for 2019\t\t\t\t\t\t\t\t\t<\/h3>\n\t\t\t\t\t\t\t\t\t\t\t\t\t\t\t\t\t<\/a>\n\t\t\t\t\t\t\t\t\t\t\t\t\t\t\t\t\t\t\t\t\t<\/div>\n\n\t\t\t\t\t\t\t\t\t\t\t<\/div>\n\t\t\t\t<\/li>\n\t\t\t\t\t\t\t<li class=\"item\">\n\t\t\t\t\t<div class=\"item-wrap\">\n\t\t\t\t\t\t<div class=\"info\">\n\t\t\t\t\t\t\t\n\t\t\t\t\t\t\t\t\t\t\t\t\t\t\t\t\t\t\t\t\t\t\t\t<a href=\"https:\/\/bmp.al\/en\/ova_doc\/raporti-vjetor-i-veprimtarise-se-bordit-te-mbikeqyrjes-publike-per-vitin-2018\/\"\n\t\t\t\t\t\t\t\t\t\ttitle=\"Annual Activity Report of the Public Oversight Board for 2018\"\n\t\t\t\t\t\t\t\t\t>\n\t\t\t\t\t\t\t\t\t\t\t\t\t\t\t\t\t<h3 class=\"title\">\n\t\t\t\t\t\t\t\t\t\tAnnual Activity Report of the Public Oversight Board for 2018\t\t\t\t\t\t\t\t\t<\/h3>\n\t\t\t\t\t\t\t\t\t\t\t\t\t\t\t\t\t<\/a>\n\t\t\t\t\t\t\t\t\t\t\t\t\t\t\t\t\t\t\t\t\t<\/div>\n\n\t\t\t\t\t\t\t\t\t\t\t<\/div>\n\t\t\t\t<\/li>\n\t\t\t\t\t\t\t<li class=\"item\">\n\t\t\t\t\t<div class=\"item-wrap\">\n\t\t\t\t\t\t<div class=\"info\">\n\t\t\t\t\t\t\t\n\t\t\t\t\t\t\t\t\t\t\t\t\t\t\t\t\t\t\t\t\t\t\t\t<a href=\"https:\/\/bmp.al\/en\/ova_doc\/raporti-vjetor-i-veprimtarise-se-bordit-te-mbikeqyrjes-publike-per-vitin-2017\/\"\n\t\t\t\t\t\t\t\t\t\ttitle=\"Annual Activity Report of the Public Oversight Board for 2017\"\n\t\t\t\t\t\t\t\t\t>\n\t\t\t\t\t\t\t\t\t\t\t\t\t\t\t\t\t<h3 class=\"title\">\n\t\t\t\t\t\t\t\t\t\tAnnual Activity Report of the Public Oversight Board for 2017\t\t\t\t\t\t\t\t\t<\/h3>\n\t\t\t\t\t\t\t\t\t\t\t\t\t\t\t\t\t<\/a>\n\t\t\t\t\t\t\t\t\t\t\t\t\t\t\t\t\t\t\t\t\t<\/div>\n\n\t\t\t\t\t\t\t\t\t\t\t<\/div>\n\t\t\t\t<\/li>\n\t\t\t\t\t<\/ul>\n\t\t<div class=\"ova-doc-modal\"><\/div>\n<\/div>\n\t\t\t\t<\/div>\n\t\t\t\t<\/div>\n\t\t\t\t\t<\/div>\n\t\t\t\t<\/div>\n\t\t\t\t<\/div>","protected":false},"excerpt":{"rendered":"<p>Raporte N\u00eb baz\u00eb t\u00eb nenit 6 t\u00eb Ligjit t\u00eb Auditimit Ligjor, Bordi i Mbik\u00ebqyrjes Publike, p\u00ebr veprimtarin\u00eb q\u00eb ushtron n\u00eb p\u00ebrputhje me k\u00ebt\u00eb ligj, raporton n\u00eb Kuvend brenda 4-mujorit t\u00eb par\u00eb t\u00eb vitit pasardh\u00ebs. Raporti vjetor publikohet n\u00eb faqen zyrtare t\u00eb Bordit t\u00eb Mbik\u00ebqyrjes Publike brenda k\u00ebtij afati. Raporte Vjetore Raporti vjetor i veprimtaris\u00eb s\u00eb [&hellip;]<\/p>\n","protected":false},"author":1,"featured_media":0,"parent":0,"menu_order":0,"comment_status":"closed","ping_status":"closed","template":"elementor_header_footer","meta":{"footnotes":""},"class_list":["post-19283","page","type-page","status-publish","hentry"],"_links":{"self":[{"href":"https:\/\/bmp.al\/en\/wp-json\/wp\/v2\/pages\/19283","targetHints":{"allow":["GET"]}}],"collection":[{"href":"https:\/\/bmp.al\/en\/wp-json\/wp\/v2\/pages"}],"about":[{"href":"https:\/\/bmp.al\/en\/wp-json\/wp\/v2\/types\/page"}],"author":[{"embeddable":true,"href":"https:\/\/bmp.al\/en\/wp-json\/wp\/v2\/users\/1"}],"replies":[{"embeddable":true,"href":"https:\/\/bmp.al\/en\/wp-json\/wp\/v2\/comments?post=19283"}],"version-history":[{"count":28,"href":"https:\/\/bmp.al\/en\/wp-json\/wp\/v2\/pages\/19283\/revisions"}],"predecessor-version":[{"id":22439,"href":"https:\/\/bmp.al\/en\/wp-json\/wp\/v2\/pages\/19283\/revisions\/22439"}],"wp:attachment":[{"href":"https:\/\/bmp.al\/en\/wp-json\/wp\/v2\/media?parent=19283"}],"curies":[{"name":"wp","href":"https:\/\/api.w.org\/{rel}","templated":true}]}}