{"id":19266,"date":"2025-07-10T14:34:32","date_gmt":"2025-07-10T14:34:32","guid":{"rendered":"https:\/\/bmp.al\/?page_id=19266"},"modified":"2025-10-02T08:28:10","modified_gmt":"2025-10-02T08:28:10","slug":"open-data","status":"publish","type":"page","link":"https:\/\/bmp.al\/en\/open-data\/","title":{"rendered":"Open Data"},"content":{"rendered":"\t\t<div data-elementor-type=\"wp-page\" data-elementor-id=\"19266\" class=\"elementor elementor-19266\">\n\t\t\t\t\t\t<section class=\"elementor-section elementor-top-section elementor-element elementor-element-40a8f5f elementor-section-boxed elementor-section-height-default elementor-section-height-default\" data-id=\"40a8f5f\" data-element_type=\"section\" data-e-type=\"section\">\n\t\t\t\t\t\t<div class=\"elementor-container elementor-column-gap-default\">\n\t\t\t\t\t<div class=\"elementor-column elementor-col-100 elementor-top-column elementor-element elementor-element-47bf71e\" data-id=\"47bf71e\" data-element_type=\"column\" data-e-type=\"column\">\n\t\t\t<div class=\"elementor-widget-wrap elementor-element-populated\">\n\t\t\t\t\t\t<div class=\"elementor-element elementor-element-fd78d0f elementor-widget elementor-widget-heading\" data-id=\"fd78d0f\" data-element_type=\"widget\" data-e-type=\"widget\" data-widget_type=\"heading.default\">\n\t\t\t\t\t<h1 class=\"elementor-heading-title elementor-size-default\">Open Data<\/h1>\t\t\t\t<\/div>\n\t\t\t\t<div class=\"elementor-element elementor-element-cf54995 elementor-widget elementor-widget-spacer\" data-id=\"cf54995\" data-element_type=\"widget\" data-e-type=\"widget\" data-widget_type=\"spacer.default\">\n\t\t\t\t\t\t\t<div class=\"elementor-spacer\">\n\t\t\t<div class=\"elementor-spacer-inner\"><\/div>\n\t\t<\/div>\n\t\t\t\t\t\t<\/div>\n\t\t\t\t\t<\/div>\n\t\t<\/div>\n\t\t\t\t\t<\/div>\n\t\t<\/section>\n\t\t<div class=\"elementor-element elementor-element-621855b e-flex e-con-boxed e-con e-parent\" data-id=\"621855b\" data-element_type=\"container\" data-e-type=\"container\">\n\t\t\t\t\t<div class=\"e-con-inner\">\n\t\t\t\t<div class=\"elementor-element elementor-element-8373aa5 elementor-widget elementor-widget-accordion\" data-id=\"8373aa5\" data-element_type=\"widget\" data-e-type=\"widget\" data-widget_type=\"accordion.default\">\n\t\t\t\t\t\t\t<div class=\"elementor-accordion\">\n\t\t\t\t\t\t\t<div class=\"elementor-accordion-item\">\n\t\t\t\t\t<div id=\"elementor-tab-title-1371\" class=\"elementor-tab-title\" data-tab=\"1\" role=\"button\" aria-controls=\"elementor-tab-content-1371\" aria-expanded=\"false\">\n\t\t\t\t\t\t\t\t\t\t\t\t\t<span class=\"elementor-accordion-icon elementor-accordion-icon-right\" aria-hidden=\"true\">\n\t\t\t\t\t\t\t\t\t\t\t\t\t\t\t<span class=\"elementor-accordion-icon-closed\"><i class=\"gimonticon gimonticon-plus\"><\/i><\/span>\n\t\t\t\t\t\t\t\t<span class=\"elementor-accordion-icon-opened\"><i class=\"gimonticon gimonticon-remove\"><\/i><\/span>\n\t\t\t\t\t\t\t\t\t\t\t\t\t\t<\/span>\n\t\t\t\t\t\t\t\t\t\t\t\t<a class=\"elementor-accordion-title\" tabindex=\"0\">1. Raporti Vjetor<\/a>\n\t\t\t\t\t<\/div>\n\t\t\t\t\t<div id=\"elementor-tab-content-1371\" class=\"elementor-tab-content elementor-clearfix\" data-tab=\"1\" role=\"region\" aria-labelledby=\"elementor-tab-title-1371\"><span style=\"color: #333333;\"><a style=\"color: #333333;\" href=\"https:\/\/bmp.al\/raporte\/\">Raporti Vjetor<\/a><\/span><\/div>\n\t\t\t\t<\/div>\n\t\t\t\t\t\t\t<div class=\"elementor-accordion-item\">\n\t\t\t\t\t<div id=\"elementor-tab-title-1372\" class=\"elementor-tab-title\" data-tab=\"2\" role=\"button\" aria-controls=\"elementor-tab-content-1372\" aria-expanded=\"false\">\n\t\t\t\t\t\t\t\t\t\t\t\t\t<span class=\"elementor-accordion-icon elementor-accordion-icon-right\" aria-hidden=\"true\">\n\t\t\t\t\t\t\t\t\t\t\t\t\t\t\t<span class=\"elementor-accordion-icon-closed\"><i class=\"gimonticon gimonticon-plus\"><\/i><\/span>\n\t\t\t\t\t\t\t\t<span class=\"elementor-accordion-icon-opened\"><i class=\"gimonticon gimonticon-remove\"><\/i><\/span>\n\t\t\t\t\t\t\t\t\t\t\t\t\t\t<\/span>\n\t\t\t\t\t\t\t\t\t\t\t\t<a class=\"elementor-accordion-title\" tabindex=\"0\">2. Informacion p\u00ebr procedurat e prokurimit \/ procedurat konkurruese t\u00eb koncesionit\/partneritetit publik privat<\/a>\n\t\t\t\t\t<\/div>\n\t\t\t\t\t<div id=\"elementor-tab-content-1372\" class=\"elementor-tab-content elementor-clearfix\" data-tab=\"2\" role=\"region\" aria-labelledby=\"elementor-tab-title-1372\"><span style=\"color: #333333;\"><a style=\"color: #333333;\" href=\"https:\/\/bmp.al\/transparenca\/\">Informacion p\u00ebr procedurat e prokurimit \/ procedurat konkurruese t\u00eb koncesionit\/partneritetit publik privat<\/a><\/span><\/div>\n\t\t\t\t<\/div>\n\t\t\t\t\t\t\t<div class=\"elementor-accordion-item\">\n\t\t\t\t\t<div id=\"elementor-tab-title-1373\" class=\"elementor-tab-title\" data-tab=\"3\" role=\"button\" aria-controls=\"elementor-tab-content-1373\" aria-expanded=\"false\">\n\t\t\t\t\t\t\t\t\t\t\t\t\t<span class=\"elementor-accordion-icon elementor-accordion-icon-right\" aria-hidden=\"true\">\n\t\t\t\t\t\t\t\t\t\t\t\t\t\t\t<span class=\"elementor-accordion-icon-closed\"><i class=\"gimonticon gimonticon-plus\"><\/i><\/span>\n\t\t\t\t\t\t\t\t<span class=\"elementor-accordion-icon-opened\"><i class=\"gimonticon gimonticon-remove\"><\/i><\/span>\n\t\t\t\t\t\t\t\t\t\t\t\t\t\t<\/span>\n\t\t\t\t\t\t\t\t\t\t\t\t<a class=\"elementor-accordion-title\" tabindex=\"0\">3. Buxheti Vjetor<\/a>\n\t\t\t\t\t<\/div>\n\t\t\t\t\t<div id=\"elementor-tab-content-1373\" class=\"elementor-tab-content elementor-clearfix\" data-tab=\"3\" role=\"region\" aria-labelledby=\"elementor-tab-title-1373\"><ul>\n \t<li><span style=\"color: #333333;\"><a style=\"color: #333333;\" href=\"https:\/\/bmp.al\/wp-content\/uploads\/2025\/07\/Buxheti-vjetor-BMP_2023.pdf\">Buxheti Vjetor 2023<\/a><\/span><\/li>\n \t<li><span style=\"color: #333333;\"><a style=\"color: #333333;\" href=\"https:\/\/bmp.al\/wp-content\/uploads\/2025\/07\/Financimi-i-veprimtarise-se-BMP.pdf\">Buxheti Vjetor 2024<\/a><\/span><\/li>\n<\/ul><\/div>\n\t\t\t\t<\/div>\n\t\t\t\t\t\t\t<div class=\"elementor-accordion-item\">\n\t\t\t\t\t<div id=\"elementor-tab-title-1374\" class=\"elementor-tab-title\" data-tab=\"4\" role=\"button\" aria-controls=\"elementor-tab-content-1374\" aria-expanded=\"false\">\n\t\t\t\t\t\t\t\t\t\t\t\t\t<span class=\"elementor-accordion-icon elementor-accordion-icon-right\" aria-hidden=\"true\">\n\t\t\t\t\t\t\t\t\t\t\t\t\t\t\t<span class=\"elementor-accordion-icon-closed\"><i class=\"gimonticon gimonticon-plus\"><\/i><\/span>\n\t\t\t\t\t\t\t\t<span class=\"elementor-accordion-icon-opened\"><i class=\"gimonticon gimonticon-remove\"><\/i><\/span>\n\t\t\t\t\t\t\t\t\t\t\t\t\t\t<\/span>\n\t\t\t\t\t\t\t\t\t\t\t\t<a class=\"elementor-accordion-title\" tabindex=\"0\">4. Renditja e subjekteve-Statistika<\/a>\n\t\t\t\t\t<\/div>\n\t\t\t\t\t<div id=\"elementor-tab-content-1374\" class=\"elementor-tab-content elementor-clearfix\" data-tab=\"4\" role=\"region\" aria-labelledby=\"elementor-tab-title-1374\"><span style=\"color: #333333;\"><a style=\"color: #333333;\" href=\"https:\/\/bmp.al\/wp-content\/uploads\/2025\/07\/Renditja-e-subjekteve_-Statistika.xlsx\">Renditja e subjekteve-Statistika<\/a><\/span><\/div>\n\t\t\t\t<\/div>\n\t\t\t\t\t\t\t<div class=\"elementor-accordion-item\">\n\t\t\t\t\t<div id=\"elementor-tab-title-1375\" class=\"elementor-tab-title\" data-tab=\"5\" role=\"button\" aria-controls=\"elementor-tab-content-1375\" aria-expanded=\"false\">\n\t\t\t\t\t\t\t\t\t\t\t\t\t<span class=\"elementor-accordion-icon elementor-accordion-icon-right\" aria-hidden=\"true\">\n\t\t\t\t\t\t\t\t\t\t\t\t\t\t\t<span class=\"elementor-accordion-icon-closed\"><i class=\"gimonticon gimonticon-plus\"><\/i><\/span>\n\t\t\t\t\t\t\t\t<span class=\"elementor-accordion-icon-opened\"><i class=\"gimonticon gimonticon-remove\"><\/i><\/span>\n\t\t\t\t\t\t\t\t\t\t\t\t\t\t<\/span>\n\t\t\t\t\t\t\t\t\t\t\t\t<a class=\"elementor-accordion-title\" tabindex=\"0\">5. Konkurrenca n\u00eb tregun e auditimit<\/a>\n\t\t\t\t\t<\/div>\n\t\t\t\t\t<div id=\"elementor-tab-content-1375\" class=\"elementor-tab-content elementor-clearfix\" data-tab=\"5\" role=\"region\" aria-labelledby=\"elementor-tab-title-1375\"><span style=\"color: #333333;\"><a style=\"color: #333333;\" href=\"https:\/\/bmp.al\/wp-content\/uploads\/2025\/07\/Konkurrenca-ne-tregun-e-auditimit.xlsx\">Konkurrenca n\u00eb tregun e auditimit<\/a><\/span><\/div>\n\t\t\t\t<\/div>\n\t\t\t\t\t\t\t<div class=\"elementor-accordion-item\">\n\t\t\t\t\t<div id=\"elementor-tab-title-1376\" class=\"elementor-tab-title\" data-tab=\"6\" role=\"button\" aria-controls=\"elementor-tab-content-1376\" aria-expanded=\"false\">\n\t\t\t\t\t\t\t\t\t\t\t\t\t<span class=\"elementor-accordion-icon elementor-accordion-icon-right\" aria-hidden=\"true\">\n\t\t\t\t\t\t\t\t\t\t\t\t\t\t\t<span class=\"elementor-accordion-icon-closed\"><i class=\"gimonticon gimonticon-plus\"><\/i><\/span>\n\t\t\t\t\t\t\t\t<span class=\"elementor-accordion-icon-opened\"><i class=\"gimonticon gimonticon-remove\"><\/i><\/span>\n\t\t\t\t\t\t\t\t\t\t\t\t\t\t<\/span>\n\t\t\t\t\t\t\t\t\t\t\t\t<a class=\"elementor-accordion-title\" tabindex=\"0\">6. V\u00ebshtrimi i p\u00ebrgjithsh\u00ebm mbi sh\u00ebrbimet e auditimit, Cil\u00ebsia n\u00eb auditim<\/a>\n\t\t\t\t\t<\/div>\n\t\t\t\t\t<div id=\"elementor-tab-content-1376\" class=\"elementor-tab-content elementor-clearfix\" data-tab=\"6\" role=\"region\" aria-labelledby=\"elementor-tab-title-1376\"><span style=\"color: #333333;\"><a style=\"color: #333333;\" href=\"https:\/\/bmp.al\/wp-content\/uploads\/2025\/07\/Sherbimet-e-auditimit.pdf\">V\u00ebshtrimi i p\u00ebrgjithsh\u00ebm mbi sh\u00ebrbimet e auditimit, Cil\u00ebsia n\u00eb auditim<\/a><\/span><\/div>\n\t\t\t\t<\/div>\n\t\t\t\t\t\t\t<div class=\"elementor-accordion-item\">\n\t\t\t\t\t<div id=\"elementor-tab-title-1377\" class=\"elementor-tab-title\" data-tab=\"7\" role=\"button\" aria-controls=\"elementor-tab-content-1377\" aria-expanded=\"false\">\n\t\t\t\t\t\t\t\t\t\t\t\t\t<span class=\"elementor-accordion-icon elementor-accordion-icon-right\" aria-hidden=\"true\">\n\t\t\t\t\t\t\t\t\t\t\t\t\t\t\t<span class=\"elementor-accordion-icon-closed\"><i class=\"gimonticon gimonticon-plus\"><\/i><\/span>\n\t\t\t\t\t\t\t\t<span class=\"elementor-accordion-icon-opened\"><i class=\"gimonticon gimonticon-remove\"><\/i><\/span>\n\t\t\t\t\t\t\t\t\t\t\t\t\t\t<\/span>\n\t\t\t\t\t\t\t\t\t\t\t\t<a class=\"elementor-accordion-title\" tabindex=\"0\">7. Aktivitetet<\/a>\n\t\t\t\t\t<\/div>\n\t\t\t\t\t<div id=\"elementor-tab-content-1377\" class=\"elementor-tab-content elementor-clearfix\" data-tab=\"7\" role=\"region\" aria-labelledby=\"elementor-tab-title-1377\"><span style=\"color: #333333;\"><a style=\"color: #333333;\" href=\"https:\/\/bmp.al\/event-grid\/\">Aktivitetet<\/a><\/span><\/div>\n\t\t\t\t<\/div>\n\t\t\t\t\t\t\t<div class=\"elementor-accordion-item\">\n\t\t\t\t\t<div id=\"elementor-tab-title-1378\" class=\"elementor-tab-title\" data-tab=\"8\" role=\"button\" aria-controls=\"elementor-tab-content-1378\" aria-expanded=\"false\">\n\t\t\t\t\t\t\t\t\t\t\t\t\t<span class=\"elementor-accordion-icon elementor-accordion-icon-right\" aria-hidden=\"true\">\n\t\t\t\t\t\t\t\t\t\t\t\t\t\t\t<span class=\"elementor-accordion-icon-closed\"><i class=\"gimonticon gimonticon-plus\"><\/i><\/span>\n\t\t\t\t\t\t\t\t<span class=\"elementor-accordion-icon-opened\"><i class=\"gimonticon gimonticon-remove\"><\/i><\/span>\n\t\t\t\t\t\t\t\t\t\t\t\t\t\t<\/span>\n\t\t\t\t\t\t\t\t\t\t\t\t<a class=\"elementor-accordion-title\" tabindex=\"0\">8. Formate Zyrtare p\u00ebr Parashtrimin e K\u00ebrkesave dhe Ankesave p\u00ebr Rip\u00ebrdorimin e t\u00eb Dh\u00ebnave<\/a>\n\t\t\t\t\t<\/div>\n\t\t\t\t\t<div id=\"elementor-tab-content-1378\" class=\"elementor-tab-content elementor-clearfix\" data-tab=\"8\" role=\"region\" aria-labelledby=\"elementor-tab-title-1378\"><span style=\"color: #333333;\"><a style=\"color: #333333;\" href=\"https:\/\/bmp.al\/wp-content\/uploads\/2025\/07\/Aneks-3-Formati-Per-Paraqitjen-E-Kerkeses-Per-Riperdorimin-e-te-dhenave.docx\">Aneks 3- Formati P\u00ebr Paraqitjen E K\u00ebrkes\u00ebs P\u00ebr Rip\u00ebrdorimin e t\u00eb dh\u00ebnave<\/a><\/span>\n\n<span style=\"color: #333333;\"><a style=\"color: #333333;\" href=\"https:\/\/bmp.al\/wp-content\/uploads\/2025\/07\/Aneks-4-Formati-Per-Paraqitjen-E-Ankeses-Per-Riperdorim.docx\">Aneks 4- Formati P\u00ebr Paraqitjen E Ankes\u00ebs P\u00ebr Rip\u00ebrdorim<\/a><\/span><\/div>\n\t\t\t\t<\/div>\n\t\t\t\t\t\t\t\t\t\t<script type=\"application\/ld+json\">{\"@context\":\"https:\\\/\\\/schema.org\",\"@type\":\"FAQPage\",\"mainEntity\":[{\"@type\":\"Question\",\"name\":\"1. Raporti Vjetor\",\"acceptedAnswer\":{\"@type\":\"Answer\",\"text\":\"<span style=\\\"color: #333333;\\\"><a style=\\\"color: #333333;\\\" href=\\\"https:\\\/\\\/bmp.al\\\/raporte\\\/\\\">Raporti Vjetor<\\\/a><\\\/span>\"}},{\"@type\":\"Question\",\"name\":\"2. Informacion p\\u00ebr procedurat e prokurimit \\\/ procedurat konkurruese t\\u00eb koncesionit\\\/partneritetit publik privat\",\"acceptedAnswer\":{\"@type\":\"Answer\",\"text\":\"<span style=\\\"color: #333333;\\\"><a style=\\\"color: #333333;\\\" href=\\\"https:\\\/\\\/bmp.al\\\/transparenca\\\/\\\">Informacion p\\u00ebr procedurat e prokurimit \\\/ procedurat konkurruese t\\u00eb koncesionit\\\/partneritetit publik privat<\\\/a><\\\/span>\"}},{\"@type\":\"Question\",\"name\":\"3. Buxheti Vjetor\",\"acceptedAnswer\":{\"@type\":\"Answer\",\"text\":\"<ul>\\n \\t<li><span style=\\\"color: #333333;\\\"><a style=\\\"color: #333333;\\\" href=\\\"https:\\\/\\\/bmp.al\\\/wp-content\\\/uploads\\\/2025\\\/07\\\/Buxheti-vjetor-BMP_2023.pdf\\\">Buxheti Vjetor 2023<\\\/a><\\\/span><\\\/li>\\n \\t<li><span style=\\\"color: #333333;\\\"><a style=\\\"color: #333333;\\\" href=\\\"https:\\\/\\\/bmp.al\\\/wp-content\\\/uploads\\\/2025\\\/07\\\/Financimi-i-veprimtarise-se-BMP.pdf\\\">Buxheti Vjetor 2024<\\\/a><\\\/span><\\\/li>\\n<\\\/ul>\"}},{\"@type\":\"Question\",\"name\":\"4. Renditja e subjekteve-Statistika\",\"acceptedAnswer\":{\"@type\":\"Answer\",\"text\":\"<span style=\\\"color: #333333;\\\"><a style=\\\"color: #333333;\\\" href=\\\"https:\\\/\\\/bmp.al\\\/wp-content\\\/uploads\\\/2025\\\/07\\\/Renditja-e-subjekteve_-Statistika.xlsx\\\">Renditja e subjekteve-Statistika<\\\/a><\\\/span>\"}},{\"@type\":\"Question\",\"name\":\"5. Konkurrenca n\\u00eb tregun e auditimit\",\"acceptedAnswer\":{\"@type\":\"Answer\",\"text\":\"<span style=\\\"color: #333333;\\\"><a style=\\\"color: #333333;\\\" href=\\\"https:\\\/\\\/bmp.al\\\/wp-content\\\/uploads\\\/2025\\\/07\\\/Konkurrenca-ne-tregun-e-auditimit.xlsx\\\">Konkurrenca n\\u00eb tregun e auditimit<\\\/a><\\\/span>\"}},{\"@type\":\"Question\",\"name\":\"6. V\\u00ebshtrimi i p\\u00ebrgjithsh\\u00ebm mbi sh\\u00ebrbimet e auditimit, Cil\\u00ebsia n\\u00eb auditim\",\"acceptedAnswer\":{\"@type\":\"Answer\",\"text\":\"<span style=\\\"color: #333333;\\\"><a style=\\\"color: #333333;\\\" href=\\\"https:\\\/\\\/bmp.al\\\/wp-content\\\/uploads\\\/2025\\\/07\\\/Sherbimet-e-auditimit.pdf\\\">V\\u00ebshtrimi i p\\u00ebrgjithsh\\u00ebm mbi sh\\u00ebrbimet e auditimit, Cil\\u00ebsia n\\u00eb auditim<\\\/a><\\\/span>\"}},{\"@type\":\"Question\",\"name\":\"7. Aktivitetet\",\"acceptedAnswer\":{\"@type\":\"Answer\",\"text\":\"<span style=\\\"color: #333333;\\\"><a style=\\\"color: #333333;\\\" href=\\\"https:\\\/\\\/bmp.al\\\/event-grid\\\/\\\">Aktivitetet<\\\/a><\\\/span>\"}},{\"@type\":\"Question\",\"name\":\"8. Formate Zyrtare p\\u00ebr Parashtrimin e K\\u00ebrkesave dhe Ankesave p\\u00ebr Rip\\u00ebrdorimin e t\\u00eb Dh\\u00ebnave\",\"acceptedAnswer\":{\"@type\":\"Answer\",\"text\":\"<span style=\\\"color: #333333;\\\"><a style=\\\"color: #333333;\\\" href=\\\"https:\\\/\\\/bmp.al\\\/wp-content\\\/uploads\\\/2025\\\/07\\\/Aneks-3-Formati-Per-Paraqitjen-E-Kerkeses-Per-Riperdorimin-e-te-dhenave.docx\\\">Aneks 3- Formati P\\u00ebr Paraqitjen E K\\u00ebrkes\\u00ebs P\\u00ebr Rip\\u00ebrdorimin e t\\u00eb dh\\u00ebnave<\\\/a><\\\/span>\\n\\n<span style=\\\"color: #333333;\\\"><a style=\\\"color: #333333;\\\" href=\\\"https:\\\/\\\/bmp.al\\\/wp-content\\\/uploads\\\/2025\\\/07\\\/Aneks-4-Formati-Per-Paraqitjen-E-Ankeses-Per-Riperdorim.docx\\\">Aneks 4- Formati P\\u00ebr Paraqitjen E Ankes\\u00ebs P\\u00ebr Rip\\u00ebrdorim<\\\/a><\\\/span>\"}}]}<\/script>\n\t\t\t\t\t<\/div>\n\t\t\t\t\t\t<\/div>\n\t\t\t\t<div class=\"elementor-element elementor-element-a5b6f85 elementor-widget elementor-widget-spacer\" data-id=\"a5b6f85\" data-element_type=\"widget\" data-e-type=\"widget\" data-widget_type=\"spacer.default\">\n\t\t\t\t\t\t\t<div class=\"elementor-spacer\">\n\t\t\t<div class=\"elementor-spacer-inner\"><\/div>\n\t\t<\/div>\n\t\t\t\t\t\t<\/div>\n\t\t\t\t\t<\/div>\n\t\t\t\t<\/div>\n\t\t\t\t<\/div>\n\t\t","protected":false},"excerpt":{"rendered":"<p>Open Data 1. Raporti Vjetor Raporti Vjetor 2. Informacion p\u00ebr procedurat e prokurimit \/ procedurat konkurruese t\u00eb koncesionit\/partneritetit publik privat Informacion p\u00ebr procedurat e prokurimit \/ procedurat konkurruese t\u00eb koncesionit\/partneritetit publik privat 3. Buxheti Vjetor Buxheti Vjetor 2023 Buxheti Vjetor 2024 4. Renditja e subjekteve-Statistika Renditja e subjekteve-Statistika 5. Konkurrenca n\u00eb tregun e auditimit Konkurrenca [&hellip;]<\/p>\n","protected":false},"author":1,"featured_media":0,"parent":0,"menu_order":0,"comment_status":"closed","ping_status":"closed","template":"elementor_header_footer","meta":{"footnotes":""},"class_list":["post-19266","page","type-page","status-publish","hentry"],"_links":{"self":[{"href":"https:\/\/bmp.al\/en\/wp-json\/wp\/v2\/pages\/19266","targetHints":{"allow":["GET"]}}],"collection":[{"href":"https:\/\/bmp.al\/en\/wp-json\/wp\/v2\/pages"}],"about":[{"href":"https:\/\/bmp.al\/en\/wp-json\/wp\/v2\/types\/page"}],"author":[{"embeddable":true,"href":"https:\/\/bmp.al\/en\/wp-json\/wp\/v2\/users\/1"}],"replies":[{"embeddable":true,"href":"https:\/\/bmp.al\/en\/wp-json\/wp\/v2\/comments?post=19266"}],"version-history":[{"count":61,"href":"https:\/\/bmp.al\/en\/wp-json\/wp\/v2\/pages\/19266\/revisions"}],"predecessor-version":[{"id":22399,"href":"https:\/\/bmp.al\/en\/wp-json\/wp\/v2\/pages\/19266\/revisions\/22399"}],"wp:attachment":[{"href":"https:\/\/bmp.al\/en\/wp-json\/wp\/v2\/media?parent=19266"}],"curies":[{"name":"wp","href":"https:\/\/api.w.org\/{rel}","templated":true}]}}