{"id":19231,"date":"2025-07-10T14:21:16","date_gmt":"2025-07-10T14:21:16","guid":{"rendered":"https:\/\/bmp.al\/?page_id=19231"},"modified":"2025-10-20T12:23:06","modified_gmt":"2025-10-20T12:23:06","slug":"sezoni-2025","status":"publish","type":"page","link":"https:\/\/bmp.al\/en\/sezoni-2025\/","title":{"rendered":"Season 2025"},"content":{"rendered":"<div data-elementor-type=\"wp-page\" data-elementor-id=\"19231\" class=\"elementor elementor-19231\">\n\t\t\t\t<div class=\"elementor-element elementor-element-e3fdd7a e-flex e-con-boxed e-con e-parent\" data-id=\"e3fdd7a\" data-element_type=\"container\" data-e-type=\"container\">\n\t\t\t\t\t<div class=\"e-con-inner\">\n\t\t\t\t<div class=\"elementor-element elementor-element-782efa4 elementor-widget elementor-widget-heading\" data-id=\"782efa4\" data-element_type=\"widget\" data-e-type=\"widget\" data-widget_type=\"heading.default\">\n\t\t\t\t\t<h1 class=\"elementor-heading-title elementor-size-default\">Season 2025<\/h1>\t\t\t\t<\/div>\n\t\t\t\t<div class=\"elementor-element elementor-element-fdeedd3 elementor-widget elementor-widget-ova_doc_items\" data-id=\"fdeedd3\" data-element_type=\"widget\" data-e-type=\"widget\" data-settings=\"{&quot;cate&quot;:&quot;sezoni-2025&quot;,&quot;posts_per_page&quot;:10}\" data-widget_type=\"ova_doc_items.default\">\n\t\t\t\t<div class=\"elementor-widget-container\">\n\t\t\t\t\t\n<div class=\"ova-doc-items\">\n\t\t\t<ul class=\"document-list\">\n\t\t\t\t\t\t\t<li class=\"item\">\n\t\t\t\t\t<div class=\"item-wrap\">\n\t\t\t\t\t\t<div class=\"info\">\n\t\t\t\t\t\t\t\n\t\t\t\t\t\t\t\n\t\t\t\t\t\t\t\t\t\t\t\t\t\t\t\t\t\t\t\t\t\t\t\t<a href=\"https:\/\/bmp.al\/en\/ova_doc\/njoftim-mbi-shtyrjen-e-procesit-te-provimeve-te-aftesive-profesionale-sezoni-2025-nga-komisioni-i-provimeve-te-aftesive-profesionale-kpap\/\"\n\t\t\t\t\t\t\t\t\t\ttitle=\"NJOFTIM MBI SHTYRJEN E PROCESIT T\u00cb PROVIMEVE T\u00cb AFT\u00cbSIVE PROFESIONALE SEZONI 2025 NGA KOMISIONI I PROVIMEVE T\u00cb AFT\u00cbSIVE PROFESIONALE (KPAP)\"\n\t\t\t\t\t\t\t\t\t>\n\t\t\t\t\t\t\t\t\t\t\t\t\t\t\t\t\t<h3 class=\"title\">\n\t\t\t\t\t\t\t\t\t\tNJOFTIM MBI SHTYRJEN E PROCESIT T\u00cb PROVIMEVE T\u00cb AFT\u00cbSIVE PROFESIONALE SEZONI 2025 NGA KOMISIONI I PROVIMEVE T\u00cb AFT\u00cbSIVE PROFESIONALE (KPAP)\t\t\t\t\t\t\t\t\t<\/h3>\n\t\t\t\t\t\t\t\t\t\t\t\t\t\t\t\t\t<\/a>\n\t\t\t\t\t\t\t\t\t\t\t\t\t\t\t\t\t\t\t\t\t<\/div>\n\n\t\t\t\t\t\t\t\t\t\t\t\t\t<a href=\"#\" title=\"Download files\" class=\"icon\" data-id=\"22739\">\n\t\t\t\t\t\t\t\t<i class=\"gimonticon-download\" aria-hidden=\"true\"><\/i>\n\t\t\t\t\t\t\t<\/a>\n\t\t\t\t\t\t\t\t\t\t\t<\/div>\n\t\t\t\t<\/li>\n\t\t\t\t\t\t\t<li class=\"item\">\n\t\t\t\t\t<div class=\"item-wrap\">\n\t\t\t\t\t\t<div class=\"info\">\n\t\t\t\t\t\t\t\n\t\t\t\t\t\t\t\n\t\t\t\t\t\t\t\t\t\t\t\t\t\t\t\t\t\t\t\t\t\t\t\t<a href=\"https:\/\/bmp.al\/en\/ova_doc\/njoftim-per-oren-dhe-vendin-e-provimit-18-10-2025\/\"\n\t\t\t\t\t\t\t\t\t\ttitle=\"Provimi i dat\u00ebs 18.10.2025\"\n\t\t\t\t\t\t\t\t\t>\n\t\t\t\t\t\t\t\t\t\t\t\t\t\t\t\t\t<h3 class=\"title\">\n\t\t\t\t\t\t\t\t\t\tProvimi i dat\u00ebs 18.10.2025\t\t\t\t\t\t\t\t\t<\/h3>\n\t\t\t\t\t\t\t\t\t\t\t\t\t\t\t\t\t<\/a>\n\t\t\t\t\t\t\t\t\t\t\t\t\t\t\t\t\t\t\t\t\t<\/div>\n\n\t\t\t\t\t\t\t\t\t\t\t\t\t<a href=\"#\" title=\"Download files\" class=\"icon\" data-id=\"22726\">\n\t\t\t\t\t\t\t\t<i class=\"gimonticon-download\" aria-hidden=\"true\"><\/i>\n\t\t\t\t\t\t\t<\/a>\n\t\t\t\t\t\t\t\t\t\t\t<\/div>\n\t\t\t\t<\/li>\n\t\t\t\t\t\t\t<li class=\"item\">\n\t\t\t\t\t<div class=\"item-wrap\">\n\t\t\t\t\t\t<div class=\"info\">\n\t\t\t\t\t\t\t\n\t\t\t\t\t\t\t\n\t\t\t\t\t\t\t\t\t\t\t\t\t\t\t\t\t\t\t\t\t\t\t\t<a href=\"https:\/\/bmp.al\/en\/ova_doc\/njoftim-per-oren-dhe-vendin-e-provimit-11-10-2025\/\"\n\t\t\t\t\t\t\t\t\t\ttitle=\"Provimi I date 11.10.2025\"\n\t\t\t\t\t\t\t\t\t>\n\t\t\t\t\t\t\t\t\t\t\t\t\t\t\t\t\t<h3 class=\"title\">\n\t\t\t\t\t\t\t\t\t\tProvimi I date 11.10.2025\t\t\t\t\t\t\t\t\t<\/h3>\n\t\t\t\t\t\t\t\t\t\t\t\t\t\t\t\t\t<\/a>\n\t\t\t\t\t\t\t\t\t\t\t\t\t\t\t\t\t\t\t\t\t<\/div>\n\n\t\t\t\t\t\t\t\t\t\t\t\t\t<a href=\"#\" title=\"Download files\" class=\"icon\" data-id=\"22681\">\n\t\t\t\t\t\t\t\t<i class=\"gimonticon-download\" aria-hidden=\"true\"><\/i>\n\t\t\t\t\t\t\t<\/a>\n\t\t\t\t\t\t\t\t\t\t\t<\/div>\n\t\t\t\t<\/li>\n\t\t\t\t\t\t\t<li class=\"item\">\n\t\t\t\t\t<div class=\"item-wrap\">\n\t\t\t\t\t\t<div class=\"info\">\n\t\t\t\t\t\t\t\n\t\t\t\t\t\t\t\n\t\t\t\t\t\t\t\t\t\t\t\t\t\t\t\t\t\t\t\t\t\t\t\t<a href=\"https:\/\/bmp.al\/en\/ova_doc\/lista-e-kandidateve-te-regjistruar-2025\/\"\n\t\t\t\t\t\t\t\t\t\ttitle=\"Lista e kandidat\u00ebve t\u00eb regjistruar 2025\"\n\t\t\t\t\t\t\t\t\t>\n\t\t\t\t\t\t\t\t\t\t\t\t\t\t\t\t\t<h3 class=\"title\">\n\t\t\t\t\t\t\t\t\t\tLista e kandidat\u00ebve t\u00eb regjistruar 2025\t\t\t\t\t\t\t\t\t<\/h3>\n\t\t\t\t\t\t\t\t\t\t\t\t\t\t\t\t\t<\/a>\n\t\t\t\t\t\t\t\t\t\t\t\t\t\t\t\t\t\t\t\t\t<\/div>\n\n\t\t\t\t\t\t\t\t\t\t\t\t\t<a href=\"#\" title=\"Download files\" class=\"icon\" data-id=\"21947\">\n\t\t\t\t\t\t\t\t<i class=\"gimonticon-download\" aria-hidden=\"true\"><\/i>\n\t\t\t\t\t\t\t<\/a>\n\t\t\t\t\t\t\t\t\t\t\t<\/div>\n\t\t\t\t<\/li>\n\t\t\t\t\t\t\t<li class=\"item\">\n\t\t\t\t\t<div class=\"item-wrap\">\n\t\t\t\t\t\t<div class=\"info\">\n\t\t\t\t\t\t\t\n\t\t\t\t\t\t\t\n\t\t\t\t\t\t\t\t\t\t\t\t\t\t\t\t\t\t\t\t\t\t\t\t<a href=\"https:\/\/bmp.al\/en\/ova_doc\/njoftim-shtyrje-afati-per-hartues-rishikues-korrigjues\/\"\n\t\t\t\t\t\t\t\t\t\ttitle=\"Njoftim shtyrje afati p\u00ebr hartues, rishikues, korrigjues\"\n\t\t\t\t\t\t\t\t\t>\n\t\t\t\t\t\t\t\t\t\t\t\t\t\t\t\t\t<h3 class=\"title\">\n\t\t\t\t\t\t\t\t\t\tNjoftim shtyrje afati p\u00ebr hartues, rishikues, korrigjues\t\t\t\t\t\t\t\t\t<\/h3>\n\t\t\t\t\t\t\t\t\t\t\t\t\t\t\t\t\t<\/a>\n\t\t\t\t\t\t\t\t\t\t\t\t\t\t\t\t\t\t\t\t\t<\/div>\n\n\t\t\t\t\t\t\t\t\t\t\t\t\t<a href=\"#\" title=\"Download files\" class=\"icon\" data-id=\"21939\">\n\t\t\t\t\t\t\t\t<i class=\"gimonticon-download\" aria-hidden=\"true\"><\/i>\n\t\t\t\t\t\t\t<\/a>\n\t\t\t\t\t\t\t\t\t\t\t<\/div>\n\t\t\t\t<\/li>\n\t\t\t\t\t\t\t<li class=\"item\">\n\t\t\t\t\t<div class=\"item-wrap\">\n\t\t\t\t\t\t<div class=\"info\">\n\t\t\t\t\t\t\t\n\t\t\t\t\t\t\t\n\t\t\t\t\t\t\t\t\t\t\t\t\t\t\t\t\t\t\t\t\t\t\t\t<a href=\"https:\/\/bmp.al\/en\/ova_doc\/kalendari-i-provimeve-kpap-2025\/\"\n\t\t\t\t\t\t\t\t\t\ttitle=\"Kalendari i provimeve KPAP 2025\"\n\t\t\t\t\t\t\t\t\t>\n\t\t\t\t\t\t\t\t\t\t\t\t\t\t\t\t\t<h3 class=\"title\">\n\t\t\t\t\t\t\t\t\t\tKalendari i provimeve KPAP 2025\t\t\t\t\t\t\t\t\t<\/h3>\n\t\t\t\t\t\t\t\t\t\t\t\t\t\t\t\t\t<\/a>\n\t\t\t\t\t\t\t\t\t\t\t\t\t\t\t\t\t\t\t\t\t<\/div>\n\n\t\t\t\t\t\t\t\t\t\t\t\t\t<a href=\"#\" title=\"Download files\" class=\"icon\" data-id=\"1517\">\n\t\t\t\t\t\t\t\t<i class=\"gimonticon-download\" aria-hidden=\"true\"><\/i>\n\t\t\t\t\t\t\t<\/a>\n\t\t\t\t\t\t\t\t\t\t\t<\/div>\n\t\t\t\t<\/li>\n\t\t\t\t\t\t\t<li class=\"item\">\n\t\t\t\t\t<div class=\"item-wrap\">\n\t\t\t\t\t\t<div class=\"info\">\n\t\t\t\t\t\t\t\n\t\t\t\t\t\t\t\n\t\t\t\t\t\t\t\t\t\t\t\t\t\t\t\t\t\t\t\t\t\t\t\t<a href=\"https:\/\/bmp.al\/en\/ova_doc\/njoftim-per-regjistrimin-dhe-kriteret-per-kandidatet-km-dhe-al-2025\/\"\n\t\t\t\t\t\t\t\t\t\ttitle=\"Njoftim p\u00ebr regjistrimin dhe kriteret p\u00ebr kandidat\u00ebt KM dhe AL 2025\"\n\t\t\t\t\t\t\t\t\t>\n\t\t\t\t\t\t\t\t\t\t\t\t\t\t\t\t\t<h3 class=\"title\">\n\t\t\t\t\t\t\t\t\t\tNjoftim p\u00ebr regjistrimin dhe kriteret p\u00ebr kandidat\u00ebt KM dhe AL 2025\t\t\t\t\t\t\t\t\t<\/h3>\n\t\t\t\t\t\t\t\t\t\t\t\t\t\t\t\t\t<\/a>\n\t\t\t\t\t\t\t\t\t\t\t\t\t\t\t\t\t\t\t\t\t<\/div>\n\n\t\t\t\t\t\t\t\t\t\t\t\t\t<a href=\"#\" title=\"Download files\" class=\"icon\" data-id=\"1518\">\n\t\t\t\t\t\t\t\t<i class=\"gimonticon-download\" aria-hidden=\"true\"><\/i>\n\t\t\t\t\t\t\t<\/a>\n\t\t\t\t\t\t\t\t\t\t\t<\/div>\n\t\t\t\t<\/li>\n\t\t\t\t\t\t\t<li class=\"item\">\n\t\t\t\t\t<div class=\"item-wrap\">\n\t\t\t\t\t\t<div class=\"info\">\n\t\t\t\t\t\t\t\n\t\t\t\t\t\t\t\n\t\t\t\t\t\t\t\t\t\t\t\t\t\t\t\t\t\t\t\t\t\t\t\t<a href=\"https:\/\/bmp.al\/en\/ova_doc\/city-board-applications\/\"\n\t\t\t\t\t\t\t\t\t\ttitle=\"Njoftim p\u00ebr hartues, hartues rishikues, korrigjues dhe rikorrigjues KPAP 2025\"\n\t\t\t\t\t\t\t\t\t>\n\t\t\t\t\t\t\t\t\t\t\t\t\t\t\t\t\t<h3 class=\"title\">\n\t\t\t\t\t\t\t\t\t\tNjoftim p\u00ebr hartues, hartues rishikues, korrigjues dhe rikorrigjues KPAP 2025\t\t\t\t\t\t\t\t\t<\/h3>\n\t\t\t\t\t\t\t\t\t\t\t\t\t\t\t\t\t<\/a>\n\t\t\t\t\t\t\t\t\t\t\t\t\t\t\t\t\t\t\t\t\t<\/div>\n\n\t\t\t\t\t\t\t\t\t\t\t\t\t<a href=\"#\" title=\"Download files\" class=\"icon\" data-id=\"1194\">\n\t\t\t\t\t\t\t\t<i class=\"gimonticon-download\" aria-hidden=\"true\"><\/i>\n\t\t\t\t\t\t\t<\/a>\n\t\t\t\t\t\t\t\t\t\t\t<\/div>\n\t\t\t\t<\/li>\n\t\t\t\t\t\t\t<li class=\"item\">\n\t\t\t\t\t<div class=\"item-wrap\">\n\t\t\t\t\t\t<div class=\"info\">\n\t\t\t\t\t\t\t\n\t\t\t\t\t\t\t\n\t\t\t\t\t\t\t\t\t\t\t\t\t\t\t\t\t\t\t\t\t\t\t\t<a href=\"https:\/\/bmp.al\/en\/ova_doc\/programi-i-provimeve-perfundimtare-te-aftesive-profesionale-2025-per-kandidatet-qe-aplikojne-per-marrjen-e-titullit-auditues-ligjor-kontabilist-i-miratuar\/\"\n\t\t\t\t\t\t\t\t\t\ttitle=\"Programi i provimeve p\u00ebr marrjen e titullit &#8220;Auditues Ligjor&#8221; &#8220;Kontabilist i Miratuar&#8221;\"\n\t\t\t\t\t\t\t\t\t>\n\t\t\t\t\t\t\t\t\t\t\t\t\t\t\t\t\t<h3 class=\"title\">\n\t\t\t\t\t\t\t\t\t\tProgrami i provimeve p\u00ebr marrjen e titullit &#8220;Auditues Ligjor&#8221; &#8220;Kontabilist i Miratuar&#8221;\t\t\t\t\t\t\t\t\t<\/h3>\n\t\t\t\t\t\t\t\t\t\t\t\t\t\t\t\t\t<\/a>\n\t\t\t\t\t\t\t\t\t\t\t\t\t\t\t\t\t\t\t\t\t<\/div>\n\n\t\t\t\t\t\t\t\t\t\t\t\t\t<a href=\"#\" title=\"Download files\" class=\"icon\" data-id=\"1514\">\n\t\t\t\t\t\t\t\t<i class=\"gimonticon-download\" aria-hidden=\"true\"><\/i>\n\t\t\t\t\t\t\t<\/a>\n\t\t\t\t\t\t\t\t\t\t\t<\/div>\n\t\t\t\t<\/li>\n\t\t\t\t\t<\/ul>\n\t\t<div class=\"ova-doc-modal\" aria-label=\"Popup Window\"><\/div>\n<\/div>\t\t\t\t<\/div>\n\t\t\t\t<\/div>\n\t\t\t\t\t<\/div>\n\t\t\t\t<\/div>\n\t\t\t\t<\/div>","protected":false},"excerpt":{"rendered":"<p>Sezoni 2025 Provimi i dat\u00ebs 18.10.2025 Provimi I date 11.10.2025 Lista e kandidat\u00ebve t\u00eb regjistruar 2025 Njoftim shtyrje afati p\u00ebr hartues, rishikues, korrigjues Kalendari i provimeve KPAP 2025 Njoftim p\u00ebr regjistrimin dhe kriteret p\u00ebr kandidat\u00ebt KM dhe AL 2025 Njoftim p\u00ebr hartues, hartues rishikues, korrigjues dhe rikorrigjues KPAP 2025 Programi i provimeve p\u00ebr marrjen e [&hellip;]<\/p>\n","protected":false},"author":1,"featured_media":0,"parent":0,"menu_order":0,"comment_status":"closed","ping_status":"closed","template":"elementor_header_footer","meta":{"footnotes":""},"class_list":["post-19231","page","type-page","status-publish","hentry"],"_links":{"self":[{"href":"https:\/\/bmp.al\/en\/wp-json\/wp\/v2\/pages\/19231","targetHints":{"allow":["GET"]}}],"collection":[{"href":"https:\/\/bmp.al\/en\/wp-json\/wp\/v2\/pages"}],"about":[{"href":"https:\/\/bmp.al\/en\/wp-json\/wp\/v2\/types\/page"}],"author":[{"embeddable":true,"href":"https:\/\/bmp.al\/en\/wp-json\/wp\/v2\/users\/1"}],"replies":[{"embeddable":true,"href":"https:\/\/bmp.al\/en\/wp-json\/wp\/v2\/comments?post=19231"}],"version-history":[{"count":43,"href":"https:\/\/bmp.al\/en\/wp-json\/wp\/v2\/pages\/19231\/revisions"}],"predecessor-version":[{"id":22733,"href":"https:\/\/bmp.al\/en\/wp-json\/wp\/v2\/pages\/19231\/revisions\/22733"}],"wp:attachment":[{"href":"https:\/\/bmp.al\/en\/wp-json\/wp\/v2\/media?parent=19231"}],"curies":[{"name":"wp","href":"https:\/\/api.w.org\/{rel}","templated":true}]}}