{"id":19226,"date":"2025-07-10T14:16:39","date_gmt":"2025-07-10T14:16:39","guid":{"rendered":"https:\/\/bmp.al\/?page_id=19226"},"modified":"2026-04-10T13:16:33","modified_gmt":"2026-04-10T13:16:33","slug":"kpap","status":"publish","type":"page","link":"https:\/\/bmp.al\/en\/kpap\/","title":{"rendered":"Professional Skills Examination Commission (PSEC)"},"content":{"rendered":"\t\t<div data-elementor-type=\"wp-page\" data-elementor-id=\"19226\" class=\"elementor elementor-19226\">\n\t\t\t\t<div class=\"elementor-element elementor-element-1c7223f e-flex e-con-boxed e-con e-parent\" data-id=\"1c7223f\" data-element_type=\"container\" data-e-type=\"container\">\n\t\t\t\t\t<div class=\"e-con-inner\">\n\t\t<div class=\"elementor-element elementor-element-04eba55 e-con-full e-flex e-con e-child\" data-id=\"04eba55\" data-element_type=\"container\" data-e-type=\"container\">\n\t\t\t\t<div class=\"elementor-element elementor-element-9a615de elementor-widget elementor-widget-heading\" data-id=\"9a615de\" data-element_type=\"widget\" data-e-type=\"widget\" data-widget_type=\"heading.default\">\n\t\t\t\t\t<h1 class=\"elementor-heading-title elementor-size-default\">Komisioni i Provimeve t\u00eb Aft\u00ebsive Profesionale (KPAP)<\/h1>\t\t\t\t<\/div>\n\t\t\t\t<div class=\"elementor-element elementor-element-73dd4ba elementor-widget elementor-widget-text-editor\" data-id=\"73dd4ba\" data-element_type=\"widget\" data-e-type=\"widget\" data-widget_type=\"text-editor.default\">\n\t\t\t\t\t\t\t\t\t<p>Komisioni i Provimeve t\u00eb Aft\u00ebsive Profesionale (KPAP) ngrihet dhe funksionon pran\u00eb Bordit t\u00eb Mbik\u00ebqyrjes Publike, me q\u00ebllim organizimin dhe realizimin e testimeve n\u00eb kuad\u00ebr t\u00eb provimit p\u00ebrfundimtar t\u00eb aft\u00ebsive profesionale p\u00ebr kandidat\u00ebt p\u00ebr auditues ligjor dhe kontabilist i miratuar. Ky komision p\u00ebrb\u00ebhet nga 5 (pes\u00eb) an\u00ebtar\u00eb dhe ka p\u00ebr detyr\u00eb zbatimin e procedurave t\u00eb testimit, duke garantuar nj\u00eb proces t\u00eb drejt\u00eb, transparent dhe n\u00eb p\u00ebrputhje me k\u00ebrkesat ligjore e rregullatore.<br \/><br \/><br \/><\/p>\n<p style=\"font-weight: 400;\"><strong>Aktualisht, ky komision p\u00ebrb\u00ebhet nga an\u00ebtar\u00ebt si m\u00eb posht\u00eb:<\/strong><\/p>\n<ul>\n<li style=\"font-weight: 400;\">Kryetar &#8211; [pozicion vakant]<\/li>\n<li style=\"font-weight: 400;\">An\u00ebtar- [pozicion vakant]<\/li>\n<li style=\"font-weight: 400;\">An\u00ebtar- [pozicion vakant]<\/li>\n<li style=\"font-weight: 400;\">An\u00ebtar- [pozicion vakant]<\/li>\n<li style=\"font-weight: 400;\">Matilda Shehu (An\u00ebtare)<\/li>\n<\/ul>\t\t\t\t\t\t\t\t<\/div>\n\t\t\t\t<\/div>\n\t\t\t\t\t<\/div>\n\t\t\t\t<\/div>\n\t\t\t\t<\/div>\n\t\t","protected":false},"excerpt":{"rendered":"<p>Komisioni i Provimeve t\u00eb Aft\u00ebsive Profesionale (KPAP) Komisioni i Provimeve t\u00eb Aft\u00ebsive Profesionale (KPAP) ngrihet dhe funksionon pran\u00eb Bordit t\u00eb Mbik\u00ebqyrjes Publike, me q\u00ebllim organizimin dhe realizimin e testimeve n\u00eb kuad\u00ebr t\u00eb provimit p\u00ebrfundimtar t\u00eb aft\u00ebsive profesionale p\u00ebr kandidat\u00ebt p\u00ebr auditues ligjor dhe kontabilist i miratuar. Ky komision p\u00ebrb\u00ebhet nga 5 (pes\u00eb) an\u00ebtar\u00eb dhe ka [&hellip;]<\/p>\n","protected":false},"author":1,"featured_media":0,"parent":0,"menu_order":0,"comment_status":"closed","ping_status":"closed","template":"elementor_header_footer","meta":{"footnotes":""},"class_list":["post-19226","page","type-page","status-publish","hentry"],"_links":{"self":[{"href":"https:\/\/bmp.al\/en\/wp-json\/wp\/v2\/pages\/19226","targetHints":{"allow":["GET"]}}],"collection":[{"href":"https:\/\/bmp.al\/en\/wp-json\/wp\/v2\/pages"}],"about":[{"href":"https:\/\/bmp.al\/en\/wp-json\/wp\/v2\/types\/page"}],"author":[{"embeddable":true,"href":"https:\/\/bmp.al\/en\/wp-json\/wp\/v2\/users\/1"}],"replies":[{"embeddable":true,"href":"https:\/\/bmp.al\/en\/wp-json\/wp\/v2\/comments?post=19226"}],"version-history":[{"count":87,"href":"https:\/\/bmp.al\/en\/wp-json\/wp\/v2\/pages\/19226\/revisions"}],"predecessor-version":[{"id":23042,"href":"https:\/\/bmp.al\/en\/wp-json\/wp\/v2\/pages\/19226\/revisions\/23042"}],"wp:attachment":[{"href":"https:\/\/bmp.al\/en\/wp-json\/wp\/v2\/media?parent=19226"}],"curies":[{"name":"wp","href":"https:\/\/api.w.org\/{rel}","templated":true}]}}