{"id":19221,"date":"2025-07-10T14:15:06","date_gmt":"2025-07-10T14:15:06","guid":{"rendered":"https:\/\/bmp.al\/?page_id=19221"},"modified":"2025-10-02T08:03:19","modified_gmt":"2025-10-02T08:03:19","slug":"standardet-e-detyrueshme-per-zbatim","status":"publish","type":"page","link":"https:\/\/bmp.al\/en\/standardet-e-detyrueshme-per-zbatim\/","title":{"rendered":"Mandatory standards for implementation"},"content":{"rendered":"<div data-elementor-type=\"wp-page\" data-elementor-id=\"19221\" class=\"elementor elementor-19221\">\n\t\t\t\t\t\t<section class=\"elementor-section elementor-top-section elementor-element elementor-element-1f9f6a1 elementor-section-boxed elementor-section-height-default elementor-section-height-default\" data-id=\"1f9f6a1\" data-element_type=\"section\" data-e-type=\"section\">\n\t\t\t\t\t\t<div class=\"elementor-container elementor-column-gap-default\">\n\t\t\t\t\t<div class=\"elementor-column elementor-col-100 elementor-top-column elementor-element elementor-element-a8fbdbe\" data-id=\"a8fbdbe\" data-element_type=\"column\" data-e-type=\"column\">\n\t\t\t<div class=\"elementor-widget-wrap elementor-element-populated\">\n\t\t\t\t\t\t<div class=\"elementor-element elementor-element-cf92d0e elementor-widget elementor-widget-heading\" data-id=\"cf92d0e\" data-element_type=\"widget\" data-e-type=\"widget\" data-widget_type=\"heading.default\">\n\t\t\t\t\t<h1 class=\"elementor-heading-title elementor-size-default\">Mandatory standards for implementation<\/h1>\t\t\t\t<\/div>\n\t\t\t\t<div class=\"elementor-element elementor-element-1219cd5 elementor-widget elementor-widget-text-editor\" data-id=\"1219cd5\" data-element_type=\"widget\" data-e-type=\"widget\" data-widget_type=\"text-editor.default\">\n\t\t\t\t\t\t\t\t\t<style><span data-mce-type=\"bookmark\" style=\"display: inline-block; width: 0px; overflow: hidden; line-height: 0;\" class=\"mce_SELRES_start\">\ufeff<\/span><br \/>\n.custom-hover-section a:hover {<br \/>\n    color: #8c1035 !important;<br \/>\n}<br \/>\n<\/style>\n<div class=\"custom-hover-section\">\n<h5 style=\"margin-bottom: 0;\"><span style=\"color: #333333;\">\n<a style=\"color: #333333;\" href=\"https:\/\/bmp.al\/wp-content\/uploads\/2025\/07\/Vendim-nr.14-date-8.5.2025-Kodi-Etikes.pdf\">\nCode of Ethics applicable to statutory auditors and audit firms\n<\/a>\n&#8211;\n<a style=\"color: #333333;\" href=\"https:\/\/qbz.gov.al\/eli\/vendim\/2025\/05\/08\/14\">\nClick here for the link on the Official Gazette (QBZ).\n<\/a>\n<\/span><\/h5>\n<\/div>\t\t\t\t\t\t\t\t<\/div>\n\t\t\t\t<div class=\"elementor-element elementor-element-ad53e32 elementor-widget elementor-widget-text-editor\" data-id=\"ad53e32\" data-element_type=\"widget\" data-e-type=\"widget\" data-widget_type=\"text-editor.default\">\n\t\t\t\t\t\t\t\t\t<style><span data-mce-type=\"bookmark\" style=\"display: inline-block; width: 0px; overflow: hidden; line-height: 0;\" class=\"mce_SELRES_start\">\ufeff<\/span><br \/>\n.custom-hover-section a:hover {<br \/>\n    color: #8c1035 !important;<br \/>\n}<br \/>\n<\/style>\n<div class=\"custom-hover-section\">\n<h5 style=\"margin-bottom: 0;\"><span style=\"color: #333333;\">\n<a style=\"color: #333333;\" href=\"https:\/\/bmp.al\/wp-content\/uploads\/2025\/07\/Standardet-profesionale-te-zbatueshme-nga-audituesit-ligjore-dhe-shoqerite-e-auditimit.pdf\">\nProfessional Standards applicable to statutory auditors and audit firms\n<\/a>\n&#8211;\n<a style=\"color: #333333;\" href=\"https:\/\/www.qbz.gov.al\/eli\/fz\/2025\/90\/5208fa58-b06c-4809-b837-d4fabe513a21\">\nClick here for the link on the Official Gazette (QBZ).\n<\/a>\n<\/span><\/h5>\n<\/div>\t\t\t\t\t\t\t\t<\/div>\n\t\t\t\t\t<\/div>\n\t\t<\/div>\n\t\t\t\t\t<\/div>\n\t\t<\/section>\n\t\t\t\t<\/div>","protected":false},"excerpt":{"rendered":"<p>Standardet e detyrueshme p\u00ebr zbatim Kodi i Etik\u00ebs i zbatuesh\u00ebm nga audituesit ligjor\u00eb dhe shoq\u00ebrit\u00eb e auditimit &#8211; Kliko k\u00ebtu p\u00ebr linkun n\u00eb QBZ Standardet profesionale t\u00eb zbatueshme nga audituesit ligjor\u00eb dhe shoq\u00ebrit\u00eb e auditimit &#8211; Kliko k\u00ebtu p\u00ebr linkun n\u00eb QBZ<\/p>","protected":false},"author":1,"featured_media":0,"parent":0,"menu_order":0,"comment_status":"closed","ping_status":"closed","template":"elementor_header_footer","meta":{"footnotes":""},"class_list":["post-19221","page","type-page","status-publish","hentry"],"_links":{"self":[{"href":"https:\/\/bmp.al\/en\/wp-json\/wp\/v2\/pages\/19221","targetHints":{"allow":["GET"]}}],"collection":[{"href":"https:\/\/bmp.al\/en\/wp-json\/wp\/v2\/pages"}],"about":[{"href":"https:\/\/bmp.al\/en\/wp-json\/wp\/v2\/types\/page"}],"author":[{"embeddable":true,"href":"https:\/\/bmp.al\/en\/wp-json\/wp\/v2\/users\/1"}],"replies":[{"embeddable":true,"href":"https:\/\/bmp.al\/en\/wp-json\/wp\/v2\/comments?post=19221"}],"version-history":[{"count":49,"href":"https:\/\/bmp.al\/en\/wp-json\/wp\/v2\/pages\/19221\/revisions"}],"predecessor-version":[{"id":22393,"href":"https:\/\/bmp.al\/en\/wp-json\/wp\/v2\/pages\/19221\/revisions\/22393"}],"wp:attachment":[{"href":"https:\/\/bmp.al\/en\/wp-json\/wp\/v2\/media?parent=19221"}],"curies":[{"name":"wp","href":"https:\/\/api.w.org\/{rel}","templated":true}]}}