{"id":19203,"date":"2025-07-10T14:10:27","date_gmt":"2025-07-10T14:10:27","guid":{"rendered":"https:\/\/bmp.al\/?page_id=19203"},"modified":"2025-12-11T15:16:05","modified_gmt":"2025-12-11T15:16:05","slug":"baza-nenligjore","status":"publish","type":"page","link":"https:\/\/bmp.al\/en\/baza-nenligjore\/","title":{"rendered":"Sub-legal basis"},"content":{"rendered":"<div data-elementor-type=\"wp-page\" data-elementor-id=\"19203\" class=\"elementor elementor-19203\">\n\t\t\t\t<div class=\"elementor-element elementor-element-3b8edfd e-flex e-con-boxed e-con e-parent\" data-id=\"3b8edfd\" data-element_type=\"container\" data-e-type=\"container\">\n\t\t\t\t\t<div class=\"e-con-inner\">\n\t\t\t\t<div class=\"elementor-element elementor-element-5de97a0 elementor-widget elementor-widget-spacer\" data-id=\"5de97a0\" data-element_type=\"widget\" data-e-type=\"widget\" data-widget_type=\"spacer.default\">\n\t\t\t\t\t\t\t<div class=\"elementor-spacer\">\n\t\t\t<div class=\"elementor-spacer-inner\"><\/div>\n\t\t<\/div>\n\t\t\t\t\t\t<\/div>\n\t\t\t\t<div class=\"elementor-element elementor-element-6781359 elementor-widget elementor-widget-heading\" data-id=\"6781359\" data-element_type=\"widget\" data-e-type=\"widget\" data-widget_type=\"heading.default\">\n\t\t\t\t\t<h1 class=\"elementor-heading-title elementor-size-default\">Sub-legal basis<\/h1>\t\t\t\t<\/div>\n\t\t\t\t<div class=\"elementor-element elementor-element-6e9c7f0 elementor-widget elementor-widget-ova_doc_items\" data-id=\"6e9c7f0\" data-element_type=\"widget\" data-e-type=\"widget\" data-settings=\"{&quot;cate&quot;:&quot;baza-nenligjore-2&quot;,&quot;posts_per_page&quot;:10}\" data-widget_type=\"ova_doc_items.default\">\n\t\t\t\t<div class=\"elementor-widget-container\">\n\t\t\t\t\t\n<div class=\"ova-doc-items\">\n\t\t\t<ul class=\"document-list\">\n\t\t\t\t\t\t\t<li class=\"item\">\n\t\t\t\t\t<div class=\"item-wrap\">\n\t\t\t\t\t\t<div class=\"info\">\n\t\t\t\t\t\t\t\n\t\t\t\t\t\t\t\n\t\t\t\t\t\t\t\t\t\t\t\t\t\t\t\t\t\t\t\t\t\t\t\t<a href=\"https:\/\/bmp.al\/en\/ova_doc\/vendim-i-keshillit-te-ministrave-nr-786-date-09-11-2016-per-procedurat-e-perzgjedhjes-dhe-rastet-e-shkarkimit-te-anetareve-si-dhe-rregullat-e-organizimit-dhe-funksionimit-te-bordit-te-mbik\/\"\n\t\t\t\t\t\t\t\t\t\ttitle=\"Vendim i K\u00ebshillit t\u00eb Ministrave nr. 786, dat\u00eb 09.11.2016 \u201cP\u00ebr procedurat e p\u00ebrzgjedhjes dhe rastet e shkarkimit t\u00eb an\u00ebtar\u00ebve, si dhe rregullat e organizimit dhe funksionimit t\u00eb Bordit t\u00eb Mbik\u00ebqyrjes Publike\u201d\"\n\t\t\t\t\t\t\t\t\t>\n\t\t\t\t\t\t\t\t\t\t\t\t\t\t\t\t\t<h3 class=\"title\">\n\t\t\t\t\t\t\t\t\t\tVendim i K\u00ebshillit t\u00eb Ministrave nr. 786, dat\u00eb 09.11.2016 \u201cP\u00ebr procedurat e p\u00ebrzgjedhjes dhe rastet e shkarkimit t\u00eb an\u00ebtar\u00ebve, si dhe rregullat e organizimit dhe funksionimit t\u00eb Bordit t\u00eb Mbik\u00ebqyrjes Publike\u201d\t\t\t\t\t\t\t\t\t<\/h3>\n\t\t\t\t\t\t\t\t\t\t\t\t\t\t\t\t\t<\/a>\n\t\t\t\t\t\t\t\t\t\t\t\t\t\t\t\t\t\t\t\t\t<\/div>\n\n\t\t\t\t\t\t\t\t\t\t\t\t\t<a href=\"#\" title=\"Download files\" class=\"icon\" data-id=\"20889\">\n\t\t\t\t\t\t\t\t<i class=\"gimonticon-download\" aria-hidden=\"true\"><\/i>\n\t\t\t\t\t\t\t<\/a>\n\t\t\t\t\t\t\t\t\t\t\t<\/div>\n\t\t\t\t<\/li>\n\t\t\t\t\t\t\t<li class=\"item\">\n\t\t\t\t\t<div class=\"item-wrap\">\n\t\t\t\t\t\t<div class=\"info\">\n\t\t\t\t\t\t\t\n\t\t\t\t\t\t\t\n\t\t\t\t\t\t\t\t\t\t\t\t\t\t\t\t\t\t\t\t\t\t\t\t<a href=\"https:\/\/bmp.al\/en\/ova_doc\/rregullore-nr-1-date-26-07-2017-per-mbledhjen-e-te-ardhurave-te-bordit-te-mbikeqyrjes-publike-ndryshuar\/\"\n\t\t\t\t\t\t\t\t\t\ttitle=\"Rregullore\u00a0\u201cP\u00ebr procedurat dhe rregullat e mbledhjes s\u00eb t\u00eb ardhurave t\u00eb Bordit t\u00eb Mbik\u00ebqyrjes Publike\u201d.\"\n\t\t\t\t\t\t\t\t\t>\n\t\t\t\t\t\t\t\t\t\t\t\t\t\t\t\t\t<h3 class=\"title\">\n\t\t\t\t\t\t\t\t\t\tRregullore\u00a0\u201cP\u00ebr procedurat dhe rregullat e mbledhjes s\u00eb t\u00eb ardhurave t\u00eb Bordit t\u00eb Mbik\u00ebqyrjes Publike\u201d.\t\t\t\t\t\t\t\t\t<\/h3>\n\t\t\t\t\t\t\t\t\t\t\t\t\t\t\t\t\t<\/a>\n\t\t\t\t\t\t\t\t\t\t\t\t\t\t\t\t\t\t\t\t\t<\/div>\n\n\t\t\t\t\t\t\t\t\t\t\t\t\t<a href=\"#\" title=\"Download files\" class=\"icon\" data-id=\"20879\">\n\t\t\t\t\t\t\t\t<i class=\"gimonticon-download\" aria-hidden=\"true\"><\/i>\n\t\t\t\t\t\t\t<\/a>\n\t\t\t\t\t\t\t\t\t\t\t<\/div>\n\t\t\t\t<\/li>\n\t\t\t\t\t\t\t<li class=\"item\">\n\t\t\t\t\t<div class=\"item-wrap\">\n\t\t\t\t\t\t<div class=\"info\">\n\t\t\t\t\t\t\t\n\t\t\t\t\t\t\t\n\t\t\t\t\t\t\t\t\t\t\t\t\t\t\t\t\t\t\t\t\t\t\t\t<a href=\"https:\/\/bmp.al\/en\/ova_doc\/rregullore-nr-2-date-22-02-2018-per-funksionimin-e-komisionit-te-provimeve-te-aftesive-profesionale-dhe-mbikeqyrjes-se-procesit-te-testimit-te-kandidateve-per-auditues-ligjor-dhe-kontabilis\/\"\n\t\t\t\t\t\t\t\t\t\ttitle=\"Rregullore nr. 2, dat\u00eb 22.02.2018 \u201cP\u00ebr funksionimin e komisionit t\u00eb provimeve t\u00eb aft\u00ebsive profesionale dhe mbik\u00ebqyrjes s\u00eb procesit t\u00eb testimit t\u00eb kandidat\u00ebve p\u00ebr auditues ligjor dhe kontabilist t\u00eb miratuar t\u00eb Bordit t\u00eb Mbik\u00ebqyrjes Publike\u201d , ndryshuar.\"\n\t\t\t\t\t\t\t\t\t>\n\t\t\t\t\t\t\t\t\t\t\t\t\t\t\t\t\t<h3 class=\"title\">\n\t\t\t\t\t\t\t\t\t\tRregullore nr. 2, dat\u00eb 22.02.2018 \u201cP\u00ebr funksionimin e komisionit t\u00eb provimeve t\u00eb aft\u00ebsive profesionale dhe mbik\u00ebqyrjes s\u00eb procesit t\u00eb testimit t\u00eb kandidat\u00ebve p\u00ebr auditues ligjor dhe kontabilist t\u00eb miratuar t\u00eb Bordit t\u00eb Mbik\u00ebqyrjes Publike\u201d , ndryshuar.\t\t\t\t\t\t\t\t\t<\/h3>\n\t\t\t\t\t\t\t\t\t\t\t\t\t\t\t\t\t<\/a>\n\t\t\t\t\t\t\t\t\t\t\t\t\t\t\t\t\t\t\t\t\t<\/div>\n\n\t\t\t\t\t\t\t\t\t\t\t\t\t<a href=\"#\" title=\"Download files\" class=\"icon\" data-id=\"20877\">\n\t\t\t\t\t\t\t\t<i class=\"gimonticon-download\" aria-hidden=\"true\"><\/i>\n\t\t\t\t\t\t\t<\/a>\n\t\t\t\t\t\t\t\t\t\t\t<\/div>\n\t\t\t\t<\/li>\n\t\t\t\t\t\t\t<li class=\"item\">\n\t\t\t\t\t<div class=\"item-wrap\">\n\t\t\t\t\t\t<div class=\"info\">\n\t\t\t\t\t\t\t\n\t\t\t\t\t\t\t\n\t\t\t\t\t\t\t\t\t\t\t\t\t\t\t\t\t\t\t\t\t\t\t\t<a href=\"https:\/\/bmp.al\/en\/ova_doc\/rregullore-nr-4-date-29-03-2018-per-investigimin-dhe-procedurat-e-marrjen-e-masave-disiplinore\/\"\n\t\t\t\t\t\t\t\t\t\ttitle=\"Rregullore \u201cP\u00ebr investigimin dhe procedurat p\u00ebr marrjen e masave disiplinore\u201d.\"\n\t\t\t\t\t\t\t\t\t>\n\t\t\t\t\t\t\t\t\t\t\t\t\t\t\t\t\t<h3 class=\"title\">\n\t\t\t\t\t\t\t\t\t\tRregullore \u201cP\u00ebr investigimin dhe procedurat p\u00ebr marrjen e masave disiplinore\u201d.\t\t\t\t\t\t\t\t\t<\/h3>\n\t\t\t\t\t\t\t\t\t\t\t\t\t\t\t\t\t<\/a>\n\t\t\t\t\t\t\t\t\t\t\t\t\t\t\t\t\t\t\t\t\t<\/div>\n\n\t\t\t\t\t\t\t\t\t\t\t\t\t<a href=\"#\" title=\"Download files\" class=\"icon\" data-id=\"20875\">\n\t\t\t\t\t\t\t\t<i class=\"gimonticon-download\" aria-hidden=\"true\"><\/i>\n\t\t\t\t\t\t\t<\/a>\n\t\t\t\t\t\t\t\t\t\t\t<\/div>\n\t\t\t\t<\/li>\n\t\t\t\t\t\t\t<li class=\"item\">\n\t\t\t\t\t<div class=\"item-wrap\">\n\t\t\t\t\t\t<div class=\"info\">\n\t\t\t\t\t\t\t\n\t\t\t\t\t\t\t\n\t\t\t\t\t\t\t\t\t\t\t\t\t\t\t\t\t\t\t\t\t\t\t\t<a href=\"https:\/\/bmp.al\/en\/ova_doc\/rregullore-nr-6-date-31-05-2018-per-procedurat-e-testimit-dhe-sistemin-e-vleresimit-ne-provimin-e-aftesive-profesionale-te-kandidateve-per-auditues-ligjor-dhe-kontabilist-i-miratuar\/\"\n\t\t\t\t\t\t\t\t\t\ttitle=\"Rregullore nr. 6, dat\u00eb 31.05.2018 \u201cP\u00ebr procedurat e testimit dhe sistemin e vler\u00ebsimit n\u00eb provimin e aft\u00ebsive profesionale t\u00eb kandidat\u00ebve p\u00ebr auditues ligjor dhe kontabilist i miratuar\u201d, e ndryshuar\"\n\t\t\t\t\t\t\t\t\t>\n\t\t\t\t\t\t\t\t\t\t\t\t\t\t\t\t\t<h3 class=\"title\">\n\t\t\t\t\t\t\t\t\t\tRregullore nr. 6, dat\u00eb 31.05.2018 \u201cP\u00ebr procedurat e testimit dhe sistemin e vler\u00ebsimit n\u00eb provimin e aft\u00ebsive profesionale t\u00eb kandidat\u00ebve p\u00ebr auditues ligjor dhe kontabilist i miratuar\u201d, e ndryshuar\t\t\t\t\t\t\t\t\t<\/h3>\n\t\t\t\t\t\t\t\t\t\t\t\t\t\t\t\t\t<\/a>\n\t\t\t\t\t\t\t\t\t\t\t\t\t\t\t\t\t\t\t\t\t<\/div>\n\n\t\t\t\t\t\t\t\t\t\t\t\t\t<a href=\"#\" title=\"Download files\" class=\"icon\" data-id=\"20873\">\n\t\t\t\t\t\t\t\t<i class=\"gimonticon-download\" aria-hidden=\"true\"><\/i>\n\t\t\t\t\t\t\t<\/a>\n\t\t\t\t\t\t\t\t\t\t\t<\/div>\n\t\t\t\t<\/li>\n\t\t\t\t\t<\/ul>\n\t\t<div class=\"ova-doc-modal\" aria-label=\"Popup Window\"><\/div>\n<\/div>\t\t\t\t<\/div>\n\t\t\t\t<\/div>\n\t\t\t\t<div class=\"elementor-element elementor-element-8a027de elementor-widget elementor-widget-ova_doc_items\" data-id=\"8a027de\" data-element_type=\"widget\" data-e-type=\"widget\" data-settings=\"{&quot;cate&quot;:&quot;baza-nenligjore&quot;,&quot;posts_per_page&quot;:10}\" data-widget_type=\"ova_doc_items.default\">\n\t\t\t\t<div class=\"elementor-widget-container\">\n\t\t\t\t\t\n<div class=\"ova-doc-items\">\n\t\t\t<ul class=\"document-list\">\n\t\t\t\t\t\t\t<li class=\"item\">\n\t\t\t\t\t<div class=\"item-wrap\">\n\t\t\t\t\t\t<div class=\"info\">\n\t\t\t\t\t\t\t\n\t\t\t\t\t\t\t\n\t\t\t\t\t\t\t\t\t\t\t\t\t\t\t\t\t\t\t\t\t\t\t\t<a href=\"https:\/\/bmp.al\/en\/ova_doc\/rregullore-nr-7-date-02-10-2018-per-procedurat-dhe-metodologjine-e-kontrollit-te-cilesise-se-auditimit-ligjor-e-ndryshuar\/\"\n\t\t\t\t\t\t\t\t\t\ttitle=\"Rregullore \u201cP\u00ebr procedurat e kryerjes s\u00eb kontrollit t\u00eb sigurimit t\u00eb cil\u00ebsis\u00eb, organizimin dhe funksionimin e sistemit p\u00ebr sigurimin e cil\u00ebsis\u00eb t\u00eb audituesve ligjor\u00eb dhe t\u00eb shoq\u00ebrive t\u00eb auditimit\u201d.\"\n\t\t\t\t\t\t\t\t\t>\n\t\t\t\t\t\t\t\t\t\t\t\t\t\t\t\t\t<h3 class=\"title\">\n\t\t\t\t\t\t\t\t\t\tRregullore \u201cP\u00ebr procedurat e kryerjes s\u00eb kontrollit t\u00eb sigurimit t\u00eb cil\u00ebsis\u00eb, organizimin dhe funksionimin e sistemit p\u00ebr sigurimin e cil\u00ebsis\u00eb t\u00eb audituesve ligjor\u00eb dhe t\u00eb shoq\u00ebrive t\u00eb auditimit\u201d.\t\t\t\t\t\t\t\t\t<\/h3>\n\t\t\t\t\t\t\t\t\t\t\t\t\t\t\t\t\t<\/a>\n\t\t\t\t\t\t\t\t\t\t\t\t\t\t\t\t\t\t\t\t\t<\/div>\n\n\t\t\t\t\t\t\t\t\t\t\t\t\t<a href=\"#\" title=\"Download files\" class=\"icon\" data-id=\"20871\">\n\t\t\t\t\t\t\t\t<i class=\"gimonticon-download\" aria-hidden=\"true\"><\/i>\n\t\t\t\t\t\t\t<\/a>\n\t\t\t\t\t\t\t\t\t\t\t<\/div>\n\t\t\t\t<\/li>\n\t\t\t\t\t\t\t<li class=\"item\">\n\t\t\t\t\t<div class=\"item-wrap\">\n\t\t\t\t\t\t<div class=\"info\">\n\t\t\t\t\t\t\t\n\t\t\t\t\t\t\t\n\t\t\t\t\t\t\t\t\t\t\t\t\t\t\t\t\t\t\t\t\t\t\t\t<a href=\"https:\/\/bmp.al\/en\/ova_doc\/rregullore-nr-9-date-27-02-2019-per-rregullimin-dhe-mbikeqyrjen-e-funksionimit-te-profesionit-te-kontabilistit-te-miratuar-dhe-organizatave-te-tyre-profesionale-ndryshuar\/\"\n\t\t\t\t\t\t\t\t\t\ttitle=\"Rregullore nr. 9, dat\u00eb 27.02.2019 \u201cP\u00ebr rregullimin dhe mbik\u00ebqyrjen e funksionimit t\u00eb profesionit t\u00eb Kontabilistit t\u00eb Miratuar dhe organizatave t\u00eb tyre profesionale\u201d, ndryshuar.\"\n\t\t\t\t\t\t\t\t\t>\n\t\t\t\t\t\t\t\t\t\t\t\t\t\t\t\t\t<h3 class=\"title\">\n\t\t\t\t\t\t\t\t\t\tRregullore nr. 9, dat\u00eb 27.02.2019 \u201cP\u00ebr rregullimin dhe mbik\u00ebqyrjen e funksionimit t\u00eb profesionit t\u00eb Kontabilistit t\u00eb Miratuar dhe organizatave t\u00eb tyre profesionale\u201d, ndryshuar.\t\t\t\t\t\t\t\t\t<\/h3>\n\t\t\t\t\t\t\t\t\t\t\t\t\t\t\t\t\t<\/a>\n\t\t\t\t\t\t\t\t\t\t\t\t\t\t\t\t\t\t\t\t\t<\/div>\n\n\t\t\t\t\t\t\t\t\t\t\t\t\t<a href=\"#\" title=\"Download files\" class=\"icon\" data-id=\"20869\">\n\t\t\t\t\t\t\t\t<i class=\"gimonticon-download\" aria-hidden=\"true\"><\/i>\n\t\t\t\t\t\t\t<\/a>\n\t\t\t\t\t\t\t\t\t\t\t<\/div>\n\t\t\t\t<\/li>\n\t\t\t\t\t\t\t<li class=\"item\">\n\t\t\t\t\t<div class=\"item-wrap\">\n\t\t\t\t\t\t<div class=\"info\">\n\t\t\t\t\t\t\t\n\t\t\t\t\t\t\t\n\t\t\t\t\t\t\t\t\t\t\t\t\t\t\t\t\t\t\t\t\t\t\t\t<a href=\"https:\/\/bmp.al\/en\/ova_doc\/rregullore-per-organizimin-dhe-funksionimin-e-komitetit-te-regjistrimit-dhe-perditesimin-e-regjistrit-publik\/\"\n\t\t\t\t\t\t\t\t\t\ttitle=\"Rregullore \u201cP\u00ebr organizimin dhe funksionimin e komitetit t\u00eb regjistrimit dhe p\u00ebrdit\u00ebsimin e regjistrit publik\u201d\"\n\t\t\t\t\t\t\t\t\t>\n\t\t\t\t\t\t\t\t\t\t\t\t\t\t\t\t\t<h3 class=\"title\">\n\t\t\t\t\t\t\t\t\t\tRregullore \u201cP\u00ebr organizimin dhe funksionimin e komitetit t\u00eb regjistrimit dhe p\u00ebrdit\u00ebsimin e regjistrit publik\u201d\t\t\t\t\t\t\t\t\t<\/h3>\n\t\t\t\t\t\t\t\t\t\t\t\t\t\t\t\t\t<\/a>\n\t\t\t\t\t\t\t\t\t\t\t\t\t\t\t\t\t\t\t\t\t<\/div>\n\n\t\t\t\t\t\t\t\t\t\t\t\t\t<a href=\"#\" title=\"Download files\" class=\"icon\" data-id=\"20867\">\n\t\t\t\t\t\t\t\t<i class=\"gimonticon-download\" aria-hidden=\"true\"><\/i>\n\t\t\t\t\t\t\t<\/a>\n\t\t\t\t\t\t\t\t\t\t\t<\/div>\n\t\t\t\t<\/li>\n\t\t\t\t\t\t\t<li class=\"item\">\n\t\t\t\t\t<div class=\"item-wrap\">\n\t\t\t\t\t\t<div class=\"info\">\n\t\t\t\t\t\t\t\n\t\t\t\t\t\t\t\n\t\t\t\t\t\t\t\t\t\t\t\t\t\t\t\t\t\t\t\t\t\t\t\t<a href=\"https:\/\/bmp.al\/en\/ova_doc\/rregullore-per-bashkepunimin-dhe-shkembimin-e-informacionit-nderinstitucional-brenda-dhe-jashte-vendit\/\"\n\t\t\t\t\t\t\t\t\t\ttitle=\"Rregullore \u201cP\u00ebr bashk\u00ebpunimin dhe shk\u00ebmbimin e informacionit nd\u00ebrinstitucional brenda dhe jasht\u00eb vendit\u201d.\"\n\t\t\t\t\t\t\t\t\t>\n\t\t\t\t\t\t\t\t\t\t\t\t\t\t\t\t\t<h3 class=\"title\">\n\t\t\t\t\t\t\t\t\t\tRregullore \u201cP\u00ebr bashk\u00ebpunimin dhe shk\u00ebmbimin e informacionit nd\u00ebrinstitucional brenda dhe jasht\u00eb vendit\u201d.\t\t\t\t\t\t\t\t\t<\/h3>\n\t\t\t\t\t\t\t\t\t\t\t\t\t\t\t\t\t<\/a>\n\t\t\t\t\t\t\t\t\t\t\t\t\t\t\t\t\t\t\t\t\t<\/div>\n\n\t\t\t\t\t\t\t\t\t\t\t\t\t<a href=\"#\" title=\"Download files\" class=\"icon\" data-id=\"22816\">\n\t\t\t\t\t\t\t\t<i class=\"gimonticon-download\" aria-hidden=\"true\"><\/i>\n\t\t\t\t\t\t\t<\/a>\n\t\t\t\t\t\t\t\t\t\t\t<\/div>\n\t\t\t\t<\/li>\n\t\t\t\t\t\t\t<li class=\"item\">\n\t\t\t\t\t<div class=\"item-wrap\">\n\t\t\t\t\t\t<div class=\"info\">\n\t\t\t\t\t\t\t\n\t\t\t\t\t\t\t\n\t\t\t\t\t\t\t\t\t\t\t\t\t\t\t\t\t\t\t\t\t\t\t\t<a href=\"https:\/\/bmp.al\/en\/ova_doc\/rregullore-nr-12-date-02-07-2020-mbi-masat-e-vigjilences-se-duhur-dhe-te-zgjeruar-nga-subjektet-e-ligjit-mbi-parandalimin-e-pastrimit-te-parave-dhe-financimit-te-terrorizmit\/\"\n\t\t\t\t\t\t\t\t\t\ttitle=\"Rregullore nr. 12, dat\u00eb 02.07.2020 \u201d Mbi masat e vigjilenc\u00ebs s\u00eb duhur dhe t\u00eb zgjeruar nga subjektet e ligjit mbi parandalimin e pastrimit t\u00eb parave dhe financimit t\u00eb terrorizmit\u201d.\"\n\t\t\t\t\t\t\t\t\t>\n\t\t\t\t\t\t\t\t\t\t\t\t\t\t\t\t\t<h3 class=\"title\">\n\t\t\t\t\t\t\t\t\t\tRregullore nr. 12, dat\u00eb 02.07.2020 \u201d Mbi masat e vigjilenc\u00ebs s\u00eb duhur dhe t\u00eb zgjeruar nga subjektet e ligjit mbi parandalimin e pastrimit t\u00eb parave dhe financimit t\u00eb terrorizmit\u201d.\t\t\t\t\t\t\t\t\t<\/h3>\n\t\t\t\t\t\t\t\t\t\t\t\t\t\t\t\t\t<\/a>\n\t\t\t\t\t\t\t\t\t\t\t\t\t\t\t\t\t\t\t\t\t<\/div>\n\n\t\t\t\t\t\t\t\t\t\t\t\t\t<a href=\"#\" title=\"Download files\" class=\"icon\" data-id=\"20865\">\n\t\t\t\t\t\t\t\t<i class=\"gimonticon-download\" aria-hidden=\"true\"><\/i>\n\t\t\t\t\t\t\t<\/a>\n\t\t\t\t\t\t\t\t\t\t\t<\/div>\n\t\t\t\t<\/li>\n\t\t\t\t\t\t\t<li class=\"item\">\n\t\t\t\t\t<div class=\"item-wrap\">\n\t\t\t\t\t\t<div class=\"info\">\n\t\t\t\t\t\t\t\n\t\t\t\t\t\t\t\n\t\t\t\t\t\t\t\t\t\t\t\t\t\t\t\t\t\t\t\t\t\t\t\t<a href=\"https:\/\/bmp.al\/en\/ova_doc\/vendim-nr-6-date-20-04-2018-regjistrimi-per-provimet-e-sezonit-2018\/\"\n\t\t\t\t\t\t\t\t\t\ttitle=\"Vendim nr. 6, dat\u00eb 20.04.2018 \u201cRegjistrimi p\u00ebr provimet e sezonit 2018\u201d.\"\n\t\t\t\t\t\t\t\t\t>\n\t\t\t\t\t\t\t\t\t\t\t\t\t\t\t\t\t<h3 class=\"title\">\n\t\t\t\t\t\t\t\t\t\tVendim nr. 6, dat\u00eb 20.04.2018 \u201cRegjistrimi p\u00ebr provimet e sezonit 2018\u201d.\t\t\t\t\t\t\t\t\t<\/h3>\n\t\t\t\t\t\t\t\t\t\t\t\t\t\t\t\t\t<\/a>\n\t\t\t\t\t\t\t\t\t\t\t\t\t\t\t\t\t\t\t\t\t<\/div>\n\n\t\t\t\t\t\t\t\t\t\t\t\t\t<a href=\"#\" title=\"Download files\" class=\"icon\" data-id=\"20863\">\n\t\t\t\t\t\t\t\t<i class=\"gimonticon-download\" aria-hidden=\"true\"><\/i>\n\t\t\t\t\t\t\t<\/a>\n\t\t\t\t\t\t\t\t\t\t\t<\/div>\n\t\t\t\t<\/li>\n\t\t\t\t\t\t\t<li class=\"item\">\n\t\t\t\t\t<div class=\"item-wrap\">\n\t\t\t\t\t\t<div class=\"info\">\n\t\t\t\t\t\t\t\n\t\t\t\t\t\t\t\n\t\t\t\t\t\t\t\t\t\t\t\t\t\t\t\t\t\t\t\t\t\t\t\t<a href=\"https:\/\/bmp.al\/en\/ova_doc\/vendim-nr-47-date-04-08-2020-vertetimet-e-leshuara-nga-bordi-i-mbikeqyrjes-publike\/\"\n\t\t\t\t\t\t\t\t\t\ttitle=\"Vendim nr. 47, dat\u00eb 04.08.2020 \u201cV\u00ebrtetimet e l\u00ebshuara nga Bordi i Mbik\u00ebqyrjes Publike\u201d.\"\n\t\t\t\t\t\t\t\t\t>\n\t\t\t\t\t\t\t\t\t\t\t\t\t\t\t\t\t<h3 class=\"title\">\n\t\t\t\t\t\t\t\t\t\tVendim nr. 47, dat\u00eb 04.08.2020 \u201cV\u00ebrtetimet e l\u00ebshuara nga Bordi i Mbik\u00ebqyrjes Publike\u201d.\t\t\t\t\t\t\t\t\t<\/h3>\n\t\t\t\t\t\t\t\t\t\t\t\t\t\t\t\t\t<\/a>\n\t\t\t\t\t\t\t\t\t\t\t\t\t\t\t\t\t\t\t\t\t<\/div>\n\n\t\t\t\t\t\t\t\t\t\t\t\t\t<a href=\"#\" title=\"Download files\" class=\"icon\" data-id=\"20861\">\n\t\t\t\t\t\t\t\t<i class=\"gimonticon-download\" aria-hidden=\"true\"><\/i>\n\t\t\t\t\t\t\t<\/a>\n\t\t\t\t\t\t\t\t\t\t\t<\/div>\n\t\t\t\t<\/li>\n\t\t\t\t\t\t\t<li class=\"item\">\n\t\t\t\t\t<div class=\"item-wrap\">\n\t\t\t\t\t\t<div class=\"info\">\n\t\t\t\t\t\t\t\n\t\t\t\t\t\t\t\n\t\t\t\t\t\t\t\t\t\t\t\t\t\t\t\t\t\t\t\t\t\t\t\t<a href=\"https:\/\/bmp.al\/en\/ova_doc\/vendim-i-keshillit-te-ministrave-nr-17-date-16-01-2019-per-percaktimin-e-shoqerive-te-tjera-shteterore-ose-private-te-rendesishme-per-interesin-e-publikut-per-shkak-te-natyres-se-biznesit\/\"\n\t\t\t\t\t\t\t\t\t\ttitle=\"Decision of the Council of Ministers no. 17, dated 16.01.2019, \u201cOn the designation of other state-owned or private companies important to the public interest, due to the nature of their business, size, or number of employees.\u201d\"\n\t\t\t\t\t\t\t\t\t>\n\t\t\t\t\t\t\t\t\t\t\t\t\t\t\t\t\t<h3 class=\"title\">\n\t\t\t\t\t\t\t\t\t\tDecision of the Council of Ministers no. 17, dated 16.01.2019, \u201cOn the designation of other state-owned or private companies important to the public interest, due to the nature of their business, size, or number of employees.\u201d\t\t\t\t\t\t\t\t\t<\/h3>\n\t\t\t\t\t\t\t\t\t\t\t\t\t\t\t\t\t<\/a>\n\t\t\t\t\t\t\t\t\t\t\t\t\t\t\t\t\t\t\t\t\t<\/div>\n\n\t\t\t\t\t\t\t\t\t\t\t\t\t<a href=\"#\" title=\"Download files\" class=\"icon\" data-id=\"20859\">\n\t\t\t\t\t\t\t\t<i class=\"gimonticon-download\" aria-hidden=\"true\"><\/i>\n\t\t\t\t\t\t\t<\/a>\n\t\t\t\t\t\t\t\t\t\t\t<\/div>\n\t\t\t\t<\/li>\n\t\t\t\t\t\t\t<li class=\"item\">\n\t\t\t\t\t<div class=\"item-wrap\">\n\t\t\t\t\t\t<div class=\"info\">\n\t\t\t\t\t\t\t\n\t\t\t\t\t\t\t\n\t\t\t\t\t\t\t\t\t\t\t\t\t\t\t\t\t\t\t\t\t\t\t\t<a href=\"https:\/\/bmp.al\/en\/ova_doc\/vendim-nr-453-date-26-7-2023-per-disa-ndryshime-ne-vendimin-nr-17-date-16-1-2019-te-keshillit-te-ministrave-per-percaktimin-e-shoqerive-te-tjera-shteterore-ose-private-te-rendesishme-p\/\"\n\t\t\t\t\t\t\t\t\t\ttitle=\"Decision no. 453, dated 26.07.2023, \u201cOn certain amendments to Decision no. 17, dated 16.01.2019, of the Council of Ministers, \u2018On the designation of other state-owned or private companies important to the public interest, due to the nature of their business, size, or number of employees.\u2019\u201d\"\n\t\t\t\t\t\t\t\t\t>\n\t\t\t\t\t\t\t\t\t\t\t\t\t\t\t\t\t<h3 class=\"title\">\n\t\t\t\t\t\t\t\t\t\tDecision no. 453, dated 26.07.2023, \u201cOn certain amendments to Decision no. 17, dated 16.01.2019, of the Council of Ministers, \u2018On the designation of other state-owned or private companies important to the public interest, due to the nature of their business, size, or number of employees.\u2019\u201d\t\t\t\t\t\t\t\t\t<\/h3>\n\t\t\t\t\t\t\t\t\t\t\t\t\t\t\t\t\t<\/a>\n\t\t\t\t\t\t\t\t\t\t\t\t\t\t\t\t\t\t\t\t\t<\/div>\n\n\t\t\t\t\t\t\t\t\t\t\t\t\t<a href=\"#\" title=\"Download files\" class=\"icon\" data-id=\"20857\">\n\t\t\t\t\t\t\t\t<i class=\"gimonticon-download\" aria-hidden=\"true\"><\/i>\n\t\t\t\t\t\t\t<\/a>\n\t\t\t\t\t\t\t\t\t\t\t<\/div>\n\t\t\t\t<\/li>\n\t\t\t\t\t\t\t<li class=\"item\">\n\t\t\t\t\t<div class=\"item-wrap\">\n\t\t\t\t\t\t<div class=\"info\">\n\t\t\t\t\t\t\t\n\t\t\t\t\t\t\t\n\t\t\t\t\t\t\t\t\t\t\t\t\t\t\t\t\t\t\t\t\t\t\t\t<a href=\"https:\/\/bmp.al\/en\/ova_doc\/vendim-nr-19-date-19-03-2021-per-organizimin-dhe-funksionimin-e-testimit-per-permbushjen-e-oreve-te-edukimit-te-vijueshem-profesional-per-km-per-periudhen-2014-2019\/\"\n\t\t\t\t\t\t\t\t\t\ttitle=\"Vendim nr. 19 , dat\u00eb 19.03.2021 \u201cP\u00ebr organizimin dhe funksionimin e testimit p\u00ebr p\u00ebrmbushjen e or\u00ebve t\u00eb edukimit t\u00eb vijuesh\u00ebm profesional p\u00ebr KM p\u00ebr periudh\u00ebn 2014-2019\u201d.\"\n\t\t\t\t\t\t\t\t\t>\n\t\t\t\t\t\t\t\t\t\t\t\t\t\t\t\t\t<h3 class=\"title\">\n\t\t\t\t\t\t\t\t\t\tVendim nr. 19 , dat\u00eb 19.03.2021 \u201cP\u00ebr organizimin dhe funksionimin e testimit p\u00ebr p\u00ebrmbushjen e or\u00ebve t\u00eb edukimit t\u00eb vijuesh\u00ebm profesional p\u00ebr KM p\u00ebr periudh\u00ebn 2014-2019\u201d.\t\t\t\t\t\t\t\t\t<\/h3>\n\t\t\t\t\t\t\t\t\t\t\t\t\t\t\t\t\t<\/a>\n\t\t\t\t\t\t\t\t\t\t\t\t\t\t\t\t\t\t\t\t\t<\/div>\n\n\t\t\t\t\t\t\t\t\t\t\t\t\t<a href=\"#\" title=\"Download files\" class=\"icon\" data-id=\"20851\">\n\t\t\t\t\t\t\t\t<i class=\"gimonticon-download\" aria-hidden=\"true\"><\/i>\n\t\t\t\t\t\t\t<\/a>\n\t\t\t\t\t\t\t\t\t\t\t<\/div>\n\t\t\t\t<\/li>\n\t\t\t\t\t<\/ul>\n\t\t<div class=\"ova-doc-modal\" aria-label=\"Popup Window\"><\/div>\n<\/div>\t\t\t\t<\/div>\n\t\t\t\t<\/div>\n\t\t\t\t\t<\/div>\n\t\t\t\t<\/div>\n\t\t\t\t<\/div>","protected":false},"excerpt":{"rendered":"<p>Baza n\u00ebnligjore Vendim i K\u00ebshillit t\u00eb Ministrave nr. 786, dat\u00eb 09.11.2016 \u201cP\u00ebr procedurat e p\u00ebrzgjedhjes dhe rastet e shkarkimit t\u00eb an\u00ebtar\u00ebve, si dhe rregullat e organizimit dhe funksionimit t\u00eb Bordit t\u00eb Mbik\u00ebqyrjes Publike\u201d Rregullore\u00a0\u201cP\u00ebr procedurat dhe rregullat e mbledhjes s\u00eb t\u00eb ardhurave t\u00eb Bordit t\u00eb Mbik\u00ebqyrjes Publike\u201d. Rregullore nr. 2, dat\u00eb 22.02.2018 \u201cP\u00ebr funksionimin e [&hellip;]<\/p>\n","protected":false},"author":1,"featured_media":0,"parent":0,"menu_order":0,"comment_status":"closed","ping_status":"closed","template":"elementor_header_footer","meta":{"footnotes":""},"class_list":["post-19203","page","type-page","status-publish","hentry"],"_links":{"self":[{"href":"https:\/\/bmp.al\/en\/wp-json\/wp\/v2\/pages\/19203","targetHints":{"allow":["GET"]}}],"collection":[{"href":"https:\/\/bmp.al\/en\/wp-json\/wp\/v2\/pages"}],"about":[{"href":"https:\/\/bmp.al\/en\/wp-json\/wp\/v2\/types\/page"}],"author":[{"embeddable":true,"href":"https:\/\/bmp.al\/en\/wp-json\/wp\/v2\/users\/1"}],"replies":[{"embeddable":true,"href":"https:\/\/bmp.al\/en\/wp-json\/wp\/v2\/comments?post=19203"}],"version-history":[{"count":49,"href":"https:\/\/bmp.al\/en\/wp-json\/wp\/v2\/pages\/19203\/revisions"}],"predecessor-version":[{"id":22844,"href":"https:\/\/bmp.al\/en\/wp-json\/wp\/v2\/pages\/19203\/revisions\/22844"}],"wp:attachment":[{"href":"https:\/\/bmp.al\/en\/wp-json\/wp\/v2\/media?parent=19203"}],"curies":[{"name":"wp","href":"https:\/\/api.w.org\/{rel}","templated":true}]}}