{"id":19196,"date":"2025-07-10T13:55:28","date_gmt":"2025-07-10T13:55:28","guid":{"rendered":"https:\/\/bmp.al\/?page_id=19196"},"modified":"2026-04-30T13:19:22","modified_gmt":"2026-04-30T13:19:22","slug":"karriera","status":"publish","type":"page","link":"https:\/\/bmp.al\/en\/karriera\/","title":{"rendered":"Careers"},"content":{"rendered":"<div data-elementor-type=\"wp-page\" data-elementor-id=\"19196\" class=\"elementor elementor-19196\">\n\t\t\t\t\t\t<section class=\"elementor-section elementor-top-section elementor-element elementor-element-f6a087a elementor-section-boxed elementor-section-height-default elementor-section-height-default\" data-id=\"f6a087a\" data-element_type=\"section\" data-e-type=\"section\">\n\t\t\t\t\t\t<div class=\"elementor-container elementor-column-gap-default\">\n\t\t\t\t\t<div class=\"elementor-column elementor-col-100 elementor-top-column elementor-element elementor-element-d4d2ea9\" data-id=\"d4d2ea9\" data-element_type=\"column\" data-e-type=\"column\">\n\t\t\t<div class=\"elementor-widget-wrap elementor-element-populated\">\n\t\t\t\t\t\t<div class=\"elementor-element elementor-element-680e2e2 elementor-widget elementor-widget-heading\" data-id=\"680e2e2\" data-element_type=\"widget\" data-e-type=\"widget\" data-widget_type=\"heading.default\">\n\t\t\t\t\t<h1 class=\"elementor-heading-title elementor-size-default\">Careers<\/h1>\t\t\t\t<\/div>\n\t\t\t\t<div class=\"elementor-element elementor-element-76c9039 elementor-widget elementor-widget-spacer\" data-id=\"76c9039\" data-element_type=\"widget\" data-e-type=\"widget\" data-widget_type=\"spacer.default\">\n\t\t\t\t\t\t\t<div class=\"elementor-spacer\">\n\t\t\t<div class=\"elementor-spacer-inner\"><\/div>\n\t\t<\/div>\n\t\t\t\t\t\t<\/div>\n\t\t\t\t<div class=\"elementor-element elementor-element-7f2b1a3 elementor-widget elementor-widget-text-editor\" data-id=\"7f2b1a3\" data-element_type=\"widget\" data-e-type=\"widget\" data-widget_type=\"text-editor.default\">\n\t\t\t\t\t\t\t\t\t<p style=\"margin-bottom: 0;\">Enhancing public confidence in the quality of financial reporting and creating a transparent and well-supervised environment regarding the services provided by accounting professionals and the role of professional organizations as subjects of oversight.<\/p>\t\t\t\t\t\t\t\t<\/div>\n\t\t\t\t\t<\/div>\n\t\t<\/div>\n\t\t\t\t\t<\/div>\n\t\t<\/section>\n\t\t<div class=\"elementor-element elementor-element-3cae11f e-flex e-con-boxed e-con e-parent\" data-id=\"3cae11f\" data-element_type=\"container\" data-e-type=\"container\">\n\t\t\t\t\t<div class=\"e-con-inner\">\n\t\t<div class=\"elementor-element elementor-element-91650ec e-con-full e-flex e-con e-child\" data-id=\"91650ec\" data-element_type=\"container\" data-e-type=\"container\">\n\t\t\t\t<div class=\"elementor-element elementor-element-44ff6db elementor-widget elementor-widget-button\" data-id=\"44ff6db\" data-element_type=\"widget\" data-e-type=\"widget\" data-widget_type=\"button.default\">\n\t\t\t\t\t\t\t\t\t\t<a class=\"elementor-button elementor-button-link elementor-size-sm\" href=\"https:\/\/bmp.al\/wp-content\/uploads\/2026\/04\/Njoftim-per-Inspektor-i-Larte-per-kontrollin-e-cilesise-prane-BMP.pdf\">\n\t\t\t\t\t\t<span class=\"elementor-button-content-wrapper\">\n\t\t\t\t\t\t\t\t\t<span class=\"elementor-button-text\">Njoftim p\u00ebr Inspektor i Lart\u00eb p\u00ebr kontrollin e cil\u00ebsis\u00eb pran\u00eb BMP<\/span>\n\t\t\t\t\t<\/span>\n\t\t\t\t\t<\/a>\n\t\t\t\t\t\t\t\t<\/div>\n\t\t\t\t<\/div>\n\t\t<div class=\"elementor-element elementor-element-1daa3e3 e-con-full e-flex e-con e-child\" data-id=\"1daa3e3\" data-element_type=\"container\" data-e-type=\"container\">\n\t\t\t\t<div class=\"elementor-element elementor-element-773d078 elementor-widget elementor-widget-button\" data-id=\"773d078\" data-element_type=\"widget\" data-e-type=\"widget\" data-widget_type=\"button.default\">\n\t\t\t\t\t\t\t\t\t\t<a class=\"elementor-button elementor-button-link elementor-size-sm\" href=\"https:\/\/bmp.al\/wp-content\/uploads\/2026\/04\/Njoftim-per-Specialist-i-proceseve-mbeshtetese-te-kontrollit-te-cilesise-prane-BMP.pdf\">\n\t\t\t\t\t\t<span class=\"elementor-button-content-wrapper\">\n\t\t\t\t\t\t\t\t\t<span class=\"elementor-button-text\">Njoftim p\u00ebr Specialist i proceseve mb\u00ebshtet\u00ebse t\u00eb kontrollit t\u00eb cil\u00ebsis\u00eb pran\u00eb BMP<\/span>\n\t\t\t\t\t<\/span>\n\t\t\t\t\t<\/a>\n\t\t\t\t\t\t\t\t<\/div>\n\t\t\t\t<\/div>\n\t\t<div class=\"elementor-element elementor-element-47f16d9 e-con-full e-flex e-con e-child\" data-id=\"47f16d9\" data-element_type=\"container\" data-e-type=\"container\">\n\t\t\t\t<\/div>\n\t\t<div class=\"elementor-element elementor-element-fe28909 e-con-full e-flex e-con e-child\" data-id=\"fe28909\" data-element_type=\"container\" data-e-type=\"container\">\n\t\t\t\t<\/div>\n\t\t<div class=\"elementor-element elementor-element-901c543 e-con-full e-flex e-con e-child\" data-id=\"901c543\" data-element_type=\"container\" data-e-type=\"container\">\n\t\t\t\t<\/div>\n\t\t<div class=\"elementor-element elementor-element-e237591 e-con-full e-flex e-con e-child\" data-id=\"e237591\" data-element_type=\"container\" data-e-type=\"container\">\n\t\t\t\t<\/div>\n\t\t\t\t\t<\/div>\n\t\t\t\t<\/div>\n\t\t\t\t<\/div>","protected":false},"excerpt":{"rendered":"<p>Karriera Rritja e besimit publik n\u00eb cil\u00ebsin\u00eb e raportimit financiar dhe krijimi i nj\u00eb mjedisi transparent dhe t\u00eb monitoruar mir\u00eb n\u00eb lidhje me sh\u00ebrbimet e ofruara nga profesionist\u00ebt e kontabilitetit dhe rolin e organizatave profesionale si subjekte t\u00eb mbik\u00ebqyrjes. Njoftim p\u00ebr Inspektor i Lart\u00eb p\u00ebr kontrollin e cil\u00ebsis\u00eb pran\u00eb BMP Njoftim p\u00ebr Specialist i proceseve [&hellip;]<\/p>\n","protected":false},"author":1,"featured_media":0,"parent":0,"menu_order":0,"comment_status":"closed","ping_status":"closed","template":"elementor_header_footer","meta":{"footnotes":""},"class_list":["post-19196","page","type-page","status-publish","hentry"],"_links":{"self":[{"href":"https:\/\/bmp.al\/en\/wp-json\/wp\/v2\/pages\/19196","targetHints":{"allow":["GET"]}}],"collection":[{"href":"https:\/\/bmp.al\/en\/wp-json\/wp\/v2\/pages"}],"about":[{"href":"https:\/\/bmp.al\/en\/wp-json\/wp\/v2\/types\/page"}],"author":[{"embeddable":true,"href":"https:\/\/bmp.al\/en\/wp-json\/wp\/v2\/users\/1"}],"replies":[{"embeddable":true,"href":"https:\/\/bmp.al\/en\/wp-json\/wp\/v2\/comments?post=19196"}],"version-history":[{"count":25,"href":"https:\/\/bmp.al\/en\/wp-json\/wp\/v2\/pages\/19196\/revisions"}],"predecessor-version":[{"id":23077,"href":"https:\/\/bmp.al\/en\/wp-json\/wp\/v2\/pages\/19196\/revisions\/23077"}],"wp:attachment":[{"href":"https:\/\/bmp.al\/en\/wp-json\/wp\/v2\/media?parent=19196"}],"curies":[{"name":"wp","href":"https:\/\/api.w.org\/{rel}","templated":true}]}}