{"id":19186,"date":"2025-07-10T13:51:58","date_gmt":"2025-07-10T13:51:58","guid":{"rendered":"https:\/\/bmp.al\/?page_id=19186"},"modified":"2025-08-14T13:07:21","modified_gmt":"2025-08-14T13:07:21","slug":"shkfsh","status":"publish","type":"page","link":"https:\/\/bmp.al\/en\/shkfsh\/","title":{"rendered":"SHKFSH"},"content":{"rendered":"<div data-elementor-type=\"wp-page\" data-elementor-id=\"19186\" class=\"elementor elementor-19186\">\n\t\t\t\t\t\t<section class=\"elementor-section elementor-top-section elementor-element elementor-element-5fd16c3 elementor-section-boxed elementor-section-height-default elementor-section-height-default\" data-id=\"5fd16c3\" data-element_type=\"section\" data-e-type=\"section\">\n\t\t\t\t\t\t<div class=\"elementor-container elementor-column-gap-default\">\n\t\t\t\t\t<div class=\"elementor-column elementor-col-100 elementor-top-column elementor-element elementor-element-c8a0ae6\" data-id=\"c8a0ae6\" data-element_type=\"column\" data-e-type=\"column\">\n\t\t\t<div class=\"elementor-widget-wrap elementor-element-populated\">\n\t\t\t\t\t\t<div class=\"elementor-element elementor-element-e4f90ee elementor-widget elementor-widget-spacer\" data-id=\"e4f90ee\" data-element_type=\"widget\" data-e-type=\"widget\" data-widget_type=\"spacer.default\">\n\t\t\t\t\t\t\t<div class=\"elementor-spacer\">\n\t\t\t<div class=\"elementor-spacer-inner\"><\/div>\n\t\t<\/div>\n\t\t\t\t\t\t<\/div>\n\t\t\t\t<div class=\"elementor-element elementor-element-2b2e8e0 elementor-widget elementor-widget-heading\" data-id=\"2b2e8e0\" data-element_type=\"widget\" data-e-type=\"widget\" data-widget_type=\"heading.default\">\n\t\t\t\t\t<h2 class=\"elementor-heading-title elementor-size-default\"><a href=\"https:\/\/www.shkfsh.org\/\">SHKFSH \u2013 Shoqata e Kontabilist\u00ebve dhe Financier\u00ebve t\u00eb Shqip\u00ebris\u00eb<\/a><\/h2>\t\t\t\t<\/div>\n\t\t\t\t<div class=\"elementor-element elementor-element-63af8b5 elementor-widget elementor-widget-text-editor\" data-id=\"63af8b5\" data-element_type=\"widget\" data-e-type=\"widget\" data-widget_type=\"text-editor.default\">\n\t\t\t\t\t\t\t\t\t<p style=\"margin-bottom: 0;\">Recognized by Decision of the Public Oversight Board No. 14, dated 21.05.2024, \u201cOn the full recognition of the professional organization of certified accountants \u2013 SHKFSH.\u201d<\/p>\t\t\t\t\t\t\t\t<\/div>\n\t\t\t\t<div class=\"elementor-element elementor-element-48c606c elementor-widget elementor-widget-image\" data-id=\"48c606c\" data-element_type=\"widget\" data-e-type=\"widget\" data-widget_type=\"image.default\">\n\t\t\t\t\t\t\t\t\t\t\t\t\t\t\t<img fetchpriority=\"high\" decoding=\"async\" width=\"300\" height=\"178\" src=\"https:\/\/bmp.al\/wp-content\/uploads\/2025\/07\/partner-bmp-07-300x178.png\" class=\"attachment-medium size-medium wp-image-20657\" alt=\"\" srcset=\"https:\/\/bmp.al\/wp-content\/uploads\/2025\/07\/partner-bmp-07-300x178.png 300w, https:\/\/bmp.al\/wp-content\/uploads\/2025\/07\/partner-bmp-07-1024x609.png 1024w, https:\/\/bmp.al\/wp-content\/uploads\/2025\/07\/partner-bmp-07-768x457.png 768w, https:\/\/bmp.al\/wp-content\/uploads\/2025\/07\/partner-bmp-07-1536x913.png 1536w, https:\/\/bmp.al\/wp-content\/uploads\/2025\/07\/partner-bmp-07.png 1964w\" sizes=\"(max-width: 300px) 100vw, 300px\" \/>\t\t\t\t\t\t\t\t\t\t\t\t\t\t\t<\/div>\n\t\t\t\t\t<\/div>\n\t\t<\/div>\n\t\t\t\t\t<\/div>\n\t\t<\/section>\n\t\t\t\t<\/div>","protected":false},"excerpt":{"rendered":"<p>SHKFSH \u2013 Shoqata e Kontabilist\u00ebve dhe Financier\u00ebve t\u00eb Shqip\u00ebris\u00eb \u00cbsht\u00eb njohur me vendimin e Bordit t\u00eb Mbik\u00ebqyrjes Publike Nr. 14 dat\u00eb 21.05.2024 \u201cLidhur me njohjen e plot\u00eb t\u00eb organizat\u00ebs profesionale t\u00eb kontabilist\u00ebve t\u00eb miratuar SHKFSH\u201d.<\/p>","protected":false},"author":1,"featured_media":0,"parent":0,"menu_order":0,"comment_status":"closed","ping_status":"closed","template":"","meta":{"footnotes":""},"class_list":["post-19186","page","type-page","status-publish","hentry"],"_links":{"self":[{"href":"https:\/\/bmp.al\/en\/wp-json\/wp\/v2\/pages\/19186","targetHints":{"allow":["GET"]}}],"collection":[{"href":"https:\/\/bmp.al\/en\/wp-json\/wp\/v2\/pages"}],"about":[{"href":"https:\/\/bmp.al\/en\/wp-json\/wp\/v2\/types\/page"}],"author":[{"embeddable":true,"href":"https:\/\/bmp.al\/en\/wp-json\/wp\/v2\/users\/1"}],"replies":[{"embeddable":true,"href":"https:\/\/bmp.al\/en\/wp-json\/wp\/v2\/comments?post=19186"}],"version-history":[{"count":28,"href":"https:\/\/bmp.al\/en\/wp-json\/wp\/v2\/pages\/19186\/revisions"}],"predecessor-version":[{"id":21508,"href":"https:\/\/bmp.al\/en\/wp-json\/wp\/v2\/pages\/19186\/revisions\/21508"}],"wp:attachment":[{"href":"https:\/\/bmp.al\/en\/wp-json\/wp\/v2\/media?parent=19186"}],"curies":[{"name":"wp","href":"https:\/\/api.w.org\/{rel}","templated":true}]}}