{"id":19191,"date":"2025-07-10T13:54:24","date_gmt":"2025-07-10T13:54:24","guid":{"rendered":"https:\/\/bmp.al\/?page_id=19191"},"modified":"2025-08-14T13:10:02","modified_gmt":"2025-08-14T13:10:02","slug":"regjistri-i-konsoliduar","status":"publish","type":"page","link":"http:\/\/bmp.al\/en\/regjistri-i-konsoliduar\/","title":{"rendered":"Regjistri i konsoliduar"},"content":{"rendered":"<div data-elementor-type=\"wp-page\" data-elementor-id=\"19191\" class=\"elementor elementor-19191\">\n\t\t\t\t\t\t<section class=\"elementor-section elementor-top-section elementor-element elementor-element-b63e63a elementor-section-boxed elementor-section-height-default elementor-section-height-default\" data-id=\"b63e63a\" data-element_type=\"section\" data-e-type=\"section\">\n\t\t\t\t\t\t<div class=\"elementor-container elementor-column-gap-default\">\n\t\t\t\t\t<div class=\"elementor-column elementor-col-100 elementor-top-column elementor-element elementor-element-54a0755\" data-id=\"54a0755\" data-element_type=\"column\" data-e-type=\"column\">\n\t\t\t<div class=\"elementor-widget-wrap elementor-element-populated\">\n\t\t\t\t\t\t<div class=\"elementor-element elementor-element-908a58a elementor-widget elementor-widget-text-editor\" data-id=\"908a58a\" data-element_type=\"widget\" data-e-type=\"widget\" data-widget_type=\"text-editor.default\">\n\t\t\t\t\t\t\t\t\t<h5>Regjistri i konsoliduar Kontabilist\u00eb t\u00eb Miratuar Persona Fizik\u00eb .\u00a0<a href=\"https:\/\/bmp.al\/wp-content\/uploads\/2023\/08\/Regjistri-Publik-i-Konsoliduar-i-Kontabilisteve-te-Miratuar-PF-31-Korrik-2023.xlsx\">Shiko k\u00ebtu<\/a><\/h5><h5>Regjistri i konsoliduar i Shoq\u00ebrive t\u00eb Kontabilitetit .\u00a0<a href=\"https:\/\/bmp.al\/wp-content\/uploads\/2023\/08\/Regjistri-Publik-i-Konsoliduar-i-Shoqerive-te-Kontabilitetit-31-Korrik-2023.xlsx\">Shiko k\u00ebtu<\/a><\/h5>\t\t\t\t\t\t\t\t<\/div>\n\t\t\t\t\t<\/div>\n\t\t<\/div>\n\t\t\t\t\t<\/div>\n\t\t<\/section>\n\t\t\t\t<\/div>","protected":false},"excerpt":{"rendered":"<p>Regjistri i konsoliduar Kontabilist\u00eb t\u00eb Miratuar Persona Fizik\u00eb .\u00a0Shiko k\u00ebtu Regjistri i konsoliduar i Shoq\u00ebrive t\u00eb Kontabilitetit .\u00a0Shiko k\u00ebtu<\/p>","protected":false},"author":1,"featured_media":0,"parent":0,"menu_order":0,"comment_status":"closed","ping_status":"closed","template":"","meta":{"footnotes":""},"class_list":["post-19191","page","type-page","status-publish","hentry"],"_links":{"self":[{"href":"http:\/\/bmp.al\/en\/wp-json\/wp\/v2\/pages\/19191","targetHints":{"allow":["GET"]}}],"collection":[{"href":"http:\/\/bmp.al\/en\/wp-json\/wp\/v2\/pages"}],"about":[{"href":"http:\/\/bmp.al\/en\/wp-json\/wp\/v2\/types\/page"}],"author":[{"embeddable":true,"href":"http:\/\/bmp.al\/en\/wp-json\/wp\/v2\/users\/1"}],"replies":[{"embeddable":true,"href":"http:\/\/bmp.al\/en\/wp-json\/wp\/v2\/comments?post=19191"}],"version-history":[{"count":10,"href":"http:\/\/bmp.al\/en\/wp-json\/wp\/v2\/pages\/19191\/revisions"}],"predecessor-version":[{"id":21511,"href":"http:\/\/bmp.al\/en\/wp-json\/wp\/v2\/pages\/19191\/revisions\/21511"}],"wp:attachment":[{"href":"http:\/\/bmp.al\/en\/wp-json\/wp\/v2\/media?parent=19191"}],"curies":[{"name":"wp","href":"https:\/\/api.w.org\/{rel}","templated":true}]}}