{"id":19181,"date":"2025-07-10T13:50:51","date_gmt":"2025-07-10T13:50:51","guid":{"rendered":"https:\/\/bmp.al\/?page_id=19181"},"modified":"2025-08-19T08:45:32","modified_gmt":"2025-08-19T08:45:32","slug":"ikm","status":"publish","type":"page","link":"http:\/\/bmp.al\/en\/ikm\/","title":{"rendered":"IKM"},"content":{"rendered":"<div data-elementor-type=\"wp-page\" data-elementor-id=\"19181\" class=\"elementor elementor-19181\">\n\t\t\t\t\t\t<section class=\"elementor-section elementor-top-section elementor-element elementor-element-d30890a elementor-section-boxed elementor-section-height-default elementor-section-height-default\" data-id=\"d30890a\" data-element_type=\"section\" data-e-type=\"section\">\n\t\t\t\t\t\t<div class=\"elementor-container elementor-column-gap-default\">\n\t\t\t\t\t<div class=\"elementor-column elementor-col-50 elementor-top-column elementor-element elementor-element-3cdf961\" data-id=\"3cdf961\" data-element_type=\"column\" data-e-type=\"column\">\n\t\t\t<div class=\"elementor-widget-wrap elementor-element-populated\">\n\t\t\t\t\t\t<div class=\"elementor-element elementor-element-aafccb3 elementor-widget elementor-widget-heading\" data-id=\"aafccb3\" data-element_type=\"widget\" data-e-type=\"widget\" data-widget_type=\"heading.default\">\n\t\t\t\t\t<h2 class=\"elementor-heading-title elementor-size-default\"><a href=\"https:\/\/ikm.org.al\/\">IKM \u2013 INSTITUTI I KONTABILIST\u00cbVE T\u00cb MIRATUAR<\/a><\/h2>\t\t\t\t<\/div>\n\t\t\t\t<div class=\"elementor-element elementor-element-a0b4920 elementor-widget elementor-widget-text-editor\" data-id=\"a0b4920\" data-element_type=\"widget\" data-e-type=\"widget\" data-widget_type=\"text-editor.default\">\n\t\t\t\t\t\t\t\t\t<p style=\"margin-bottom: 0;\">Recognized by Decision of the Public Oversight Board No. 79, dated 22.12.2022, \u201cOn the full recognition of the professional organization of certified accountants \u2013 IKM.\u201d<\/p>\t\t\t\t\t\t\t\t<\/div>\n\t\t\t\t\t<\/div>\n\t\t<\/div>\n\t\t\t\t<div class=\"elementor-column elementor-col-50 elementor-top-column elementor-element elementor-element-9b23a88\" data-id=\"9b23a88\" data-element_type=\"column\" data-e-type=\"column\">\n\t\t\t<div class=\"elementor-widget-wrap elementor-element-populated\">\n\t\t\t\t\t\t<div class=\"elementor-element elementor-element-099721a elementor-widget elementor-widget-spacer\" data-id=\"099721a\" data-element_type=\"widget\" data-e-type=\"widget\" data-widget_type=\"spacer.default\">\n\t\t\t\t\t\t\t<div class=\"elementor-spacer\">\n\t\t\t<div class=\"elementor-spacer-inner\"><\/div>\n\t\t<\/div>\n\t\t\t\t\t\t<\/div>\n\t\t\t\t<div class=\"elementor-element elementor-element-304b34a elementor-widget elementor-widget-image\" data-id=\"304b34a\" data-element_type=\"widget\" data-e-type=\"widget\" data-widget_type=\"image.default\">\n\t\t\t\t\t\t\t\t\t\t\t\t\t\t\t<img decoding=\"async\" width=\"200\" height=\"100\" src=\"https:\/\/bmp.al\/wp-content\/uploads\/2025\/08\/ikm.png\" class=\"attachment-gimont_medium size-gimont_medium wp-image-21406\" alt=\"\" srcset=\"https:\/\/bmp.al\/wp-content\/uploads\/2025\/08\/ikm.png 200w, https:\/\/bmp.al\/wp-content\/uploads\/2025\/08\/elementor\/thumbs\/ikm-150x100.png 300w, https:\/\/bmp.al\/wp-content\/uploads\/2025\/08\/elementor\/thumbs\/ikm-150x100.png 500w\" sizes=\"(max-width: 200px) 100vw, 200px\" \/>\t\t\t\t\t\t\t\t\t\t\t\t\t\t\t<\/div>\n\t\t\t\t\t<\/div>\n\t\t<\/div>\n\t\t\t\t\t<\/div>\n\t\t<\/section>\n\t\t\t\t<\/div>","protected":false},"excerpt":{"rendered":"<p>IKM \u2013 INSTITUTI I KONTABILIST\u00cbVE T\u00cb MIRATUAR \u00cbsht\u00eb njohur me vendimin e Bordit t\u00eb Mbik\u00ebqyrjes Publike Nr. 79 dat\u00eb 22.12.2022 \u201cLidhur me njohjen e plot\u00eb t\u00eb organizat\u00ebs profesionale t\u00eb kontabilist\u00ebve t\u00eb miratuar IKM\u201d<\/p>","protected":false},"author":1,"featured_media":0,"parent":0,"menu_order":0,"comment_status":"closed","ping_status":"closed","template":"","meta":{"footnotes":""},"class_list":["post-19181","page","type-page","status-publish","hentry"],"_links":{"self":[{"href":"http:\/\/bmp.al\/en\/wp-json\/wp\/v2\/pages\/19181","targetHints":{"allow":["GET"]}}],"collection":[{"href":"http:\/\/bmp.al\/en\/wp-json\/wp\/v2\/pages"}],"about":[{"href":"http:\/\/bmp.al\/en\/wp-json\/wp\/v2\/types\/page"}],"author":[{"embeddable":true,"href":"http:\/\/bmp.al\/en\/wp-json\/wp\/v2\/users\/1"}],"replies":[{"embeddable":true,"href":"http:\/\/bmp.al\/en\/wp-json\/wp\/v2\/comments?post=19181"}],"version-history":[{"count":10,"href":"http:\/\/bmp.al\/en\/wp-json\/wp\/v2\/pages\/19181\/revisions"}],"predecessor-version":[{"id":21526,"href":"http:\/\/bmp.al\/en\/wp-json\/wp\/v2\/pages\/19181\/revisions\/21526"}],"wp:attachment":[{"href":"http:\/\/bmp.al\/en\/wp-json\/wp\/v2\/media?parent=19181"}],"curies":[{"name":"wp","href":"https:\/\/api.w.org\/{rel}","templated":true}]}}